{"id":3285,"date":"2021-02-11T09:08:27","date_gmt":"2021-02-11T09:08:27","guid":{"rendered":"https:\/\/rynkowskidesign.pl\/?page_id=3285"},"modified":"2025-02-03T16:52:06","modified_gmt":"2025-02-03T16:52:06","slug":"obiekty-handlowo-uslugowe","status":"publish","type":"page","link":"https:\/\/rynkowskidesign.pl\/index.php\/obiekty-handlowo-uslugowe\/","title":{"rendered":"Cennik &#8211; projekty obiekt\u00f3w handlowo-us\u0142ugowych"},"content":{"rendered":"\n<div id=\"wp-block-themeisle-blocks-advanced-columns-40d3fa99\" class=\"wp-block-themeisle-blocks-advanced-columns alignfull has-1-columns has-desktop-equal-layout has-tablet-equal-layout has-mobile-equal-layout has-vertical-unset has-light-bg\"><div class=\"wp-block-themeisle-blocks-advanced-columns-overlay\"><\/div><div class=\"innerblocks-wrap\">\n<div id=\"wp-block-themeisle-blocks-advanced-column-89eb726d\" class=\"wp-block-themeisle-blocks-advanced-column\">\n<div id=\"wp-block-themeisle-blocks-advanced-columns-f9f026cb\" class=\"wp-block-themeisle-blocks-advanced-columns has-4-columns has-desktop-equal-layout has-tablet-twoColumnGrid-layout has-mobile-collapsedRows-layout has-vertical-unset\"><div class=\"wp-block-themeisle-blocks-advanced-columns-overlay\"><\/div><div class=\"innerblocks-wrap\">\n<div id=\"wp-block-themeisle-blocks-advanced-column-2a77fe32\" class=\"wp-block-themeisle-blocks-advanced-column has-light-bg\">\n<div class=\"wp-block-themeisle-blocks-service\">\n<div id=\"wp-block-themeisle-blocks-font-awesome-icons-783076ae\" class=\"wp-block-themeisle-blocks-font-awesome-icons\"><span class=\"wp-block-themeisle-blocks-font-awesome-icons-container\"><svg xmlns=\"http:\/\/www.w3.org\/2000\/svg\" viewBox=\"0 0 1800 1800\"><path d=\"M241.023,324.818c0.252,0,0.505,0.035,0.758,0.035h465.68c17.266,0,31.256-13.99,31.256-31.252 c0-17.262-13.99-31.247-31.256-31.247H351.021h-109.24c-17.258,0-31.252,13.985-31.252,31.247 C210.529,310.605,224.121,324.412,241.023,324.818z\"><\/path><path d=\"M210.529,450.306c0,17.257,13.994,31.252,31.252,31.252h769.451c17.262,0,31.256-13.995,31.256-31.252 c0-17.266-13.994-31.252-31.256-31.252H241.781C224.523,419.054,210.529,433.04,210.529,450.306z\"><\/path><path d=\"M1011.232,575.751H241.781c-8.149,0-15.549,3.147-21.116,8.261c-6.213,5.712-10.136,13.879-10.136,22.987 c0,17.262,13.994,31.26,31.252,31.26h769.451c17.262,0,31.256-13.999,31.256-31.26c0-9.108-3.923-17.275-10.141-22.987 C1026.781,578.898,1019.386,575.751,1011.232,575.751z\"><\/path><path d=\"M1011.232,732.461H241.781c-17.258,0-31.252,13.99-31.252,31.247c0,17.262,13.994,31.257,31.252,31.257 h769.451c17.262,0,31.256-13.995,31.256-31.257C1042.488,746.451,1028.494,732.461,1011.232,732.461z\"><\/path><path d=\"M1011.232,889.157H241.781c-8.149,0-15.549,3.147-21.116,8.261c-6.213,5.713-10.136,13.879-10.136,22.987 c0,17.257,13.994,31.261,31.252,31.261h769.451c17.262,0,31.256-14.004,31.256-31.261c0-9.108-3.923-17.274-10.141-22.987 C1026.781,892.305,1019.386,889.157,1011.232,889.157z\"><\/path><path d=\"M1011.232,1045.867H241.781c-17.258,0-31.252,13.99-31.252,31.243c0,17.271,13.994,31.265,31.252,31.265 h769.451c17.262,0,31.256-13.994,31.256-31.265C1042.488,1059.857,1028.494,1045.867,1011.232,1045.867z\"><\/path><path d=\"M1011.232,1202.576H241.781c-17.258,0-31.252,13.995-31.252,31.252c0,17.258,13.994,31.252,31.252,31.252 h769.451c17.262,0,31.256-13.994,31.256-31.252C1042.488,1216.571,1028.494,1202.576,1011.232,1202.576z\"><\/path><path d=\"M1011.232,1359.273H241.781c-8.149,0-15.549,3.151-21.116,8.265c-6.213,5.713-10.136,13.875-10.136,22.987 c0,17.258,13.994,31.261,31.252,31.261h769.451c17.262,0,31.256-14.003,31.256-31.261c0-9.112-3.923-17.274-10.141-22.987 C1026.781,1362.425,1019.386,1359.273,1011.232,1359.273z\"><\/path><path d=\"M1233.542,251.228l-49.851-45.109L1052.136,87.076l-59.185-53.554c-5.293-4.792-11.947-7.421-18.786-7.836 h-3.49H83.676c-45.688,0-82.858,37.375-82.858,83.316v1583.612c0,45.94,37.17,83.316,82.858,83.316h1078.562 c45.68,0,82.845-37.376,82.845-83.316V277.08v-3.182C1244.646,264.73,1240.261,256.589,1233.542,251.228z M1003.117,125.864 l131.119,118.657h-131.119V125.864z M1183.691,1692.613c0,12.094-9.622,21.926-21.454,21.926H83.676 c-11.836,0-21.467-9.832-21.467-21.926V109.001c0-12.089,9.631-21.925,21.467-21.925h857.857V275.38 c0,17.052,13.785,30.862,30.786,30.862h211.372V1692.613z\"><\/path><path d=\"M1798.578,180.737c-7.049-88.305-81.114-158.02-171.205-158.02c-0.004,0-0.004,0-0.004,0 c-45.889,0-89.033,17.874-121.479,50.32c-29.18,29.175-46.519,67.005-49.73,107.699h-0.586v13.609c0,0.06-0.005,0.115-0.005,0.175 c0,0.026,0.005,0.056,0.005,0.082l-0.005,1369.26h0.197c0.557,5.404,2.522,10.731,6.047,15.373l141.135,185.91 c5.803,7.648,14.851,12.136,24.447,12.136c9.601-0.004,18.646-4.496,24.447-12.14l141.093-185.897 c3.528-4.65,5.494-9.982,6.051-15.391h0.197V180.737H1798.578z M1549.299,116.448c20.854-20.855,48.578-32.339,78.07-32.339h0.004 c50.24,0,92.746,33.723,106.076,79.718h-212.19C1526.358,146.098,1535.896,129.852,1549.299,116.448z M1595.372,1502.468 l-78.413,0.005l0.005-1260.345h220.828v1260.336h-81.103l0.009-1016.486l-61.335,0.004L1595.372,1502.468z M1627.382,1695.821 l-100.171-131.963l200.338-0.004L1627.382,1695.821z\"><\/path><\/svg><\/span><\/div>\n\n\n\n<h5 id=\"wp-block-themeisle-blocks-advanced-heading-1463597d\" class=\"wp-block-themeisle-blocks-advanced-heading wp-block-themeisle-blocks-advanced-heading-1463597d\">PROJEKT ZAGOSPODAROWANIA <\/h5>\n\n\n\n<p id=\"wp-block-themeisle-blocks-advanced-heading-47a31aa9\" class=\"wp-block-themeisle-blocks-advanced-heading wp-block-themeisle-blocks-advanced-heading-47a31aa9\">Analiza terenu przysz\u0142ej inwestycji pod k\u0105tem maksymalnej mo\u017cliwo\u015bci zabudowy<br><br><strong>5000 z\u0142 netto<\/strong><br>(6150 z\u0142 brutto)<\/p>\n<\/div>\n<\/div>\n\n\n\n<div id=\"wp-block-themeisle-blocks-advanced-column-7e582d92\" class=\"wp-block-themeisle-blocks-advanced-column has-light-bg\">\n<div class=\"wp-block-themeisle-blocks-service\">\n<div id=\"wp-block-themeisle-blocks-font-awesome-icons-56889947\" class=\"wp-block-themeisle-blocks-font-awesome-icons\"><span class=\"wp-block-themeisle-blocks-font-awesome-icons-container\"><svg xmlns=\"http:\/\/www.w3.org\/2000\/svg\" viewBox=\"0 0 1800 1800\"><path d=\"M1715.855,4.642H84.157c-43.845,0-79.514,35.665-79.514,79.501v1631.71 c0,43.836,35.669,79.505,79.514,79.505h1631.698c43.837,0,79.502-35.669,79.502-79.505V84.143 C1795.357,40.307,1759.692,4.642,1715.855,4.642z M1715.855,1732.477H84.157c-9.172,0-16.633-7.457-16.633-16.624v-197.206 l588.122-588.126l571.393,571.401c6.141,6.136,14.186,9.207,22.234,9.207c8.044,0,16.093-3.071,22.233-9.207 c12.276-12.281,12.276-32.187,0-44.468L677.878,863.827c-6.139-6.141-14.185-9.209-22.231-9.207 c-8.047-0.002-16.093,3.068-22.231,9.207L67.524,1429.715V84.143c0-9.163,7.461-16.619,16.633-16.619h1631.698 c9.164,0,16.62,7.456,16.62,16.619v1332.726l-553.04-553.041c-2.303-2.303-4.873-4.171-7.611-5.612 c-11.859-6.237-26.879-4.364-36.857,5.612l-123.512,123.521c-12.277,12.277-12.277,32.182,0.004,44.464 c6.137,6.136,14.186,9.206,22.229,9.206s16.093-3.07,22.233-9.211l101.279-101.283l571.393,571.397 c1.219,1.215,2.531,2.28,3.882,3.255v210.676C1732.476,1725.02,1725.02,1732.477,1715.855,1732.477z\"><\/path><path d=\"M1088.885,560.165c0-97.651-79.443-177.1-177.095-177.1c-97.651,0-177.095,79.448-177.095,177.1 S814.139,737.26,911.79,737.26C1009.441,737.26,1088.885,657.816,1088.885,560.165z M911.79,674.379 c-62.978,0-114.213-51.236-114.213-114.214c0-62.982,51.236-114.218,114.213-114.218s114.214,51.235,114.214,114.218 C1026.004,623.143,974.768,674.379,911.79,674.379z\"><\/path><\/svg><\/span><\/div>\n\n\n\n<h5 id=\"wp-block-themeisle-blocks-advanced-heading-48357cf7\" class=\"wp-block-themeisle-blocks-advanced-heading wp-block-themeisle-blocks-advanced-heading-48357cf7\">PROJEKT KONCEPCYJNY<\/h5>\n\n\n\n<p id=\"wp-block-themeisle-blocks-advanced-heading-7ea5a941\" class=\"wp-block-themeisle-blocks-advanced-heading wp-block-themeisle-blocks-advanced-heading-7ea5a941\">Przedstawienie idei wykonania obiektu budowlanego w 3D.<br><br><br>Projekt koncepcyjny przedstawiany jest w formie rysunk\u00f3w architektonicznych o niewielkim stopniu uszczeg\u00f3\u0142owienia.<br><br><strong>15 000 z\u0142 netto<\/strong><br>(18 450 z\u0142 brutto)<\/p>\n<\/div>\n<\/div>\n\n\n\n<div id=\"wp-block-themeisle-blocks-advanced-column-f78a2b68\" class=\"wp-block-themeisle-blocks-advanced-column has-light-bg\">\n<div class=\"wp-block-themeisle-blocks-service\">\n<div id=\"wp-block-themeisle-blocks-font-awesome-icons-c53ef626\" class=\"wp-block-themeisle-blocks-font-awesome-icons\"><span class=\"wp-block-themeisle-blocks-font-awesome-icons-container\"><svg xmlns=\"http:\/\/www.w3.org\/2000\/svg\" viewBox=\"0 0 1800 1800\"><path d=\"M1764.199,1597.184h-323.761V853.397h154.119c17.438,0,31.572-14.134,31.572-31.572V712.784h141.549 c0.04,0,0.058,0,0.089,0c17.438,0,31.571-14.134,31.571-31.571c0-11.04-5.664-20.757-14.244-26.399L918.838,8.395 c-11.205-8.355-26.562-8.355-37.767,0L13.352,655.908C2.451,664.046-2.016,678.25,2.271,691.16 c4.285,12.91,16.362,21.624,29.964,21.624h141.549v109.042c0,17.438,14.135,31.572,31.572,31.572h154.115v743.786H35.719 c-17.438,0-31.572,14.13-31.572,31.572v137.545c0,17.434,14.134,31.572,31.572,31.572h1728.48 c17.438,0,31.572-14.139,31.572-31.572v-137.545C1795.771,1611.313,1781.637,1597.184,1764.199,1597.184z M899.953,73.094 l772.627,576.547H127.333L899.953,73.094z M1302.901,1596.117V867.153h74.394v728.964H1302.901z M1239.758,1597.184H1000.3 V853.397h239.458V1597.184z M862.753,867.153h74.403v728.964h-74.403V867.153z M236.927,715.852h1326.059v74.402H236.927V715.852z M497.016,867.153v728.964h-74.402V867.153H497.016z M560.16,853.397h239.449v743.786H560.16V853.397z M1732.628,1734.729H67.29 v-74.401h1665.338V1734.729z\"><\/path><path d=\"M899.998,568.438c-83.726,0-151.843-68.116-151.843-151.845s68.117-151.845,151.843-151.845 c83.733,0,151.849,68.116,151.849,151.845S983.73,568.438,899.998,568.438z M899.998,327.893 c-48.908,0-88.699,39.791-88.699,88.701s39.791,88.701,88.699,88.701c48.915,0,88.706-39.791,88.706-88.701 S948.912,327.893,899.998,327.893z\"><\/path><\/svg><\/span><\/div>\n\n\n\n<h5 id=\"wp-block-themeisle-blocks-advanced-heading-51f306f7\" class=\"wp-block-themeisle-blocks-advanced-heading wp-block-themeisle-blocks-advanced-heading-51f306f7\">PROJEKT <br>BUDOWLANY<\/h5>\n\n\n\n<p id=\"wp-block-themeisle-blocks-advanced-heading-82199f0c\" class=\"wp-block-themeisle-blocks-advanced-heading wp-block-themeisle-blocks-advanced-heading-82199f0c\">W sk\u0142ad ka\u017cdego indywidualnego wielobran\u017cowego projektu <br>w Rynkowski Design wchodzi: <br><br>\u2022 projekt koncepcyjny,<br> \u2022 analiza nas\u0142onecznienia, <br>\u2022 projekt zagospodarowania dzia\u0142ki, <br>\u2022 projekt architektoniczno-budowlany \u2022 projekt techniczny <br>b. architektura, <br>\u2022 projekt techniczny <br>b. konstrukcyjna, <br>\u2022 projekt techniczny <br>b. sanitarna, <br>\u2022 projekt techniczny <br>b. elektryczna, <br>\u2022 pe\u0142na obs\u0142uga urz\u0119dowa,<br>\u2022wizualizacja budynku <br>z zewn\u0105trz,<br><br>Dla powierzchni ca\u0142kowitej od 5000 m2: <strong>80 z\u0142 netto\/m2<\/strong> ( 98,40 z\u0142 brutto\/m2) <\/p>\n\n\n\n<p><\/p>\n\n\n\n<p id=\"wp-block-themeisle-blocks-advanced-heading-e4d5c59b\" class=\"wp-block-themeisle-blocks-advanced-heading wp-block-themeisle-blocks-advanced-heading-e4d5c59b\">Dla powierzchni ca\u0142kowitej od 2000 \u2013 5000 m2: <strong>120 z\u0142 netto\/m2<\/strong> ( 147,60 z\u0142 brutto\/m2) <\/p>\n\n\n\n<p><\/p>\n\n\n\n<p id=\"wp-block-themeisle-blocks-advanced-heading-7b917905\" class=\"wp-block-themeisle-blocks-advanced-heading wp-block-themeisle-blocks-advanced-heading-7b917905\">Dla powierzchni ca\u0142kowitej od 1000 \u2013 2000 m2: <strong>150 z\u0142 netto\/m2 <\/strong>(184, 50 z\u0142 brutto\/m2) <\/p>\n\n\n\n<p><\/p>\n\n\n\n<p id=\"wp-block-themeisle-blocks-advanced-heading-d37382af\" class=\"wp-block-themeisle-blocks-advanced-heading wp-block-themeisle-blocks-advanced-heading-d37382af\">Dla powierzchni ca\u0142kowitej do 1000m2: cena ustalana indywidualnie.<\/p>\n<\/div>\n<\/div>\n\n\n\n<div id=\"wp-block-themeisle-blocks-advanced-column-769a13cd\" class=\"wp-block-themeisle-blocks-advanced-column has-light-bg\">\n<div class=\"wp-block-themeisle-blocks-service\">\n<div id=\"wp-block-themeisle-blocks-font-awesome-icons-285e16c2\" class=\"wp-block-themeisle-blocks-font-awesome-icons\"><span class=\"wp-block-themeisle-blocks-font-awesome-icons-container\"><svg xmlns=\"http:\/\/www.w3.org\/2000\/svg\" viewBox=\"0 0 1800 1800\"><path d=\"M246.051,1796.104c-2.663,0-5.348-0.336-7.992-1.025l-166.817-43.505 c-11.095-2.895-19.762-11.557-22.656-22.654L5.044,1562.08c-2.839-10.881,0.3-22.446,8.251-30.397l101.307-101.312 c0.476-0.544,0.968-1.069,1.481-1.587l668.3-668.298c-43.625-93.255-59.486-199.569-44.681-301.964 c16.48-114,68.356-217.425,150.023-299.096C990.027,59.131,1123.381,3.896,1265.223,3.896 c141.839,0,275.184,55.23,375.479,155.521c207.043,207.047,207.043,543.934,0,750.977 c-100.277,100.277-233.622,155.512-375.456,155.517c-77.911,0.005-155.419-17.284-225.608-50.161l-198.6,198.589 c-5.219,5.22-12.101,8.454-19.45,9.14l-96.017,8.972l-8.967,96.021c-0.686,7.35-3.92,14.23-9.14,19.454l-0.805,0.805 c-5.224,5.219-12.104,8.454-19.454,9.14l-96.02,8.967l-8.965,96.018c-0.689,7.371-3.938,14.27-9.184,19.498l-1.237,1.233 c-5.215,5.197-12.081,8.414-19.413,9.1l-95.584,8.927l-8.925,95.58c-0.688,7.354-3.92,14.235-9.144,19.459l-67.392,67.384 c-0.521,0.521-1.057,1.021-1.604,1.498l-101.283,101.289C262.438,1792.842,254.346,1796.104,246.051,1796.104z M105.198,1694.951 l131.287,34.242l90.004-90.012c0.518-0.517,1.05-1.017,1.598-1.494l57.77-57.762l10.304-110.354 c1.417-15.167,13.429-27.18,28.596-28.598l96.718-9.034l9.069-97.144c1.416-15.168,13.429-27.18,28.596-28.599l96.753-9.038 l9.038-96.755c1.419-15.163,13.427-27.176,28.594-28.594l110.792-10.351l206.612-206.602c9.797-9.802,24.846-12.091,37.114-5.652 c66.53,34.905,141.635,53.353,217.198,53.348c124.917-0.005,242.346-48.646,330.656-136.959 c182.347-182.343,182.347-479.03,0-661.377c-88.318-88.323-205.758-136.964-330.674-136.964 c-124.92,0-242.363,48.645-330.699,136.977C788.967,349.79,755.365,569.959,850.918,752.09 c6.444,12.277,4.154,27.312-5.648,37.119l-682.855,682.847c-0.473,0.543-0.966,1.073-1.479,1.586l-90.005,90.003L105.198,1694.951 z\"><\/path><path d=\"M1273.541,713.839c-48.809,0-94.691-19.008-129.203-53.524c-71.242-71.242-71.246-187.168-0.01-258.411 c34.512-34.512,80.395-53.52,129.203-53.52s94.701,19.008,129.217,53.52c34.516,34.516,53.523,80.403,53.523,129.208 c0,48.809-19.008,94.696-53.523,129.208C1368.236,694.831,1322.35,713.839,1273.541,713.839z M1273.531,411.742 c-31.881,0-61.854,12.414-84.398,34.958c-46.541,46.541-46.537,122.273,0.01,168.814c22.543,22.548,52.516,34.967,84.398,34.967 c31.887,0,61.863-12.418,84.407-34.967c22.548-22.543,34.966-52.517,34.966-84.403c0-31.882-12.418-61.859-34.966-84.403 C1335.4,424.161,1305.418,411.742,1273.531,411.742z\"><\/path><\/svg><\/span><\/div>\n\n\n\n<h5 id=\"wp-block-themeisle-blocks-advanced-heading-ddd5f687\" class=\"wp-block-themeisle-blocks-advanced-heading wp-block-themeisle-blocks-advanced-heading-ddd5f687\">PROJEKT WYKONAWCZY<\/h5>\n\n\n\n<p id=\"wp-block-themeisle-blocks-advanced-heading-6113e793\" class=\"wp-block-themeisle-blocks-advanced-heading wp-block-themeisle-blocks-advanced-heading-6113e793\">Projekt wykonawczy powstaje po uzyskaniu potrzebnych zezwole\u0144 i zawiera rzuty, przekroje, elewacje, wizualizacje oraz wszystkie szczeg\u00f3\u0142y wyja\u015bniaj\u0105ce spos\u00f3b budowy, w tym rysunki detali budowlanych .<br><br><br><strong>Cena ustalana indywidualnie<\/strong>.<br><\/p>\n<\/div>\n<\/div>\n<\/div><\/div>\n<\/div>\n<\/div><\/div>\n","protected":false},"excerpt":{"rendered":"","protected":false},"author":1,"featured_media":0,"parent":0,"menu_order":0,"comment_status":"closed","ping_status":"closed","template":"","meta":{"neve_meta_sidebar":"full-width","neve_meta_container":"","neve_meta_enable_content_width":"on","neve_meta_content_width":100,"neve_meta_title_alignment":"","neve_meta_author_avatar":"","neve_post_elements_order":"","neve_meta_disable_header":"","neve_meta_disable_footer":"","neve_meta_disable_title":"","_themeisle_gutenberg_block_has_review":false},"yoast_head":"<!-- This site is optimized with the Yoast SEO plugin v21.4 - https:\/\/yoast.com\/wordpress\/plugins\/seo\/ -->\n<title>Cennik - projekty obiekt\u00f3w handlowo-us\u0142ugowych - Architekt Pozna\u0144 - projekty dom\u00f3w, projekty wn\u0119trz<\/title>\n<meta name=\"robots\" content=\"index, follow, max-snippet:-1, max-image-preview:large, max-video-preview:-1\" \/>\n<link rel=\"canonical\" href=\"https:\/\/rynkowskidesign.pl\/index.php\/obiekty-handlowo-uslugowe\/\" \/>\n<meta property=\"og:locale\" content=\"en_US\" \/>\n<meta property=\"og:type\" content=\"article\" \/>\n<meta property=\"og:title\" content=\"Cennik - projekty obiekt\u00f3w handlowo-us\u0142ugowych - Architekt Pozna\u0144 - projekty dom\u00f3w, projekty wn\u0119trz\" \/>\n<meta property=\"og:url\" content=\"https:\/\/rynkowskidesign.pl\/index.php\/obiekty-handlowo-uslugowe\/\" \/>\n<meta property=\"og:site_name\" content=\"Architekt Pozna\u0144 - projekty dom\u00f3w, projekty wn\u0119trz\" \/>\n<meta property=\"article:publisher\" content=\"https:\/\/www.facebook.com\/RynkowskiDesign\" \/>\n<meta property=\"article:modified_time\" content=\"2025-02-03T16:52:06+00:00\" \/>\n<meta name=\"twitter:card\" content=\"summary_large_image\" \/>\n<meta name=\"twitter:label1\" content=\"Est. reading time\" \/>\n\t<meta name=\"twitter:data1\" content=\"1 minute\" \/>\n<script type=\"application\/ld+json\" class=\"yoast-schema-graph\">{\"@context\":\"https:\/\/schema.org\",\"@graph\":[{\"@type\":\"WebPage\",\"@id\":\"https:\/\/rynkowskidesign.pl\/index.php\/obiekty-handlowo-uslugowe\/\",\"url\":\"https:\/\/rynkowskidesign.pl\/index.php\/obiekty-handlowo-uslugowe\/\",\"name\":\"Cennik - projekty obiekt\u00f3w handlowo-us\u0142ugowych - Architekt Pozna\u0144 - projekty dom\u00f3w, projekty wn\u0119trz\",\"isPartOf\":{\"@id\":\"https:\/\/rynkowskidesign.pl\/#website\"},\"datePublished\":\"2021-02-11T09:08:27+00:00\",\"dateModified\":\"2025-02-03T16:52:06+00:00\",\"breadcrumb\":{\"@id\":\"https:\/\/rynkowskidesign.pl\/index.php\/obiekty-handlowo-uslugowe\/#breadcrumb\"},\"inLanguage\":\"en-US\",\"potentialAction\":[{\"@type\":\"ReadAction\",\"target\":[\"https:\/\/rynkowskidesign.pl\/index.php\/obiekty-handlowo-uslugowe\/\"]}]},{\"@type\":\"BreadcrumbList\",\"@id\":\"https:\/\/rynkowskidesign.pl\/index.php\/obiekty-handlowo-uslugowe\/#breadcrumb\",\"itemListElement\":[{\"@type\":\"ListItem\",\"position\":1,\"name\":\"Home\",\"item\":\"https:\/\/rynkowskidesign.pl\/\"},{\"@type\":\"ListItem\",\"position\":2,\"name\":\"Cennik &#8211; projekty obiekt\u00f3w handlowo-us\u0142ugowych\"}]},{\"@type\":\"WebSite\",\"@id\":\"https:\/\/rynkowskidesign.pl\/#website\",\"url\":\"https:\/\/rynkowskidesign.pl\/\",\"name\":\"Architekt Pozna\u0144 - projekty dom\u00f3w, projekty wn\u0119trz\",\"description\":\"Rynkowski Design\",\"publisher\":{\"@id\":\"https:\/\/rynkowskidesign.pl\/#organization\"},\"potentialAction\":[{\"@type\":\"SearchAction\",\"target\":{\"@type\":\"EntryPoint\",\"urlTemplate\":\"https:\/\/rynkowskidesign.pl\/?s={search_term_string}\"},\"query-input\":\"required name=search_term_string\"}],\"inLanguage\":\"en-US\"},{\"@type\":\"Organization\",\"@id\":\"https:\/\/rynkowskidesign.pl\/#organization\",\"name\":\"Rynkowski Design\",\"url\":\"https:\/\/rynkowskidesign.pl\/\",\"logo\":{\"@type\":\"ImageObject\",\"inLanguage\":\"en-US\",\"@id\":\"https:\/\/rynkowskidesign.pl\/#\/schema\/logo\/image\/\",\"url\":\"https:\/\/rynkowskidesign.pl\/wp-content\/uploads\/2018\/05\/cropped-2.png\",\"contentUrl\":\"https:\/\/rynkowskidesign.pl\/wp-content\/uploads\/2018\/05\/cropped-2.png\",\"width\":512,\"height\":512,\"caption\":\"Rynkowski Design\"},\"image\":{\"@id\":\"https:\/\/rynkowskidesign.pl\/#\/schema\/logo\/image\/\"},\"sameAs\":[\"https:\/\/www.facebook.com\/RynkowskiDesign\",\"https:\/\/www.instagram.com\/rynkowskidesign\/\",\"https:\/\/www.youtube.com\/channel\/UCzBFs6JGA0RxNvGBJmxe5nQ\"]}]}<\/script>\n<!-- \/ Yoast SEO plugin. -->","yoast_head_json":{"title":"Cennik - projekty obiekt\u00f3w handlowo-us\u0142ugowych - Architekt Pozna\u0144 - projekty dom\u00f3w, projekty wn\u0119trz","robots":{"index":"index","follow":"follow","max-snippet":"max-snippet:-1","max-image-preview":"max-image-preview:large","max-video-preview":"max-video-preview:-1"},"canonical":"https:\/\/rynkowskidesign.pl\/index.php\/obiekty-handlowo-uslugowe\/","og_locale":"en_US","og_type":"article","og_title":"Cennik - projekty obiekt\u00f3w handlowo-us\u0142ugowych - Architekt Pozna\u0144 - projekty dom\u00f3w, projekty wn\u0119trz","og_url":"https:\/\/rynkowskidesign.pl\/index.php\/obiekty-handlowo-uslugowe\/","og_site_name":"Architekt Pozna\u0144 - projekty dom\u00f3w, projekty wn\u0119trz","article_publisher":"https:\/\/www.facebook.com\/RynkowskiDesign","article_modified_time":"2025-02-03T16:52:06+00:00","twitter_card":"summary_large_image","twitter_misc":{"Est. reading time":"1 minute"},"schema":{"@context":"https:\/\/schema.org","@graph":[{"@type":"WebPage","@id":"https:\/\/rynkowskidesign.pl\/index.php\/obiekty-handlowo-uslugowe\/","url":"https:\/\/rynkowskidesign.pl\/index.php\/obiekty-handlowo-uslugowe\/","name":"Cennik - projekty obiekt\u00f3w handlowo-us\u0142ugowych - Architekt Pozna\u0144 - projekty dom\u00f3w, projekty wn\u0119trz","isPartOf":{"@id":"https:\/\/rynkowskidesign.pl\/#website"},"datePublished":"2021-02-11T09:08:27+00:00","dateModified":"2025-02-03T16:52:06+00:00","breadcrumb":{"@id":"https:\/\/rynkowskidesign.pl\/index.php\/obiekty-handlowo-uslugowe\/#breadcrumb"},"inLanguage":"en-US","potentialAction":[{"@type":"ReadAction","target":["https:\/\/rynkowskidesign.pl\/index.php\/obiekty-handlowo-uslugowe\/"]}]},{"@type":"BreadcrumbList","@id":"https:\/\/rynkowskidesign.pl\/index.php\/obiekty-handlowo-uslugowe\/#breadcrumb","itemListElement":[{"@type":"ListItem","position":1,"name":"Home","item":"https:\/\/rynkowskidesign.pl\/"},{"@type":"ListItem","position":2,"name":"Cennik &#8211; projekty obiekt\u00f3w handlowo-us\u0142ugowych"}]},{"@type":"WebSite","@id":"https:\/\/rynkowskidesign.pl\/#website","url":"https:\/\/rynkowskidesign.pl\/","name":"Architekt Pozna\u0144 - projekty dom\u00f3w, projekty wn\u0119trz","description":"Rynkowski Design","publisher":{"@id":"https:\/\/rynkowskidesign.pl\/#organization"},"potentialAction":[{"@type":"SearchAction","target":{"@type":"EntryPoint","urlTemplate":"https:\/\/rynkowskidesign.pl\/?s={search_term_string}"},"query-input":"required name=search_term_string"}],"inLanguage":"en-US"},{"@type":"Organization","@id":"https:\/\/rynkowskidesign.pl\/#organization","name":"Rynkowski Design","url":"https:\/\/rynkowskidesign.pl\/","logo":{"@type":"ImageObject","inLanguage":"en-US","@id":"https:\/\/rynkowskidesign.pl\/#\/schema\/logo\/image\/","url":"https:\/\/rynkowskidesign.pl\/wp-content\/uploads\/2018\/05\/cropped-2.png","contentUrl":"https:\/\/rynkowskidesign.pl\/wp-content\/uploads\/2018\/05\/cropped-2.png","width":512,"height":512,"caption":"Rynkowski Design"},"image":{"@id":"https:\/\/rynkowskidesign.pl\/#\/schema\/logo\/image\/"},"sameAs":["https:\/\/www.facebook.com\/RynkowskiDesign","https:\/\/www.instagram.com\/rynkowskidesign\/","https:\/\/www.youtube.com\/channel\/UCzBFs6JGA0RxNvGBJmxe5nQ"]}]}},"_links":{"self":[{"href":"https:\/\/rynkowskidesign.pl\/index.php\/wp-json\/wp\/v2\/pages\/3285"}],"collection":[{"href":"https:\/\/rynkowskidesign.pl\/index.php\/wp-json\/wp\/v2\/pages"}],"about":[{"href":"https:\/\/rynkowskidesign.pl\/index.php\/wp-json\/wp\/v2\/types\/page"}],"author":[{"embeddable":true,"href":"https:\/\/rynkowskidesign.pl\/index.php\/wp-json\/wp\/v2\/users\/1"}],"replies":[{"embeddable":true,"href":"https:\/\/rynkowskidesign.pl\/index.php\/wp-json\/wp\/v2\/comments?post=3285"}],"version-history":[{"count":7,"href":"https:\/\/rynkowskidesign.pl\/index.php\/wp-json\/wp\/v2\/pages\/3285\/revisions"}],"predecessor-version":[{"id":4753,"href":"https:\/\/rynkowskidesign.pl\/index.php\/wp-json\/wp\/v2\/pages\/3285\/revisions\/4753"}],"wp:attachment":[{"href":"https:\/\/rynkowskidesign.pl\/index.php\/wp-json\/wp\/v2\/media?parent=3285"}],"curies":[{"name":"wp","href":"https:\/\/api.w.org\/{rel}","templated":true}]}}