{"id":3507,"date":"2021-02-12T11:11:22","date_gmt":"2021-02-12T11:11:22","guid":{"rendered":"https:\/\/rynkowskidesign.pl\/?page_id=3507"},"modified":"2023-09-18T08:04:50","modified_gmt":"2023-09-18T08:04:50","slug":"nowoczesny-salon-z-jadalnia","status":"publish","type":"page","link":"https:\/\/rynkowskidesign.pl\/index.php\/nowoczesny-salon-z-jadalnia\/","title":{"rendered":"Nowoczesny salon z jadalni\u0105"},"content":{"rendered":"\n<div style=\"height:20px\" aria-hidden=\"true\" class=\"wp-block-spacer\"><\/div>\n\n\n\n<h2 class=\"wp-block-heading has-text-align-center\" id=\"block-9baa15c5-6d10-4fb5-8b63-8330e219a779\" style=\"font-size:30px\">Salon w odcieniach szaro\u015bci i granatu <br>z akcentem z\u0142ota.<\/h2>\n\n\n\n<div style=\"height:12px\" aria-hidden=\"true\" class=\"wp-block-spacer\"><\/div>\n\n\n\n<div style=\"height:20px\" aria-hidden=\"true\" class=\"wp-block-spacer\"><\/div>\n\n\n<div class=\"wp-block-image\">\n<figure class=\"aligncenter size-full\"><img decoding=\"async\" width=\"2362\" height=\"1182\" src=\"https:\/\/rynkowskidesign.pl\/wp-content\/uploads\/2020\/03\/SALON-2.jpg\" alt=\"\" class=\"wp-image-1554\" srcset=\"https:\/\/rynkowskidesign.pl\/wp-content\/uploads\/2020\/03\/SALON-2.jpg 2362w, https:\/\/rynkowskidesign.pl\/wp-content\/uploads\/2020\/03\/SALON-2-300x150.jpg 300w, https:\/\/rynkowskidesign.pl\/wp-content\/uploads\/2020\/03\/SALON-2-768x384.jpg 768w, https:\/\/rynkowskidesign.pl\/wp-content\/uploads\/2020\/03\/SALON-2-1024x512.jpg 1024w, https:\/\/rynkowskidesign.pl\/wp-content\/uploads\/2020\/03\/SALON-2-830x415.jpg 830w, https:\/\/rynkowskidesign.pl\/wp-content\/uploads\/2020\/03\/SALON-2-230x115.jpg 230w, https:\/\/rynkowskidesign.pl\/wp-content\/uploads\/2020\/03\/SALON-2-350x175.jpg 350w, https:\/\/rynkowskidesign.pl\/wp-content\/uploads\/2020\/03\/SALON-2-480x240.jpg 480w\" sizes=\"(max-width: 2362px) 100vw, 2362px\" \/><\/figure><\/div>\n\n\n<div style=\"height:18px\" aria-hidden=\"true\" class=\"wp-block-spacer\"><\/div>\n\n\n\n<p class=\"has-text-align-center\" style=\"font-size:18px\">Projekt tego salonu to po\u0142\u0105czenie elegancji, funkcjonalno\u015bci i nowoczesnego designu. Wn\u0119trze utrzymane jest w odcieniach szaro\u015bci i g\u0142\u0119bokiego granatu, kt\u00f3re nadaj\u0105 mu luksusowego charakteru. <\/p>\n\n\n\n<div style=\"height:18px\" aria-hidden=\"true\" class=\"wp-block-spacer\"><\/div>\n\n\n\n<figure class=\"wp-block-image size-full\"><img decoding=\"async\" width=\"2362\" height=\"1182\" src=\"https:\/\/rynkowskidesign.pl\/wp-content\/uploads\/2020\/03\/SALON-2-2.jpg\" alt=\"\" class=\"wp-image-1559\" srcset=\"https:\/\/rynkowskidesign.pl\/wp-content\/uploads\/2020\/03\/SALON-2-2.jpg 2362w, https:\/\/rynkowskidesign.pl\/wp-content\/uploads\/2020\/03\/SALON-2-2-300x150.jpg 300w, https:\/\/rynkowskidesign.pl\/wp-content\/uploads\/2020\/03\/SALON-2-2-768x384.jpg 768w, https:\/\/rynkowskidesign.pl\/wp-content\/uploads\/2020\/03\/SALON-2-2-1024x512.jpg 1024w, https:\/\/rynkowskidesign.pl\/wp-content\/uploads\/2020\/03\/SALON-2-2-830x415.jpg 830w, https:\/\/rynkowskidesign.pl\/wp-content\/uploads\/2020\/03\/SALON-2-2-230x115.jpg 230w, https:\/\/rynkowskidesign.pl\/wp-content\/uploads\/2020\/03\/SALON-2-2-350x175.jpg 350w, https:\/\/rynkowskidesign.pl\/wp-content\/uploads\/2020\/03\/SALON-2-2-480x240.jpg 480w\" sizes=\"(max-width: 2362px) 100vw, 2362px\" \/><\/figure>\n\n\n\n<div style=\"height:18px\" aria-hidden=\"true\" class=\"wp-block-spacer\"><\/div>\n\n\n\n<p class=\"has-text-align-center\" style=\"font-size:18px\">Drewniana pod\u0142oga ociepla wn\u0119trze i nadaje mu przytulno\u015bci, tworz\u0105c harmonijny kontrast z nowoczesnymi elementami wystroju. Po\u0142\u0105czenie strefy jadalnej z salonem sprawia, \u017ce ca\u0142a przestrze\u0144 staje si\u0119 sp\u00f3jna i funkcjonalna.<\/p>\n\n\n\n<div style=\"height:18px\" aria-hidden=\"true\" class=\"wp-block-spacer\"><\/div>\n\n\n\n<figure class=\"wp-block-image size-full\"><img decoding=\"async\" width=\"2362\" height=\"1182\" src=\"https:\/\/rynkowskidesign.pl\/wp-content\/uploads\/2020\/03\/SALON-3-1.jpg\" alt=\"\" class=\"wp-image-1560\" srcset=\"https:\/\/rynkowskidesign.pl\/wp-content\/uploads\/2020\/03\/SALON-3-1.jpg 2362w, https:\/\/rynkowskidesign.pl\/wp-content\/uploads\/2020\/03\/SALON-3-1-300x150.jpg 300w, https:\/\/rynkowskidesign.pl\/wp-content\/uploads\/2020\/03\/SALON-3-1-768x384.jpg 768w, https:\/\/rynkowskidesign.pl\/wp-content\/uploads\/2020\/03\/SALON-3-1-1024x512.jpg 1024w, https:\/\/rynkowskidesign.pl\/wp-content\/uploads\/2020\/03\/SALON-3-1-830x415.jpg 830w, https:\/\/rynkowskidesign.pl\/wp-content\/uploads\/2020\/03\/SALON-3-1-230x115.jpg 230w, https:\/\/rynkowskidesign.pl\/wp-content\/uploads\/2020\/03\/SALON-3-1-350x175.jpg 350w, https:\/\/rynkowskidesign.pl\/wp-content\/uploads\/2020\/03\/SALON-3-1-480x240.jpg 480w\" sizes=\"(max-width: 2362px) 100vw, 2362px\" \/><\/figure>\n\n\n\n<div style=\"height:18px\" aria-hidden=\"true\" class=\"wp-block-spacer\"><\/div>\n\n\n\n<p class=\"has-text-align-center\"><\/p>\n","protected":false},"excerpt":{"rendered":"<p>Salon w odcieniach szaro\u015bci i granatu z akcentem z\u0142ota. Projekt tego salonu to po\u0142\u0105czenie elegancji, funkcjonalno\u015bci i nowoczesnego designu. Wn\u0119trze utrzymane jest w odcieniach szaro\u015bci i g\u0142\u0119bokiego granatu, kt\u00f3re nadaj\u0105 mu luksusowego charakteru. Drewniana pod\u0142oga ociepla wn\u0119trze i nadaje mu przytulno\u015bci, tworz\u0105c harmonijny kontrast z nowoczesnymi elementami wystroju. Po\u0142\u0105czenie strefy jadalnej z salonem sprawia, \u017ce&hellip;&nbsp;<a href=\"https:\/\/rynkowskidesign.pl\/index.php\/nowoczesny-salon-z-jadalnia\/\" class=\"\" rel=\"bookmark\">Read More &raquo;<span class=\"screen-reader-text\">Nowoczesny salon z jadalni\u0105<\/span><\/a><\/p>\n","protected":false},"author":1,"featured_media":0,"parent":0,"menu_order":0,"comment_status":"closed","ping_status":"closed","template":"","meta":{"neve_meta_sidebar":"full-width","neve_meta_container":"","neve_meta_enable_content_width":"on","neve_meta_content_width":100,"neve_meta_title_alignment":"","neve_meta_author_avatar":"","neve_post_elements_order":"","neve_meta_disable_header":"","neve_meta_disable_footer":"","neve_meta_disable_title":"","_themeisle_gutenberg_block_has_review":false},"yoast_head":"<!-- This site is optimized with the Yoast SEO plugin v21.4 - https:\/\/yoast.com\/wordpress\/plugins\/seo\/ -->\n<title>Nowoczesny salon z jadalni\u0105 - Architekt Pozna\u0144 - projekty dom\u00f3w, projekty wn\u0119trz<\/title>\n<meta name=\"robots\" content=\"index, follow, max-snippet:-1, max-image-preview:large, max-video-preview:-1\" \/>\n<link rel=\"canonical\" href=\"https:\/\/rynkowskidesign.pl\/index.php\/nowoczesny-salon-z-jadalnia\/\" \/>\n<meta property=\"og:locale\" content=\"en_US\" \/>\n<meta property=\"og:type\" content=\"article\" \/>\n<meta property=\"og:title\" content=\"Nowoczesny salon z jadalni\u0105 - Architekt Pozna\u0144 - projekty dom\u00f3w, projekty wn\u0119trz\" \/>\n<meta property=\"og:description\" content=\"Salon w odcieniach szaro\u015bci i granatu z akcentem z\u0142ota. Projekt tego salonu to po\u0142\u0105czenie elegancji, funkcjonalno\u015bci i nowoczesnego designu. Wn\u0119trze utrzymane jest w odcieniach szaro\u015bci i g\u0142\u0119bokiego granatu, kt\u00f3re nadaj\u0105 mu luksusowego charakteru. Drewniana pod\u0142oga ociepla wn\u0119trze i nadaje mu przytulno\u015bci, tworz\u0105c harmonijny kontrast z nowoczesnymi elementami wystroju. Po\u0142\u0105czenie strefy jadalnej z salonem sprawia, \u017ce&hellip;&nbsp;Read More &raquo;Nowoczesny salon z jadalni\u0105\" \/>\n<meta property=\"og:url\" content=\"https:\/\/rynkowskidesign.pl\/index.php\/nowoczesny-salon-z-jadalnia\/\" \/>\n<meta property=\"og:site_name\" content=\"Architekt Pozna\u0144 - projekty dom\u00f3w, projekty wn\u0119trz\" \/>\n<meta property=\"article:publisher\" content=\"https:\/\/www.facebook.com\/RynkowskiDesign\" \/>\n<meta property=\"article:modified_time\" content=\"2023-09-18T08:04:50+00:00\" \/>\n<meta property=\"og:image\" content=\"https:\/\/rynkowskidesign.pl\/wp-content\/uploads\/2020\/03\/SALON-2.jpg\" \/>\n<meta name=\"twitter:card\" content=\"summary_large_image\" \/>\n<meta name=\"twitter:label1\" content=\"Est. reading time\" \/>\n\t<meta name=\"twitter:data1\" content=\"1 minute\" \/>\n<script type=\"application\/ld+json\" class=\"yoast-schema-graph\">{\"@context\":\"https:\/\/schema.org\",\"@graph\":[{\"@type\":\"WebPage\",\"@id\":\"https:\/\/rynkowskidesign.pl\/index.php\/nowoczesny-salon-z-jadalnia\/\",\"url\":\"https:\/\/rynkowskidesign.pl\/index.php\/nowoczesny-salon-z-jadalnia\/\",\"name\":\"Nowoczesny salon z jadalni\u0105 - Architekt Pozna\u0144 - projekty dom\u00f3w, projekty wn\u0119trz\",\"isPartOf\":{\"@id\":\"https:\/\/rynkowskidesign.pl\/#website\"},\"datePublished\":\"2021-02-12T11:11:22+00:00\",\"dateModified\":\"2023-09-18T08:04:50+00:00\",\"breadcrumb\":{\"@id\":\"https:\/\/rynkowskidesign.pl\/index.php\/nowoczesny-salon-z-jadalnia\/#breadcrumb\"},\"inLanguage\":\"en-US\",\"potentialAction\":[{\"@type\":\"ReadAction\",\"target\":[\"https:\/\/rynkowskidesign.pl\/index.php\/nowoczesny-salon-z-jadalnia\/\"]}]},{\"@type\":\"BreadcrumbList\",\"@id\":\"https:\/\/rynkowskidesign.pl\/index.php\/nowoczesny-salon-z-jadalnia\/#breadcrumb\",\"itemListElement\":[{\"@type\":\"ListItem\",\"position\":1,\"name\":\"Home\",\"item\":\"https:\/\/rynkowskidesign.pl\/\"},{\"@type\":\"ListItem\",\"position\":2,\"name\":\"Nowoczesny salon z jadalni\u0105\"}]},{\"@type\":\"WebSite\",\"@id\":\"https:\/\/rynkowskidesign.pl\/#website\",\"url\":\"https:\/\/rynkowskidesign.pl\/\",\"name\":\"Architekt Pozna\u0144 - projekty dom\u00f3w, projekty wn\u0119trz\",\"description\":\"Rynkowski Design\",\"publisher\":{\"@id\":\"https:\/\/rynkowskidesign.pl\/#organization\"},\"potentialAction\":[{\"@type\":\"SearchAction\",\"target\":{\"@type\":\"EntryPoint\",\"urlTemplate\":\"https:\/\/rynkowskidesign.pl\/?s={search_term_string}\"},\"query-input\":\"required name=search_term_string\"}],\"inLanguage\":\"en-US\"},{\"@type\":\"Organization\",\"@id\":\"https:\/\/rynkowskidesign.pl\/#organization\",\"name\":\"Rynkowski Design\",\"url\":\"https:\/\/rynkowskidesign.pl\/\",\"logo\":{\"@type\":\"ImageObject\",\"inLanguage\":\"en-US\",\"@id\":\"https:\/\/rynkowskidesign.pl\/#\/schema\/logo\/image\/\",\"url\":\"https:\/\/rynkowskidesign.pl\/wp-content\/uploads\/2018\/05\/cropped-2.png\",\"contentUrl\":\"https:\/\/rynkowskidesign.pl\/wp-content\/uploads\/2018\/05\/cropped-2.png\",\"width\":512,\"height\":512,\"caption\":\"Rynkowski Design\"},\"image\":{\"@id\":\"https:\/\/rynkowskidesign.pl\/#\/schema\/logo\/image\/\"},\"sameAs\":[\"https:\/\/www.facebook.com\/RynkowskiDesign\",\"https:\/\/www.instagram.com\/rynkowskidesign\/\",\"https:\/\/www.youtube.com\/channel\/UCzBFs6JGA0RxNvGBJmxe5nQ\"]}]}<\/script>\n<!-- \/ Yoast SEO plugin. -->","yoast_head_json":{"title":"Nowoczesny salon z jadalni\u0105 - Architekt Pozna\u0144 - projekty dom\u00f3w, projekty wn\u0119trz","robots":{"index":"index","follow":"follow","max-snippet":"max-snippet:-1","max-image-preview":"max-image-preview:large","max-video-preview":"max-video-preview:-1"},"canonical":"https:\/\/rynkowskidesign.pl\/index.php\/nowoczesny-salon-z-jadalnia\/","og_locale":"en_US","og_type":"article","og_title":"Nowoczesny salon z jadalni\u0105 - Architekt Pozna\u0144 - projekty dom\u00f3w, projekty wn\u0119trz","og_description":"Salon w odcieniach szaro\u015bci i granatu z akcentem z\u0142ota. Projekt tego salonu to po\u0142\u0105czenie elegancji, funkcjonalno\u015bci i nowoczesnego designu. Wn\u0119trze utrzymane jest w odcieniach szaro\u015bci i g\u0142\u0119bokiego granatu, kt\u00f3re nadaj\u0105 mu luksusowego charakteru. Drewniana pod\u0142oga ociepla wn\u0119trze i nadaje mu przytulno\u015bci, tworz\u0105c harmonijny kontrast z nowoczesnymi elementami wystroju. Po\u0142\u0105czenie strefy jadalnej z salonem sprawia, \u017ce&hellip;&nbsp;Read More &raquo;Nowoczesny salon z jadalni\u0105","og_url":"https:\/\/rynkowskidesign.pl\/index.php\/nowoczesny-salon-z-jadalnia\/","og_site_name":"Architekt Pozna\u0144 - projekty dom\u00f3w, projekty wn\u0119trz","article_publisher":"https:\/\/www.facebook.com\/RynkowskiDesign","article_modified_time":"2023-09-18T08:04:50+00:00","og_image":[{"url":"https:\/\/rynkowskidesign.pl\/wp-content\/uploads\/2020\/03\/SALON-2.jpg"}],"twitter_card":"summary_large_image","twitter_misc":{"Est. reading time":"1 minute"},"schema":{"@context":"https:\/\/schema.org","@graph":[{"@type":"WebPage","@id":"https:\/\/rynkowskidesign.pl\/index.php\/nowoczesny-salon-z-jadalnia\/","url":"https:\/\/rynkowskidesign.pl\/index.php\/nowoczesny-salon-z-jadalnia\/","name":"Nowoczesny salon z jadalni\u0105 - Architekt Pozna\u0144 - projekty dom\u00f3w, projekty wn\u0119trz","isPartOf":{"@id":"https:\/\/rynkowskidesign.pl\/#website"},"datePublished":"2021-02-12T11:11:22+00:00","dateModified":"2023-09-18T08:04:50+00:00","breadcrumb":{"@id":"https:\/\/rynkowskidesign.pl\/index.php\/nowoczesny-salon-z-jadalnia\/#breadcrumb"},"inLanguage":"en-US","potentialAction":[{"@type":"ReadAction","target":["https:\/\/rynkowskidesign.pl\/index.php\/nowoczesny-salon-z-jadalnia\/"]}]},{"@type":"BreadcrumbList","@id":"https:\/\/rynkowskidesign.pl\/index.php\/nowoczesny-salon-z-jadalnia\/#breadcrumb","itemListElement":[{"@type":"ListItem","position":1,"name":"Home","item":"https:\/\/rynkowskidesign.pl\/"},{"@type":"ListItem","position":2,"name":"Nowoczesny salon z jadalni\u0105"}]},{"@type":"WebSite","@id":"https:\/\/rynkowskidesign.pl\/#website","url":"https:\/\/rynkowskidesign.pl\/","name":"Architekt Pozna\u0144 - projekty dom\u00f3w, projekty wn\u0119trz","description":"Rynkowski Design","publisher":{"@id":"https:\/\/rynkowskidesign.pl\/#organization"},"potentialAction":[{"@type":"SearchAction","target":{"@type":"EntryPoint","urlTemplate":"https:\/\/rynkowskidesign.pl\/?s={search_term_string}"},"query-input":"required name=search_term_string"}],"inLanguage":"en-US"},{"@type":"Organization","@id":"https:\/\/rynkowskidesign.pl\/#organization","name":"Rynkowski Design","url":"https:\/\/rynkowskidesign.pl\/","logo":{"@type":"ImageObject","inLanguage":"en-US","@id":"https:\/\/rynkowskidesign.pl\/#\/schema\/logo\/image\/","url":"https:\/\/rynkowskidesign.pl\/wp-content\/uploads\/2018\/05\/cropped-2.png","contentUrl":"https:\/\/rynkowskidesign.pl\/wp-content\/uploads\/2018\/05\/cropped-2.png","width":512,"height":512,"caption":"Rynkowski Design"},"image":{"@id":"https:\/\/rynkowskidesign.pl\/#\/schema\/logo\/image\/"},"sameAs":["https:\/\/www.facebook.com\/RynkowskiDesign","https:\/\/www.instagram.com\/rynkowskidesign\/","https:\/\/www.youtube.com\/channel\/UCzBFs6JGA0RxNvGBJmxe5nQ"]}]}},"_links":{"self":[{"href":"https:\/\/rynkowskidesign.pl\/index.php\/wp-json\/wp\/v2\/pages\/3507"}],"collection":[{"href":"https:\/\/rynkowskidesign.pl\/index.php\/wp-json\/wp\/v2\/pages"}],"about":[{"href":"https:\/\/rynkowskidesign.pl\/index.php\/wp-json\/wp\/v2\/types\/page"}],"author":[{"embeddable":true,"href":"https:\/\/rynkowskidesign.pl\/index.php\/wp-json\/wp\/v2\/users\/1"}],"replies":[{"embeddable":true,"href":"https:\/\/rynkowskidesign.pl\/index.php\/wp-json\/wp\/v2\/comments?post=3507"}],"version-history":[{"count":25,"href":"https:\/\/rynkowskidesign.pl\/index.php\/wp-json\/wp\/v2\/pages\/3507\/revisions"}],"predecessor-version":[{"id":4357,"href":"https:\/\/rynkowskidesign.pl\/index.php\/wp-json\/wp\/v2\/pages\/3507\/revisions\/4357"}],"wp:attachment":[{"href":"https:\/\/rynkowskidesign.pl\/index.php\/wp-json\/wp\/v2\/media?parent=3507"}],"curies":[{"name":"wp","href":"https:\/\/api.w.org\/{rel}","templated":true}]}}