{"id":3545,"date":"2021-02-12T12:37:47","date_gmt":"2021-02-12T12:37:47","guid":{"rendered":"https:\/\/rynkowskidesign.pl\/?page_id=3545"},"modified":"2025-03-24T20:09:46","modified_gmt":"2025-03-24T20:09:46","slug":"projekt-domu-jednorodzinnego-z-basenem","status":"publish","type":"page","link":"https:\/\/rynkowskidesign.pl\/index.php\/projekt-domu-jednorodzinnego-z-basenem\/","title":{"rendered":"Projekt domu jednorodzinnego z basenem"},"content":{"rendered":"\n<div style=\"height:20px\" aria-hidden=\"true\" class=\"wp-block-spacer\"><\/div>\n\n\n\n<div class=\"wp-block-group is-vertical is-nowrap is-layout-flex wp-container-1\" style=\"padding-right:0;padding-left:0\">\n<p class=\"has-text-align-center has-text-color\" style=\"color:#000000;font-size:3vw;font-style:normal;font-weight:700;letter-spacing:0px;line-height:0.9;text-decoration:none;text-transform:none\">Indywidualny projekt domu z basenem<\/p>\n<\/div>\n\n\n\n<div style=\"height:39px\" aria-hidden=\"true\" class=\"wp-block-spacer\"><\/div>\n\n\n<div class=\"wp-block-image\">\n<figure class=\"aligncenter size-large\"><img decoding=\"async\" width=\"1024\" height=\"576\" src=\"https:\/\/rynkowskidesign.pl\/wp-content\/uploads\/2025\/03\/Dom-jednorodzinny-z-basenem-widok-4-5-2-1024x576.jpg\" alt=\"\" class=\"wp-image-4853\" srcset=\"https:\/\/rynkowskidesign.pl\/wp-content\/uploads\/2025\/03\/Dom-jednorodzinny-z-basenem-widok-4-5-2-1024x576.jpg 1024w, https:\/\/rynkowskidesign.pl\/wp-content\/uploads\/2025\/03\/Dom-jednorodzinny-z-basenem-widok-4-5-2-300x169.jpg 300w, https:\/\/rynkowskidesign.pl\/wp-content\/uploads\/2025\/03\/Dom-jednorodzinny-z-basenem-widok-4-5-2-768x432.jpg 768w, https:\/\/rynkowskidesign.pl\/wp-content\/uploads\/2025\/03\/Dom-jednorodzinny-z-basenem-widok-4-5-2-1536x864.jpg 1536w, https:\/\/rynkowskidesign.pl\/wp-content\/uploads\/2025\/03\/Dom-jednorodzinny-z-basenem-widok-4-5-2-2048x1152.jpg 2048w\" sizes=\"(max-width: 1024px) 100vw, 1024px\" \/><\/figure><\/div>\n\n\n<div style=\"height:18px\" aria-hidden=\"true\" class=\"wp-block-spacer\"><\/div>\n\n\n\n<p class=\"has-text-align-center\">W projektach nowoczesnych dom\u00f3w z basenem, nie brakuje dodatkowych udogodnie\u0144, kt\u00f3re wprowadzaj\u0105 wyj\u0105tkow\u0105 atmosfer\u0119 luksusu <br>i komfortu. Sale spa z saun\u0105, jacuzzi oraz prywatna si\u0142ownia tworz\u0105 kompleksow\u0105 oaz\u0119 relaksu i zdrowia w zaciszu w\u0142asnego domu. To doskona\u0142a propozycja dla tych, kt\u00f3rzy pragn\u0105 dba\u0107 o swoje cia\u0142o i umys\u0142, tworz\u0105c przy tym unikalny domowy raj pe\u0142en dobrodziejstw.<\/p>\n\n\n\n<div style=\"height:18px\" aria-hidden=\"true\" class=\"wp-block-spacer\"><\/div>\n\n\n<div class=\"wp-block-image\">\n<figure class=\"aligncenter size-large\"><img decoding=\"async\" width=\"1024\" height=\"1024\" src=\"https:\/\/rynkowskidesign.pl\/wp-content\/uploads\/2025\/03\/Dom-jednorodzinny-z-basenem-widok-3-1-1024x1024.jpg\" alt=\"\" class=\"wp-image-4842\" srcset=\"https:\/\/rynkowskidesign.pl\/wp-content\/uploads\/2025\/03\/Dom-jednorodzinny-z-basenem-widok-3-1-1024x1024.jpg 1024w, https:\/\/rynkowskidesign.pl\/wp-content\/uploads\/2025\/03\/Dom-jednorodzinny-z-basenem-widok-3-1-300x300.jpg 300w, https:\/\/rynkowskidesign.pl\/wp-content\/uploads\/2025\/03\/Dom-jednorodzinny-z-basenem-widok-3-1-150x150.jpg 150w, https:\/\/rynkowskidesign.pl\/wp-content\/uploads\/2025\/03\/Dom-jednorodzinny-z-basenem-widok-3-1-768x768.jpg 768w, https:\/\/rynkowskidesign.pl\/wp-content\/uploads\/2025\/03\/Dom-jednorodzinny-z-basenem-widok-3-1-1536x1536.jpg 1536w, https:\/\/rynkowskidesign.pl\/wp-content\/uploads\/2025\/03\/Dom-jednorodzinny-z-basenem-widok-3-1-2048x2048.jpg 2048w\" sizes=\"(max-width: 1024px) 100vw, 1024px\" \/><\/figure><\/div>\n\n\n<div style=\"height:18px\" aria-hidden=\"true\" class=\"wp-block-spacer\"><\/div>\n\n\n\n<p class=\"has-text-align-center\">Nie mo\u017cna zapomnie\u0107 o estetyce takich projekt\u00f3w. Basen stanowi cz\u0119sto centralny punkt wn\u0119trza, co sprawia, \u017ce jest on pi\u0119knym elementem dekoracyjnym, kt\u00f3ry nadaje domowi wyj\u0105tkowy charakter oraz presti\u017c. To miejsce, kt\u00f3re nie tylko spe\u0142nia funkcj\u0119 praktyczn\u0105, ale tak\u017ce artystyczn\u0105, stanowi\u0105c dum\u0119 i ozdob\u0119 ka\u017cdego nowoczesnego domu.<\/p>\n\n\n\n<div style=\"height:18px\" aria-hidden=\"true\" class=\"wp-block-spacer\"><\/div>\n\n\n<div class=\"wp-block-image\">\n<figure class=\"aligncenter size-large\"><img decoding=\"async\" width=\"1024\" height=\"1024\" src=\"https:\/\/rynkowskidesign.pl\/wp-content\/uploads\/2025\/03\/Dom-jednorodzinny-z-basenem-widok-2-4-1024x1024.jpg\" alt=\"\" class=\"wp-image-4843\" srcset=\"https:\/\/rynkowskidesign.pl\/wp-content\/uploads\/2025\/03\/Dom-jednorodzinny-z-basenem-widok-2-4-1024x1024.jpg 1024w, https:\/\/rynkowskidesign.pl\/wp-content\/uploads\/2025\/03\/Dom-jednorodzinny-z-basenem-widok-2-4-300x300.jpg 300w, https:\/\/rynkowskidesign.pl\/wp-content\/uploads\/2025\/03\/Dom-jednorodzinny-z-basenem-widok-2-4-150x150.jpg 150w, https:\/\/rynkowskidesign.pl\/wp-content\/uploads\/2025\/03\/Dom-jednorodzinny-z-basenem-widok-2-4-768x768.jpg 768w, https:\/\/rynkowskidesign.pl\/wp-content\/uploads\/2025\/03\/Dom-jednorodzinny-z-basenem-widok-2-4-1536x1536.jpg 1536w, https:\/\/rynkowskidesign.pl\/wp-content\/uploads\/2025\/03\/Dom-jednorodzinny-z-basenem-widok-2-4-2048x2048.jpg 2048w\" sizes=\"(max-width: 1024px) 100vw, 1024px\" \/><\/figure><\/div>\n\n\n<p class=\"has-text-align-center\">Projekty dom\u00f3w nowoczesnych to tak\u017ce wyra\u017cenie indywidualno\u015bci i kreatywno\u015bci. Mog\u0105 by\u0107 dostosowane do osobistych preferencji i potrzeb, co pozwala stworzy\u0107 miejsce, kt\u00f3re jest nie tylko funkcjonalne, ale tak\u017ce wyj\u0105tkowe i inspiruj\u0105ce.<\/p>\n\n\n<div class=\"wp-block-image\">\n<figure class=\"aligncenter size-large\"><img decoding=\"async\" width=\"1024\" height=\"1024\" src=\"https:\/\/rynkowskidesign.pl\/wp-content\/uploads\/2025\/03\/Dom-jednorodzinny-z-basenem-widok-6-3-1024x1024.jpg\" alt=\"\" class=\"wp-image-4844\" srcset=\"https:\/\/rynkowskidesign.pl\/wp-content\/uploads\/2025\/03\/Dom-jednorodzinny-z-basenem-widok-6-3-1024x1024.jpg 1024w, https:\/\/rynkowskidesign.pl\/wp-content\/uploads\/2025\/03\/Dom-jednorodzinny-z-basenem-widok-6-3-300x300.jpg 300w, https:\/\/rynkowskidesign.pl\/wp-content\/uploads\/2025\/03\/Dom-jednorodzinny-z-basenem-widok-6-3-150x150.jpg 150w, https:\/\/rynkowskidesign.pl\/wp-content\/uploads\/2025\/03\/Dom-jednorodzinny-z-basenem-widok-6-3-768x768.jpg 768w, https:\/\/rynkowskidesign.pl\/wp-content\/uploads\/2025\/03\/Dom-jednorodzinny-z-basenem-widok-6-3-1536x1536.jpg 1536w, https:\/\/rynkowskidesign.pl\/wp-content\/uploads\/2025\/03\/Dom-jednorodzinny-z-basenem-widok-6-3-2048x2048.jpg 2048w\" sizes=\"(max-width: 1024px) 100vw, 1024px\" \/><\/figure><\/div>\n\n\n<div style=\"height:23px\" aria-hidden=\"true\" class=\"wp-block-spacer\"><\/div>\n\n\n<div class=\"wp-block-image\">\n<figure class=\"aligncenter size-large\"><img decoding=\"async\" width=\"1024\" height=\"1024\" src=\"https:\/\/rynkowskidesign.pl\/wp-content\/uploads\/2025\/03\/Dom-jednorodzinny-z-basenem-widok-5-2-1024x1024.jpg\" alt=\"\" class=\"wp-image-4850\" srcset=\"https:\/\/rynkowskidesign.pl\/wp-content\/uploads\/2025\/03\/Dom-jednorodzinny-z-basenem-widok-5-2-1024x1024.jpg 1024w, https:\/\/rynkowskidesign.pl\/wp-content\/uploads\/2025\/03\/Dom-jednorodzinny-z-basenem-widok-5-2-300x300.jpg 300w, https:\/\/rynkowskidesign.pl\/wp-content\/uploads\/2025\/03\/Dom-jednorodzinny-z-basenem-widok-5-2-150x150.jpg 150w, https:\/\/rynkowskidesign.pl\/wp-content\/uploads\/2025\/03\/Dom-jednorodzinny-z-basenem-widok-5-2-768x768.jpg 768w, https:\/\/rynkowskidesign.pl\/wp-content\/uploads\/2025\/03\/Dom-jednorodzinny-z-basenem-widok-5-2-1536x1536.jpg 1536w, https:\/\/rynkowskidesign.pl\/wp-content\/uploads\/2025\/03\/Dom-jednorodzinny-z-basenem-widok-5-2-2048x2048.jpg 2048w\" sizes=\"(max-width: 1024px) 100vw, 1024px\" \/><\/figure><\/div>\n\n\n<div style=\"height:53px\" aria-hidden=\"true\" class=\"wp-block-spacer\"><\/div>\n\n\n\n<p><\/p>\n","protected":false},"excerpt":{"rendered":"<p>Indywidualny projekt domu z basenem W projektach nowoczesnych dom\u00f3w z basenem, nie brakuje dodatkowych udogodnie\u0144, kt\u00f3re wprowadzaj\u0105 wyj\u0105tkow\u0105 atmosfer\u0119 luksusu i komfortu. Sale spa z saun\u0105, jacuzzi oraz prywatna si\u0142ownia tworz\u0105 kompleksow\u0105 oaz\u0119 relaksu i zdrowia w zaciszu w\u0142asnego domu. To doskona\u0142a propozycja dla tych, kt\u00f3rzy pragn\u0105 dba\u0107 o swoje cia\u0142o i umys\u0142, tworz\u0105c przy&hellip;&nbsp;<a href=\"https:\/\/rynkowskidesign.pl\/index.php\/projekt-domu-jednorodzinnego-z-basenem\/\" class=\"\" rel=\"bookmark\">Read More &raquo;<span class=\"screen-reader-text\">Projekt domu jednorodzinnego z basenem<\/span><\/a><\/p>\n","protected":false},"author":1,"featured_media":0,"parent":0,"menu_order":0,"comment_status":"closed","ping_status":"closed","template":"","meta":{"neve_meta_sidebar":"full-width","neve_meta_container":"","neve_meta_enable_content_width":"on","neve_meta_content_width":100,"neve_meta_title_alignment":"","neve_meta_author_avatar":"","neve_post_elements_order":"","neve_meta_disable_header":"","neve_meta_disable_footer":"","neve_meta_disable_title":"","_themeisle_gutenberg_block_has_review":false},"yoast_head":"<!-- This site is optimized with the Yoast SEO plugin v21.4 - https:\/\/yoast.com\/wordpress\/plugins\/seo\/ -->\n<title>Projekt domu jednorodzinnego z basenem - Architekt Pozna\u0144 - projekty dom\u00f3w, projekty wn\u0119trz<\/title>\n<meta name=\"robots\" content=\"index, follow, max-snippet:-1, max-image-preview:large, max-video-preview:-1\" \/>\n<link rel=\"canonical\" href=\"https:\/\/rynkowskidesign.pl\/index.php\/projekt-domu-jednorodzinnego-z-basenem\/\" \/>\n<meta property=\"og:locale\" content=\"en_US\" \/>\n<meta property=\"og:type\" content=\"article\" \/>\n<meta property=\"og:title\" content=\"Projekt domu jednorodzinnego z basenem - Architekt Pozna\u0144 - projekty dom\u00f3w, projekty wn\u0119trz\" \/>\n<meta property=\"og:description\" content=\"Indywidualny projekt domu z basenem W projektach nowoczesnych dom\u00f3w z basenem, nie brakuje dodatkowych udogodnie\u0144, kt\u00f3re wprowadzaj\u0105 wyj\u0105tkow\u0105 atmosfer\u0119 luksusu i komfortu. Sale spa z saun\u0105, jacuzzi oraz prywatna si\u0142ownia tworz\u0105 kompleksow\u0105 oaz\u0119 relaksu i zdrowia w zaciszu w\u0142asnego domu. To doskona\u0142a propozycja dla tych, kt\u00f3rzy pragn\u0105 dba\u0107 o swoje cia\u0142o i umys\u0142, tworz\u0105c przy&hellip;&nbsp;Read More &raquo;Projekt domu jednorodzinnego z basenem\" \/>\n<meta property=\"og:url\" content=\"https:\/\/rynkowskidesign.pl\/index.php\/projekt-domu-jednorodzinnego-z-basenem\/\" \/>\n<meta property=\"og:site_name\" content=\"Architekt Pozna\u0144 - projekty dom\u00f3w, projekty wn\u0119trz\" \/>\n<meta property=\"article:publisher\" content=\"https:\/\/www.facebook.com\/RynkowskiDesign\" \/>\n<meta property=\"article:modified_time\" content=\"2025-03-24T20:09:46+00:00\" \/>\n<meta property=\"og:image\" content=\"https:\/\/rynkowskidesign.pl\/wp-content\/uploads\/2025\/03\/Dom-jednorodzinny-z-basenem-widok-4-5-2-1024x576.jpg\" \/>\n<meta name=\"twitter:card\" content=\"summary_large_image\" \/>\n<meta name=\"twitter:label1\" content=\"Est. reading time\" \/>\n\t<meta name=\"twitter:data1\" content=\"2 minutes\" \/>\n<script type=\"application\/ld+json\" class=\"yoast-schema-graph\">{\"@context\":\"https:\/\/schema.org\",\"@graph\":[{\"@type\":\"WebPage\",\"@id\":\"https:\/\/rynkowskidesign.pl\/index.php\/projekt-domu-jednorodzinnego-z-basenem\/\",\"url\":\"https:\/\/rynkowskidesign.pl\/index.php\/projekt-domu-jednorodzinnego-z-basenem\/\",\"name\":\"Projekt domu jednorodzinnego z basenem - Architekt Pozna\u0144 - projekty dom\u00f3w, projekty wn\u0119trz\",\"isPartOf\":{\"@id\":\"https:\/\/rynkowskidesign.pl\/#website\"},\"datePublished\":\"2021-02-12T12:37:47+00:00\",\"dateModified\":\"2025-03-24T20:09:46+00:00\",\"breadcrumb\":{\"@id\":\"https:\/\/rynkowskidesign.pl\/index.php\/projekt-domu-jednorodzinnego-z-basenem\/#breadcrumb\"},\"inLanguage\":\"en-US\",\"potentialAction\":[{\"@type\":\"ReadAction\",\"target\":[\"https:\/\/rynkowskidesign.pl\/index.php\/projekt-domu-jednorodzinnego-z-basenem\/\"]}]},{\"@type\":\"BreadcrumbList\",\"@id\":\"https:\/\/rynkowskidesign.pl\/index.php\/projekt-domu-jednorodzinnego-z-basenem\/#breadcrumb\",\"itemListElement\":[{\"@type\":\"ListItem\",\"position\":1,\"name\":\"Home\",\"item\":\"https:\/\/rynkowskidesign.pl\/\"},{\"@type\":\"ListItem\",\"position\":2,\"name\":\"Projekt domu jednorodzinnego z basenem\"}]},{\"@type\":\"WebSite\",\"@id\":\"https:\/\/rynkowskidesign.pl\/#website\",\"url\":\"https:\/\/rynkowskidesign.pl\/\",\"name\":\"Architekt Pozna\u0144 - projekty dom\u00f3w, projekty wn\u0119trz\",\"description\":\"Rynkowski Design\",\"publisher\":{\"@id\":\"https:\/\/rynkowskidesign.pl\/#organization\"},\"potentialAction\":[{\"@type\":\"SearchAction\",\"target\":{\"@type\":\"EntryPoint\",\"urlTemplate\":\"https:\/\/rynkowskidesign.pl\/?s={search_term_string}\"},\"query-input\":\"required name=search_term_string\"}],\"inLanguage\":\"en-US\"},{\"@type\":\"Organization\",\"@id\":\"https:\/\/rynkowskidesign.pl\/#organization\",\"name\":\"Rynkowski Design\",\"url\":\"https:\/\/rynkowskidesign.pl\/\",\"logo\":{\"@type\":\"ImageObject\",\"inLanguage\":\"en-US\",\"@id\":\"https:\/\/rynkowskidesign.pl\/#\/schema\/logo\/image\/\",\"url\":\"https:\/\/rynkowskidesign.pl\/wp-content\/uploads\/2018\/05\/cropped-2.png\",\"contentUrl\":\"https:\/\/rynkowskidesign.pl\/wp-content\/uploads\/2018\/05\/cropped-2.png\",\"width\":512,\"height\":512,\"caption\":\"Rynkowski Design\"},\"image\":{\"@id\":\"https:\/\/rynkowskidesign.pl\/#\/schema\/logo\/image\/\"},\"sameAs\":[\"https:\/\/www.facebook.com\/RynkowskiDesign\",\"https:\/\/www.instagram.com\/rynkowskidesign\/\",\"https:\/\/www.youtube.com\/channel\/UCzBFs6JGA0RxNvGBJmxe5nQ\"]}]}<\/script>\n<!-- \/ Yoast SEO plugin. -->","yoast_head_json":{"title":"Projekt domu jednorodzinnego z basenem - Architekt Pozna\u0144 - projekty dom\u00f3w, projekty wn\u0119trz","robots":{"index":"index","follow":"follow","max-snippet":"max-snippet:-1","max-image-preview":"max-image-preview:large","max-video-preview":"max-video-preview:-1"},"canonical":"https:\/\/rynkowskidesign.pl\/index.php\/projekt-domu-jednorodzinnego-z-basenem\/","og_locale":"en_US","og_type":"article","og_title":"Projekt domu jednorodzinnego z basenem - Architekt Pozna\u0144 - projekty dom\u00f3w, projekty wn\u0119trz","og_description":"Indywidualny projekt domu z basenem W projektach nowoczesnych dom\u00f3w z basenem, nie brakuje dodatkowych udogodnie\u0144, kt\u00f3re wprowadzaj\u0105 wyj\u0105tkow\u0105 atmosfer\u0119 luksusu i komfortu. Sale spa z saun\u0105, jacuzzi oraz prywatna si\u0142ownia tworz\u0105 kompleksow\u0105 oaz\u0119 relaksu i zdrowia w zaciszu w\u0142asnego domu. To doskona\u0142a propozycja dla tych, kt\u00f3rzy pragn\u0105 dba\u0107 o swoje cia\u0142o i umys\u0142, tworz\u0105c przy&hellip;&nbsp;Read More &raquo;Projekt domu jednorodzinnego z basenem","og_url":"https:\/\/rynkowskidesign.pl\/index.php\/projekt-domu-jednorodzinnego-z-basenem\/","og_site_name":"Architekt Pozna\u0144 - projekty dom\u00f3w, projekty wn\u0119trz","article_publisher":"https:\/\/www.facebook.com\/RynkowskiDesign","article_modified_time":"2025-03-24T20:09:46+00:00","og_image":[{"url":"https:\/\/rynkowskidesign.pl\/wp-content\/uploads\/2025\/03\/Dom-jednorodzinny-z-basenem-widok-4-5-2-1024x576.jpg"}],"twitter_card":"summary_large_image","twitter_misc":{"Est. reading time":"2 minutes"},"schema":{"@context":"https:\/\/schema.org","@graph":[{"@type":"WebPage","@id":"https:\/\/rynkowskidesign.pl\/index.php\/projekt-domu-jednorodzinnego-z-basenem\/","url":"https:\/\/rynkowskidesign.pl\/index.php\/projekt-domu-jednorodzinnego-z-basenem\/","name":"Projekt domu jednorodzinnego z basenem - Architekt Pozna\u0144 - projekty dom\u00f3w, projekty wn\u0119trz","isPartOf":{"@id":"https:\/\/rynkowskidesign.pl\/#website"},"datePublished":"2021-02-12T12:37:47+00:00","dateModified":"2025-03-24T20:09:46+00:00","breadcrumb":{"@id":"https:\/\/rynkowskidesign.pl\/index.php\/projekt-domu-jednorodzinnego-z-basenem\/#breadcrumb"},"inLanguage":"en-US","potentialAction":[{"@type":"ReadAction","target":["https:\/\/rynkowskidesign.pl\/index.php\/projekt-domu-jednorodzinnego-z-basenem\/"]}]},{"@type":"BreadcrumbList","@id":"https:\/\/rynkowskidesign.pl\/index.php\/projekt-domu-jednorodzinnego-z-basenem\/#breadcrumb","itemListElement":[{"@type":"ListItem","position":1,"name":"Home","item":"https:\/\/rynkowskidesign.pl\/"},{"@type":"ListItem","position":2,"name":"Projekt domu jednorodzinnego z basenem"}]},{"@type":"WebSite","@id":"https:\/\/rynkowskidesign.pl\/#website","url":"https:\/\/rynkowskidesign.pl\/","name":"Architekt Pozna\u0144 - projekty dom\u00f3w, projekty wn\u0119trz","description":"Rynkowski Design","publisher":{"@id":"https:\/\/rynkowskidesign.pl\/#organization"},"potentialAction":[{"@type":"SearchAction","target":{"@type":"EntryPoint","urlTemplate":"https:\/\/rynkowskidesign.pl\/?s={search_term_string}"},"query-input":"required name=search_term_string"}],"inLanguage":"en-US"},{"@type":"Organization","@id":"https:\/\/rynkowskidesign.pl\/#organization","name":"Rynkowski Design","url":"https:\/\/rynkowskidesign.pl\/","logo":{"@type":"ImageObject","inLanguage":"en-US","@id":"https:\/\/rynkowskidesign.pl\/#\/schema\/logo\/image\/","url":"https:\/\/rynkowskidesign.pl\/wp-content\/uploads\/2018\/05\/cropped-2.png","contentUrl":"https:\/\/rynkowskidesign.pl\/wp-content\/uploads\/2018\/05\/cropped-2.png","width":512,"height":512,"caption":"Rynkowski Design"},"image":{"@id":"https:\/\/rynkowskidesign.pl\/#\/schema\/logo\/image\/"},"sameAs":["https:\/\/www.facebook.com\/RynkowskiDesign","https:\/\/www.instagram.com\/rynkowskidesign\/","https:\/\/www.youtube.com\/channel\/UCzBFs6JGA0RxNvGBJmxe5nQ"]}]}},"_links":{"self":[{"href":"https:\/\/rynkowskidesign.pl\/index.php\/wp-json\/wp\/v2\/pages\/3545"}],"collection":[{"href":"https:\/\/rynkowskidesign.pl\/index.php\/wp-json\/wp\/v2\/pages"}],"about":[{"href":"https:\/\/rynkowskidesign.pl\/index.php\/wp-json\/wp\/v2\/types\/page"}],"author":[{"embeddable":true,"href":"https:\/\/rynkowskidesign.pl\/index.php\/wp-json\/wp\/v2\/users\/1"}],"replies":[{"embeddable":true,"href":"https:\/\/rynkowskidesign.pl\/index.php\/wp-json\/wp\/v2\/comments?post=3545"}],"version-history":[{"count":25,"href":"https:\/\/rynkowskidesign.pl\/index.php\/wp-json\/wp\/v2\/pages\/3545\/revisions"}],"predecessor-version":[{"id":4854,"href":"https:\/\/rynkowskidesign.pl\/index.php\/wp-json\/wp\/v2\/pages\/3545\/revisions\/4854"}],"wp:attachment":[{"href":"https:\/\/rynkowskidesign.pl\/index.php\/wp-json\/wp\/v2\/media?parent=3545"}],"curies":[{"name":"wp","href":"https:\/\/api.w.org\/{rel}","templated":true}]}}