{"id":3628,"date":"2021-02-15T08:55:25","date_gmt":"2021-02-15T08:55:25","guid":{"rendered":"https:\/\/rynkowskidesign.pl\/?page_id=3628"},"modified":"2021-02-15T13:41:54","modified_gmt":"2021-02-15T13:41:54","slug":"lazienka-z-plytkami-marmurowymi-i-wanna-wolnostojaca","status":"publish","type":"page","link":"https:\/\/rynkowskidesign.pl\/index.php\/lazienka-z-plytkami-marmurowymi-i-wanna-wolnostojaca\/","title":{"rendered":"\u0141azienka z p\u0142ytkami marmurowymi i wann\u0105 wolnostoj\u0105c\u0105"},"content":{"rendered":"\n<div style=\"height:20px\" aria-hidden=\"true\" class=\"wp-block-spacer\"><\/div>\n\n\n\n<h2 class=\"has-text-align-center wp-block-heading\" id=\"block-f873aba7-3cce-4e9e-b835-309d97f428e8\">Projekt klasycznej \u0142azienki <\/h2>\n\n\n\n<figure class=\"wp-block-image size-full\"><img decoding=\"async\" width=\"1772\" height=\"827\" src=\"https:\/\/rynkowskidesign.pl\/wp-content\/uploads\/2019\/06\/\u0142azienka-A-3-1.jpg\" alt=\"\" class=\"wp-image-1195\" srcset=\"https:\/\/rynkowskidesign.pl\/wp-content\/uploads\/2019\/06\/\u0142azienka-A-3-1.jpg 1772w, https:\/\/rynkowskidesign.pl\/wp-content\/uploads\/2019\/06\/\u0142azienka-A-3-1-300x140.jpg 300w, https:\/\/rynkowskidesign.pl\/wp-content\/uploads\/2019\/06\/\u0142azienka-A-3-1-768x358.jpg 768w, https:\/\/rynkowskidesign.pl\/wp-content\/uploads\/2019\/06\/\u0142azienka-A-3-1-1024x478.jpg 1024w\" sizes=\"(max-width: 1772px) 100vw, 1772px\" \/><\/figure>\n\n\n\n<figure class=\"wp-block-image size-full\"><img decoding=\"async\" width=\"1772\" height=\"827\" src=\"https:\/\/rynkowskidesign.pl\/wp-content\/uploads\/2019\/06\/\u0142azienka-A-2.jpg\" alt=\"\" class=\"wp-image-1047\" srcset=\"https:\/\/rynkowskidesign.pl\/wp-content\/uploads\/2019\/06\/\u0142azienka-A-2.jpg 1772w, https:\/\/rynkowskidesign.pl\/wp-content\/uploads\/2019\/06\/\u0142azienka-A-2-300x140.jpg 300w, https:\/\/rynkowskidesign.pl\/wp-content\/uploads\/2019\/06\/\u0142azienka-A-2-768x358.jpg 768w, https:\/\/rynkowskidesign.pl\/wp-content\/uploads\/2019\/06\/\u0142azienka-A-2-1024x478.jpg 1024w, https:\/\/rynkowskidesign.pl\/wp-content\/uploads\/2019\/06\/\u0142azienka-A-2-1000x467.jpg 1000w\" sizes=\"(max-width: 1772px) 100vw, 1772px\" \/><\/figure>\n\n\n\n<figure class=\"wp-block-image size-full\"><img decoding=\"async\" width=\"1772\" height=\"827\" src=\"https:\/\/rynkowskidesign.pl\/wp-content\/uploads\/2019\/06\/\u0142azienka-A-5-1.jpg\" alt=\"\" class=\"wp-image-1204\" srcset=\"https:\/\/rynkowskidesign.pl\/wp-content\/uploads\/2019\/06\/\u0142azienka-A-5-1.jpg 1772w, https:\/\/rynkowskidesign.pl\/wp-content\/uploads\/2019\/06\/\u0142azienka-A-5-1-300x140.jpg 300w, https:\/\/rynkowskidesign.pl\/wp-content\/uploads\/2019\/06\/\u0142azienka-A-5-1-768x358.jpg 768w, https:\/\/rynkowskidesign.pl\/wp-content\/uploads\/2019\/06\/\u0142azienka-A-5-1-1024x478.jpg 1024w\" sizes=\"(max-width: 1772px) 100vw, 1772px\" \/><\/figure>\n\n\n\n<div class=\"wp-block-buttons is-layout-flex\">\n<div class=\"wp-block-button\"><a class=\"wp-block-button__link\" href=\"https:\/\/rynkowskidesign.pl\/index.php\/projekty\/\">WSTECZ<\/a><\/div>\n<\/div>\n","protected":false},"excerpt":{"rendered":"<p>Projekt klasycznej \u0142azienki<\/p>\n","protected":false},"author":1,"featured_media":0,"parent":0,"menu_order":0,"comment_status":"closed","ping_status":"closed","template":"","meta":{"neve_meta_sidebar":"full-width","neve_meta_container":"","neve_meta_enable_content_width":"on","neve_meta_content_width":100,"neve_meta_title_alignment":"","neve_meta_author_avatar":"","neve_post_elements_order":"","neve_meta_disable_header":"","neve_meta_disable_footer":"","neve_meta_disable_title":"","_themeisle_gutenberg_block_has_review":false},"yoast_head":"<!-- This site is optimized with the Yoast SEO plugin v21.4 - https:\/\/yoast.com\/wordpress\/plugins\/seo\/ -->\n<title>\u0141azienka z p\u0142ytkami marmurowymi i wann\u0105 wolnostoj\u0105c\u0105 - Architekt Pozna\u0144 - projekty dom\u00f3w, projekty wn\u0119trz<\/title>\n<meta name=\"robots\" content=\"index, follow, max-snippet:-1, max-image-preview:large, max-video-preview:-1\" \/>\n<link rel=\"canonical\" href=\"https:\/\/rynkowskidesign.pl\/index.php\/lazienka-z-plytkami-marmurowymi-i-wanna-wolnostojaca\/\" \/>\n<meta property=\"og:locale\" content=\"en_US\" \/>\n<meta property=\"og:type\" content=\"article\" \/>\n<meta property=\"og:title\" content=\"\u0141azienka z p\u0142ytkami marmurowymi i wann\u0105 wolnostoj\u0105c\u0105 - Architekt Pozna\u0144 - projekty dom\u00f3w, projekty wn\u0119trz\" \/>\n<meta property=\"og:description\" content=\"Projekt klasycznej \u0142azienki\" \/>\n<meta property=\"og:url\" content=\"https:\/\/rynkowskidesign.pl\/index.php\/lazienka-z-plytkami-marmurowymi-i-wanna-wolnostojaca\/\" \/>\n<meta property=\"og:site_name\" content=\"Architekt Pozna\u0144 - projekty dom\u00f3w, projekty wn\u0119trz\" \/>\n<meta property=\"article:publisher\" content=\"https:\/\/www.facebook.com\/RynkowskiDesign\" \/>\n<meta property=\"article:modified_time\" content=\"2021-02-15T13:41:54+00:00\" \/>\n<meta property=\"og:image\" content=\"https:\/\/rynkowskidesign.pl\/wp-content\/uploads\/2019\/06\/\u0142azienka-A-3-1.jpg\" \/>\n<meta name=\"twitter:card\" content=\"summary_large_image\" \/>\n<script type=\"application\/ld+json\" class=\"yoast-schema-graph\">{\"@context\":\"https:\/\/schema.org\",\"@graph\":[{\"@type\":\"WebPage\",\"@id\":\"https:\/\/rynkowskidesign.pl\/index.php\/lazienka-z-plytkami-marmurowymi-i-wanna-wolnostojaca\/\",\"url\":\"https:\/\/rynkowskidesign.pl\/index.php\/lazienka-z-plytkami-marmurowymi-i-wanna-wolnostojaca\/\",\"name\":\"\u0141azienka z p\u0142ytkami marmurowymi i wann\u0105 wolnostoj\u0105c\u0105 - Architekt Pozna\u0144 - projekty dom\u00f3w, projekty wn\u0119trz\",\"isPartOf\":{\"@id\":\"https:\/\/rynkowskidesign.pl\/#website\"},\"datePublished\":\"2021-02-15T08:55:25+00:00\",\"dateModified\":\"2021-02-15T13:41:54+00:00\",\"breadcrumb\":{\"@id\":\"https:\/\/rynkowskidesign.pl\/index.php\/lazienka-z-plytkami-marmurowymi-i-wanna-wolnostojaca\/#breadcrumb\"},\"inLanguage\":\"en-US\",\"potentialAction\":[{\"@type\":\"ReadAction\",\"target\":[\"https:\/\/rynkowskidesign.pl\/index.php\/lazienka-z-plytkami-marmurowymi-i-wanna-wolnostojaca\/\"]}]},{\"@type\":\"BreadcrumbList\",\"@id\":\"https:\/\/rynkowskidesign.pl\/index.php\/lazienka-z-plytkami-marmurowymi-i-wanna-wolnostojaca\/#breadcrumb\",\"itemListElement\":[{\"@type\":\"ListItem\",\"position\":1,\"name\":\"Home\",\"item\":\"https:\/\/rynkowskidesign.pl\/\"},{\"@type\":\"ListItem\",\"position\":2,\"name\":\"\u0141azienka z p\u0142ytkami marmurowymi i wann\u0105 wolnostoj\u0105c\u0105\"}]},{\"@type\":\"WebSite\",\"@id\":\"https:\/\/rynkowskidesign.pl\/#website\",\"url\":\"https:\/\/rynkowskidesign.pl\/\",\"name\":\"Architekt Pozna\u0144 - projekty dom\u00f3w, projekty wn\u0119trz\",\"description\":\"Rynkowski Design\",\"publisher\":{\"@id\":\"https:\/\/rynkowskidesign.pl\/#organization\"},\"potentialAction\":[{\"@type\":\"SearchAction\",\"target\":{\"@type\":\"EntryPoint\",\"urlTemplate\":\"https:\/\/rynkowskidesign.pl\/?s={search_term_string}\"},\"query-input\":\"required name=search_term_string\"}],\"inLanguage\":\"en-US\"},{\"@type\":\"Organization\",\"@id\":\"https:\/\/rynkowskidesign.pl\/#organization\",\"name\":\"Rynkowski Design\",\"url\":\"https:\/\/rynkowskidesign.pl\/\",\"logo\":{\"@type\":\"ImageObject\",\"inLanguage\":\"en-US\",\"@id\":\"https:\/\/rynkowskidesign.pl\/#\/schema\/logo\/image\/\",\"url\":\"https:\/\/rynkowskidesign.pl\/wp-content\/uploads\/2018\/05\/cropped-2.png\",\"contentUrl\":\"https:\/\/rynkowskidesign.pl\/wp-content\/uploads\/2018\/05\/cropped-2.png\",\"width\":512,\"height\":512,\"caption\":\"Rynkowski Design\"},\"image\":{\"@id\":\"https:\/\/rynkowskidesign.pl\/#\/schema\/logo\/image\/\"},\"sameAs\":[\"https:\/\/www.facebook.com\/RynkowskiDesign\",\"https:\/\/www.instagram.com\/rynkowskidesign\/\",\"https:\/\/www.youtube.com\/channel\/UCzBFs6JGA0RxNvGBJmxe5nQ\"]}]}<\/script>\n<!-- \/ Yoast SEO plugin. -->","yoast_head_json":{"title":"\u0141azienka z p\u0142ytkami marmurowymi i wann\u0105 wolnostoj\u0105c\u0105 - Architekt Pozna\u0144 - projekty dom\u00f3w, projekty wn\u0119trz","robots":{"index":"index","follow":"follow","max-snippet":"max-snippet:-1","max-image-preview":"max-image-preview:large","max-video-preview":"max-video-preview:-1"},"canonical":"https:\/\/rynkowskidesign.pl\/index.php\/lazienka-z-plytkami-marmurowymi-i-wanna-wolnostojaca\/","og_locale":"en_US","og_type":"article","og_title":"\u0141azienka z p\u0142ytkami marmurowymi i wann\u0105 wolnostoj\u0105c\u0105 - Architekt Pozna\u0144 - projekty dom\u00f3w, projekty wn\u0119trz","og_description":"Projekt klasycznej \u0142azienki","og_url":"https:\/\/rynkowskidesign.pl\/index.php\/lazienka-z-plytkami-marmurowymi-i-wanna-wolnostojaca\/","og_site_name":"Architekt Pozna\u0144 - projekty dom\u00f3w, projekty wn\u0119trz","article_publisher":"https:\/\/www.facebook.com\/RynkowskiDesign","article_modified_time":"2021-02-15T13:41:54+00:00","og_image":[{"url":"https:\/\/rynkowskidesign.pl\/wp-content\/uploads\/2019\/06\/\u0142azienka-A-3-1.jpg"}],"twitter_card":"summary_large_image","schema":{"@context":"https:\/\/schema.org","@graph":[{"@type":"WebPage","@id":"https:\/\/rynkowskidesign.pl\/index.php\/lazienka-z-plytkami-marmurowymi-i-wanna-wolnostojaca\/","url":"https:\/\/rynkowskidesign.pl\/index.php\/lazienka-z-plytkami-marmurowymi-i-wanna-wolnostojaca\/","name":"\u0141azienka z p\u0142ytkami marmurowymi i wann\u0105 wolnostoj\u0105c\u0105 - Architekt Pozna\u0144 - projekty dom\u00f3w, projekty wn\u0119trz","isPartOf":{"@id":"https:\/\/rynkowskidesign.pl\/#website"},"datePublished":"2021-02-15T08:55:25+00:00","dateModified":"2021-02-15T13:41:54+00:00","breadcrumb":{"@id":"https:\/\/rynkowskidesign.pl\/index.php\/lazienka-z-plytkami-marmurowymi-i-wanna-wolnostojaca\/#breadcrumb"},"inLanguage":"en-US","potentialAction":[{"@type":"ReadAction","target":["https:\/\/rynkowskidesign.pl\/index.php\/lazienka-z-plytkami-marmurowymi-i-wanna-wolnostojaca\/"]}]},{"@type":"BreadcrumbList","@id":"https:\/\/rynkowskidesign.pl\/index.php\/lazienka-z-plytkami-marmurowymi-i-wanna-wolnostojaca\/#breadcrumb","itemListElement":[{"@type":"ListItem","position":1,"name":"Home","item":"https:\/\/rynkowskidesign.pl\/"},{"@type":"ListItem","position":2,"name":"\u0141azienka z p\u0142ytkami marmurowymi i wann\u0105 wolnostoj\u0105c\u0105"}]},{"@type":"WebSite","@id":"https:\/\/rynkowskidesign.pl\/#website","url":"https:\/\/rynkowskidesign.pl\/","name":"Architekt Pozna\u0144 - projekty dom\u00f3w, projekty wn\u0119trz","description":"Rynkowski Design","publisher":{"@id":"https:\/\/rynkowskidesign.pl\/#organization"},"potentialAction":[{"@type":"SearchAction","target":{"@type":"EntryPoint","urlTemplate":"https:\/\/rynkowskidesign.pl\/?s={search_term_string}"},"query-input":"required name=search_term_string"}],"inLanguage":"en-US"},{"@type":"Organization","@id":"https:\/\/rynkowskidesign.pl\/#organization","name":"Rynkowski Design","url":"https:\/\/rynkowskidesign.pl\/","logo":{"@type":"ImageObject","inLanguage":"en-US","@id":"https:\/\/rynkowskidesign.pl\/#\/schema\/logo\/image\/","url":"https:\/\/rynkowskidesign.pl\/wp-content\/uploads\/2018\/05\/cropped-2.png","contentUrl":"https:\/\/rynkowskidesign.pl\/wp-content\/uploads\/2018\/05\/cropped-2.png","width":512,"height":512,"caption":"Rynkowski Design"},"image":{"@id":"https:\/\/rynkowskidesign.pl\/#\/schema\/logo\/image\/"},"sameAs":["https:\/\/www.facebook.com\/RynkowskiDesign","https:\/\/www.instagram.com\/rynkowskidesign\/","https:\/\/www.youtube.com\/channel\/UCzBFs6JGA0RxNvGBJmxe5nQ"]}]}},"_links":{"self":[{"href":"https:\/\/rynkowskidesign.pl\/index.php\/wp-json\/wp\/v2\/pages\/3628"}],"collection":[{"href":"https:\/\/rynkowskidesign.pl\/index.php\/wp-json\/wp\/v2\/pages"}],"about":[{"href":"https:\/\/rynkowskidesign.pl\/index.php\/wp-json\/wp\/v2\/types\/page"}],"author":[{"embeddable":true,"href":"https:\/\/rynkowskidesign.pl\/index.php\/wp-json\/wp\/v2\/users\/1"}],"replies":[{"embeddable":true,"href":"https:\/\/rynkowskidesign.pl\/index.php\/wp-json\/wp\/v2\/comments?post=3628"}],"version-history":[{"count":2,"href":"https:\/\/rynkowskidesign.pl\/index.php\/wp-json\/wp\/v2\/pages\/3628\/revisions"}],"predecessor-version":[{"id":3816,"href":"https:\/\/rynkowskidesign.pl\/index.php\/wp-json\/wp\/v2\/pages\/3628\/revisions\/3816"}],"wp:attachment":[{"href":"https:\/\/rynkowskidesign.pl\/index.php\/wp-json\/wp\/v2\/media?parent=3628"}],"curies":[{"name":"wp","href":"https:\/\/api.w.org\/{rel}","templated":true}]}}