{"id":3633,"date":"2021-02-15T09:52:54","date_gmt":"2021-02-15T09:52:54","guid":{"rendered":"https:\/\/rynkowskidesign.pl\/?page_id=3633"},"modified":"2021-02-15T13:43:03","modified_gmt":"2021-02-15T13:43:03","slug":"lazienka-z-drewnem","status":"publish","type":"page","link":"https:\/\/rynkowskidesign.pl\/index.php\/lazienka-z-drewnem\/","title":{"rendered":"\u0141azienka z drewnem"},"content":{"rendered":"\n<h2 class=\"has-text-align-center wp-block-heading\" id=\"block-f873aba7-3cce-4e9e-b835-309d97f428e8\">\u0141azienka z prysznicem w aran\u017cacji z p\u0142ytkami imituj\u0105cymi beton<\/h2>\n\n\n\n<div class=\"wp-block-columns is-layout-flex wp-container-3\">\n<div class=\"wp-block-column is-layout-flow\">\n<figure class=\"wp-block-image size-full\"><img decoding=\"async\" width=\"2456\" height=\"3473\" src=\"https:\/\/rynkowskidesign.pl\/wp-content\/uploads\/2019\/05\/22.jpg\" alt=\"\" class=\"wp-image-904\" srcset=\"https:\/\/rynkowskidesign.pl\/wp-content\/uploads\/2019\/05\/22.jpg 2456w, https:\/\/rynkowskidesign.pl\/wp-content\/uploads\/2019\/05\/22-212x300.jpg 212w, https:\/\/rynkowskidesign.pl\/wp-content\/uploads\/2019\/05\/22-768x1086.jpg 768w, https:\/\/rynkowskidesign.pl\/wp-content\/uploads\/2019\/05\/22-724x1024.jpg 724w\" sizes=\"(max-width: 2456px) 100vw, 2456px\" \/><\/figure>\n<\/div>\n\n\n\n<div class=\"wp-block-column is-layout-flow\">\n<figure class=\"wp-block-image size-full is-resized\"><img decoding=\"async\" src=\"https:\/\/rynkowskidesign.pl\/wp-content\/uploads\/2019\/05\/24.jpg\" alt=\"\" class=\"wp-image-905\" width=\"570\" height=\"806\" srcset=\"https:\/\/rynkowskidesign.pl\/wp-content\/uploads\/2019\/05\/24.jpg 543w, https:\/\/rynkowskidesign.pl\/wp-content\/uploads\/2019\/05\/24-212x300.jpg 212w\" sizes=\"(max-width: 570px) 100vw, 570px\" \/><\/figure>\n<\/div>\n<\/div>\n\n\n\n<div class=\"wp-block-image\"><figure class=\"aligncenter size-full is-resized\"><img decoding=\"async\" src=\"https:\/\/rynkowskidesign.pl\/wp-content\/uploads\/2018\/09\/\u0142azienka-05-2.jpg\" alt=\"\" class=\"wp-image-603\" width=\"771\" height=\"544\" srcset=\"https:\/\/rynkowskidesign.pl\/wp-content\/uploads\/2018\/09\/\u0142azienka-05-2.jpg 1228w, https:\/\/rynkowskidesign.pl\/wp-content\/uploads\/2018\/09\/\u0142azienka-05-2-300x212.jpg 300w, https:\/\/rynkowskidesign.pl\/wp-content\/uploads\/2018\/09\/\u0142azienka-05-2-768x543.jpg 768w, https:\/\/rynkowskidesign.pl\/wp-content\/uploads\/2018\/09\/\u0142azienka-05-2-1024x724.jpg 1024w\" sizes=\"(max-width: 771px) 100vw, 771px\" \/><\/figure><\/div>\n\n\n\n<div class=\"wp-block-buttons is-layout-flex\">\n<div class=\"wp-block-button\"><a class=\"wp-block-button__link\" href=\"https:\/\/rynkowskidesign.pl\/index.php\/projekty\/\">WSTECZ<\/a><\/div>\n<\/div>\n","protected":false},"excerpt":{"rendered":"<p>\u0141azienka z prysznicem w aran\u017cacji z p\u0142ytkami imituj\u0105cymi beton<\/p>\n","protected":false},"author":1,"featured_media":0,"parent":0,"menu_order":0,"comment_status":"closed","ping_status":"closed","template":"","meta":{"neve_meta_sidebar":"full-width","neve_meta_container":"","neve_meta_enable_content_width":"on","neve_meta_content_width":100,"neve_meta_title_alignment":"","neve_meta_author_avatar":"","neve_post_elements_order":"","neve_meta_disable_header":"","neve_meta_disable_footer":"","neve_meta_disable_title":"","_themeisle_gutenberg_block_has_review":false},"yoast_head":"<!-- This site is optimized with the Yoast SEO plugin v21.4 - https:\/\/yoast.com\/wordpress\/plugins\/seo\/ -->\n<title>\u0141azienka z drewnem - Architekt Pozna\u0144 - projekty dom\u00f3w, projekty wn\u0119trz<\/title>\n<meta name=\"robots\" content=\"index, follow, max-snippet:-1, max-image-preview:large, max-video-preview:-1\" \/>\n<link rel=\"canonical\" href=\"https:\/\/rynkowskidesign.pl\/index.php\/lazienka-z-drewnem\/\" \/>\n<meta property=\"og:locale\" content=\"en_US\" \/>\n<meta property=\"og:type\" content=\"article\" \/>\n<meta property=\"og:title\" content=\"\u0141azienka z drewnem - Architekt Pozna\u0144 - projekty dom\u00f3w, projekty wn\u0119trz\" \/>\n<meta property=\"og:description\" content=\"\u0141azienka z prysznicem w aran\u017cacji z p\u0142ytkami imituj\u0105cymi beton\" \/>\n<meta property=\"og:url\" content=\"https:\/\/rynkowskidesign.pl\/index.php\/lazienka-z-drewnem\/\" \/>\n<meta property=\"og:site_name\" content=\"Architekt Pozna\u0144 - projekty dom\u00f3w, projekty wn\u0119trz\" \/>\n<meta property=\"article:publisher\" content=\"https:\/\/www.facebook.com\/RynkowskiDesign\" \/>\n<meta property=\"article:modified_time\" content=\"2021-02-15T13:43:03+00:00\" \/>\n<meta property=\"og:image\" content=\"https:\/\/rynkowskidesign.pl\/wp-content\/uploads\/2019\/05\/22.jpg\" \/>\n<meta name=\"twitter:card\" content=\"summary_large_image\" \/>\n<script type=\"application\/ld+json\" class=\"yoast-schema-graph\">{\"@context\":\"https:\/\/schema.org\",\"@graph\":[{\"@type\":\"WebPage\",\"@id\":\"https:\/\/rynkowskidesign.pl\/index.php\/lazienka-z-drewnem\/\",\"url\":\"https:\/\/rynkowskidesign.pl\/index.php\/lazienka-z-drewnem\/\",\"name\":\"\u0141azienka z drewnem - Architekt Pozna\u0144 - projekty dom\u00f3w, projekty wn\u0119trz\",\"isPartOf\":{\"@id\":\"https:\/\/rynkowskidesign.pl\/#website\"},\"datePublished\":\"2021-02-15T09:52:54+00:00\",\"dateModified\":\"2021-02-15T13:43:03+00:00\",\"breadcrumb\":{\"@id\":\"https:\/\/rynkowskidesign.pl\/index.php\/lazienka-z-drewnem\/#breadcrumb\"},\"inLanguage\":\"en-US\",\"potentialAction\":[{\"@type\":\"ReadAction\",\"target\":[\"https:\/\/rynkowskidesign.pl\/index.php\/lazienka-z-drewnem\/\"]}]},{\"@type\":\"BreadcrumbList\",\"@id\":\"https:\/\/rynkowskidesign.pl\/index.php\/lazienka-z-drewnem\/#breadcrumb\",\"itemListElement\":[{\"@type\":\"ListItem\",\"position\":1,\"name\":\"Home\",\"item\":\"https:\/\/rynkowskidesign.pl\/\"},{\"@type\":\"ListItem\",\"position\":2,\"name\":\"\u0141azienka z drewnem\"}]},{\"@type\":\"WebSite\",\"@id\":\"https:\/\/rynkowskidesign.pl\/#website\",\"url\":\"https:\/\/rynkowskidesign.pl\/\",\"name\":\"Architekt Pozna\u0144 - projekty dom\u00f3w, projekty wn\u0119trz\",\"description\":\"Rynkowski Design\",\"publisher\":{\"@id\":\"https:\/\/rynkowskidesign.pl\/#organization\"},\"potentialAction\":[{\"@type\":\"SearchAction\",\"target\":{\"@type\":\"EntryPoint\",\"urlTemplate\":\"https:\/\/rynkowskidesign.pl\/?s={search_term_string}\"},\"query-input\":\"required name=search_term_string\"}],\"inLanguage\":\"en-US\"},{\"@type\":\"Organization\",\"@id\":\"https:\/\/rynkowskidesign.pl\/#organization\",\"name\":\"Rynkowski Design\",\"url\":\"https:\/\/rynkowskidesign.pl\/\",\"logo\":{\"@type\":\"ImageObject\",\"inLanguage\":\"en-US\",\"@id\":\"https:\/\/rynkowskidesign.pl\/#\/schema\/logo\/image\/\",\"url\":\"https:\/\/rynkowskidesign.pl\/wp-content\/uploads\/2018\/05\/cropped-2.png\",\"contentUrl\":\"https:\/\/rynkowskidesign.pl\/wp-content\/uploads\/2018\/05\/cropped-2.png\",\"width\":512,\"height\":512,\"caption\":\"Rynkowski Design\"},\"image\":{\"@id\":\"https:\/\/rynkowskidesign.pl\/#\/schema\/logo\/image\/\"},\"sameAs\":[\"https:\/\/www.facebook.com\/RynkowskiDesign\",\"https:\/\/www.instagram.com\/rynkowskidesign\/\",\"https:\/\/www.youtube.com\/channel\/UCzBFs6JGA0RxNvGBJmxe5nQ\"]}]}<\/script>\n<!-- \/ Yoast SEO plugin. -->","yoast_head_json":{"title":"\u0141azienka z drewnem - Architekt Pozna\u0144 - projekty dom\u00f3w, projekty wn\u0119trz","robots":{"index":"index","follow":"follow","max-snippet":"max-snippet:-1","max-image-preview":"max-image-preview:large","max-video-preview":"max-video-preview:-1"},"canonical":"https:\/\/rynkowskidesign.pl\/index.php\/lazienka-z-drewnem\/","og_locale":"en_US","og_type":"article","og_title":"\u0141azienka z drewnem - Architekt Pozna\u0144 - projekty dom\u00f3w, projekty wn\u0119trz","og_description":"\u0141azienka z prysznicem w aran\u017cacji z p\u0142ytkami imituj\u0105cymi beton","og_url":"https:\/\/rynkowskidesign.pl\/index.php\/lazienka-z-drewnem\/","og_site_name":"Architekt Pozna\u0144 - projekty dom\u00f3w, projekty wn\u0119trz","article_publisher":"https:\/\/www.facebook.com\/RynkowskiDesign","article_modified_time":"2021-02-15T13:43:03+00:00","og_image":[{"url":"https:\/\/rynkowskidesign.pl\/wp-content\/uploads\/2019\/05\/22.jpg"}],"twitter_card":"summary_large_image","schema":{"@context":"https:\/\/schema.org","@graph":[{"@type":"WebPage","@id":"https:\/\/rynkowskidesign.pl\/index.php\/lazienka-z-drewnem\/","url":"https:\/\/rynkowskidesign.pl\/index.php\/lazienka-z-drewnem\/","name":"\u0141azienka z drewnem - Architekt Pozna\u0144 - projekty dom\u00f3w, projekty wn\u0119trz","isPartOf":{"@id":"https:\/\/rynkowskidesign.pl\/#website"},"datePublished":"2021-02-15T09:52:54+00:00","dateModified":"2021-02-15T13:43:03+00:00","breadcrumb":{"@id":"https:\/\/rynkowskidesign.pl\/index.php\/lazienka-z-drewnem\/#breadcrumb"},"inLanguage":"en-US","potentialAction":[{"@type":"ReadAction","target":["https:\/\/rynkowskidesign.pl\/index.php\/lazienka-z-drewnem\/"]}]},{"@type":"BreadcrumbList","@id":"https:\/\/rynkowskidesign.pl\/index.php\/lazienka-z-drewnem\/#breadcrumb","itemListElement":[{"@type":"ListItem","position":1,"name":"Home","item":"https:\/\/rynkowskidesign.pl\/"},{"@type":"ListItem","position":2,"name":"\u0141azienka z drewnem"}]},{"@type":"WebSite","@id":"https:\/\/rynkowskidesign.pl\/#website","url":"https:\/\/rynkowskidesign.pl\/","name":"Architekt Pozna\u0144 - projekty dom\u00f3w, projekty wn\u0119trz","description":"Rynkowski Design","publisher":{"@id":"https:\/\/rynkowskidesign.pl\/#organization"},"potentialAction":[{"@type":"SearchAction","target":{"@type":"EntryPoint","urlTemplate":"https:\/\/rynkowskidesign.pl\/?s={search_term_string}"},"query-input":"required name=search_term_string"}],"inLanguage":"en-US"},{"@type":"Organization","@id":"https:\/\/rynkowskidesign.pl\/#organization","name":"Rynkowski Design","url":"https:\/\/rynkowskidesign.pl\/","logo":{"@type":"ImageObject","inLanguage":"en-US","@id":"https:\/\/rynkowskidesign.pl\/#\/schema\/logo\/image\/","url":"https:\/\/rynkowskidesign.pl\/wp-content\/uploads\/2018\/05\/cropped-2.png","contentUrl":"https:\/\/rynkowskidesign.pl\/wp-content\/uploads\/2018\/05\/cropped-2.png","width":512,"height":512,"caption":"Rynkowski Design"},"image":{"@id":"https:\/\/rynkowskidesign.pl\/#\/schema\/logo\/image\/"},"sameAs":["https:\/\/www.facebook.com\/RynkowskiDesign","https:\/\/www.instagram.com\/rynkowskidesign\/","https:\/\/www.youtube.com\/channel\/UCzBFs6JGA0RxNvGBJmxe5nQ"]}]}},"_links":{"self":[{"href":"https:\/\/rynkowskidesign.pl\/index.php\/wp-json\/wp\/v2\/pages\/3633"}],"collection":[{"href":"https:\/\/rynkowskidesign.pl\/index.php\/wp-json\/wp\/v2\/pages"}],"about":[{"href":"https:\/\/rynkowskidesign.pl\/index.php\/wp-json\/wp\/v2\/types\/page"}],"author":[{"embeddable":true,"href":"https:\/\/rynkowskidesign.pl\/index.php\/wp-json\/wp\/v2\/users\/1"}],"replies":[{"embeddable":true,"href":"https:\/\/rynkowskidesign.pl\/index.php\/wp-json\/wp\/v2\/comments?post=3633"}],"version-history":[{"count":2,"href":"https:\/\/rynkowskidesign.pl\/index.php\/wp-json\/wp\/v2\/pages\/3633\/revisions"}],"predecessor-version":[{"id":3817,"href":"https:\/\/rynkowskidesign.pl\/index.php\/wp-json\/wp\/v2\/pages\/3633\/revisions\/3817"}],"wp:attachment":[{"href":"https:\/\/rynkowskidesign.pl\/index.php\/wp-json\/wp\/v2\/media?parent=3633"}],"curies":[{"name":"wp","href":"https:\/\/api.w.org\/{rel}","templated":true}]}}