{"id":3997,"date":"2021-04-22T08:55:26","date_gmt":"2021-04-22T08:55:26","guid":{"rendered":"https:\/\/rynkowskidesign.pl\/?page_id=3997"},"modified":"2023-09-18T02:06:27","modified_gmt":"2023-09-18T02:06:27","slug":"projekt-domku-letniskowego","status":"publish","type":"page","link":"https:\/\/rynkowskidesign.pl\/index.php\/projekt-domku-letniskowego\/","title":{"rendered":"Projekt domku letniskowego"},"content":{"rendered":"\n<h2 class=\"wp-block-heading\" id=\"block-140c0a55-b707-430c-990c-98b49686052a\" style=\"font-size:30px\">Dom letniskowy<\/h2>\n\n\n\n<div style=\"height:20px\" aria-hidden=\"true\" class=\"wp-block-spacer\"><\/div>\n\n\n<div class=\"wp-block-image\">\n<figure class=\"aligncenter size-full\"><img decoding=\"async\" width=\"2560\" height=\"1920\" src=\"https:\/\/rynkowskidesign.pl\/wp-content\/uploads\/2021\/04\/domek-letniskowy-3-scaled.jpg\" alt=\"\" class=\"wp-image-3998\" srcset=\"https:\/\/rynkowskidesign.pl\/wp-content\/uploads\/2021\/04\/domek-letniskowy-3-scaled.jpg 2560w, https:\/\/rynkowskidesign.pl\/wp-content\/uploads\/2021\/04\/domek-letniskowy-3-300x225.jpg 300w, https:\/\/rynkowskidesign.pl\/wp-content\/uploads\/2021\/04\/domek-letniskowy-3-1024x768.jpg 1024w, https:\/\/rynkowskidesign.pl\/wp-content\/uploads\/2021\/04\/domek-letniskowy-3-768x576.jpg 768w, https:\/\/rynkowskidesign.pl\/wp-content\/uploads\/2021\/04\/domek-letniskowy-3-1536x1152.jpg 1536w, https:\/\/rynkowskidesign.pl\/wp-content\/uploads\/2021\/04\/domek-letniskowy-3-2048x1536.jpg 2048w\" sizes=\"(max-width: 2560px) 100vw, 2560px\" \/><\/figure><\/div>\n\n\n<div style=\"height:18px\" aria-hidden=\"true\" class=\"wp-block-spacer\"><\/div>\n\n\n\n<p class=\"has-text-align-center\" style=\"font-size:18px\">Prosta, nowoczesna architektura pozwala na harmonijne wkomponowanie si\u0119 w otoczenie, jednocze\u015bnie zapewniaj\u0105c komfort <br>i funkcjonalno\u015b\u0107. Du\u017ce okna pozwalaj\u0105 cieszy\u0107 si\u0119 widokiem na jezioro i wpuszczaj\u0105 do wn\u0119trza mn\u00f3stwo naturalnego \u015bwiat\u0142a.<\/p>\n\n\n\n<div style=\"height:18px\" aria-hidden=\"true\" class=\"wp-block-spacer\"><\/div>\n\n\n<div class=\"wp-block-image\">\n<figure class=\"aligncenter size-full\"><img decoding=\"async\" width=\"2560\" height=\"1920\" src=\"https:\/\/rynkowskidesign.pl\/wp-content\/uploads\/2021\/04\/domek-letniskowy-1-1-scaled.jpg\" alt=\"\" class=\"wp-image-4002\" srcset=\"https:\/\/rynkowskidesign.pl\/wp-content\/uploads\/2021\/04\/domek-letniskowy-1-1-scaled.jpg 2560w, https:\/\/rynkowskidesign.pl\/wp-content\/uploads\/2021\/04\/domek-letniskowy-1-1-300x225.jpg 300w, https:\/\/rynkowskidesign.pl\/wp-content\/uploads\/2021\/04\/domek-letniskowy-1-1-1024x768.jpg 1024w, https:\/\/rynkowskidesign.pl\/wp-content\/uploads\/2021\/04\/domek-letniskowy-1-1-768x576.jpg 768w, https:\/\/rynkowskidesign.pl\/wp-content\/uploads\/2021\/04\/domek-letniskowy-1-1-1536x1152.jpg 1536w, https:\/\/rynkowskidesign.pl\/wp-content\/uploads\/2021\/04\/domek-letniskowy-1-1-2048x1536.jpg 2048w\" sizes=\"(max-width: 2560px) 100vw, 2560px\" \/><\/figure><\/div>\n\n\n<div style=\"height:18px\" aria-hidden=\"true\" class=\"wp-block-spacer\"><\/div>\n\n\n\n<p class=\"has-text-align-center\" style=\"font-size:18px\">Architektura domku letniskowego utrzymana jest w prostocie formy, z wykorzystaniem drewna, kt\u00f3re nadaje mu ciep\u0142a <br>i przytulno\u015bci. <\/p>\n\n\n\n<div style=\"height:18px\" aria-hidden=\"true\" class=\"wp-block-spacer\"><\/div>\n\n\n<div class=\"wp-block-image\">\n<figure class=\"aligncenter size-full\"><img decoding=\"async\" width=\"2560\" height=\"1920\" src=\"https:\/\/rynkowskidesign.pl\/wp-content\/uploads\/2021\/04\/domek-letniskowy-4-scaled.jpg\" alt=\"\" class=\"wp-image-3999\" srcset=\"https:\/\/rynkowskidesign.pl\/wp-content\/uploads\/2021\/04\/domek-letniskowy-4-scaled.jpg 2560w, https:\/\/rynkowskidesign.pl\/wp-content\/uploads\/2021\/04\/domek-letniskowy-4-300x225.jpg 300w, https:\/\/rynkowskidesign.pl\/wp-content\/uploads\/2021\/04\/domek-letniskowy-4-1024x768.jpg 1024w, https:\/\/rynkowskidesign.pl\/wp-content\/uploads\/2021\/04\/domek-letniskowy-4-768x576.jpg 768w, https:\/\/rynkowskidesign.pl\/wp-content\/uploads\/2021\/04\/domek-letniskowy-4-1536x1152.jpg 1536w, https:\/\/rynkowskidesign.pl\/wp-content\/uploads\/2021\/04\/domek-letniskowy-4-2048x1536.jpg 2048w\" sizes=\"(max-width: 2560px) 100vw, 2560px\" \/><\/figure><\/div>\n\n\n<div style=\"height:5px\" aria-hidden=\"true\" class=\"wp-block-spacer\"><\/div>\n\n\n\n<p class=\"has-text-align-center\">Zaproponowany taras nadaje si\u0119 idealnie na porann\u0105 kaw\u0119 z widokiem na jezioro lub wieczorne spotkania przy grillu <br>z rodzin\u0105 i przyjaci\u00f3\u0142mi.<\/p>\n\n\n\n<div style=\"height:18px\" aria-hidden=\"true\" class=\"wp-block-spacer\"><\/div>\n","protected":false},"excerpt":{"rendered":"<p>Dom letniskowy Prosta, nowoczesna architektura pozwala na harmonijne wkomponowanie si\u0119 w otoczenie, jednocze\u015bnie zapewniaj\u0105c komfort i funkcjonalno\u015b\u0107. Du\u017ce okna pozwalaj\u0105 cieszy\u0107 si\u0119 widokiem na jezioro i wpuszczaj\u0105 do wn\u0119trza mn\u00f3stwo naturalnego \u015bwiat\u0142a. Architektura domku letniskowego utrzymana jest w prostocie formy, z wykorzystaniem drewna, kt\u00f3re nadaje mu ciep\u0142a i przytulno\u015bci. Zaproponowany taras nadaje si\u0119 idealnie na&hellip;&nbsp;<a href=\"https:\/\/rynkowskidesign.pl\/index.php\/projekt-domku-letniskowego\/\" class=\"\" rel=\"bookmark\">Read More &raquo;<span class=\"screen-reader-text\">Projekt domku letniskowego<\/span><\/a><\/p>\n","protected":false},"author":1,"featured_media":0,"parent":0,"menu_order":0,"comment_status":"closed","ping_status":"closed","template":"","meta":{"neve_meta_sidebar":"full-width","neve_meta_container":"","neve_meta_enable_content_width":"on","neve_meta_content_width":100,"neve_meta_title_alignment":"","neve_meta_author_avatar":"","neve_post_elements_order":"","neve_meta_disable_header":"","neve_meta_disable_footer":"","neve_meta_disable_title":"","_themeisle_gutenberg_block_has_review":false},"yoast_head":"<!-- This site is optimized with the Yoast SEO plugin v21.4 - https:\/\/yoast.com\/wordpress\/plugins\/seo\/ -->\n<title>Projekt domku letniskowego - Architekt Pozna\u0144 - projekty dom\u00f3w, projekty wn\u0119trz<\/title>\n<meta name=\"robots\" content=\"index, follow, max-snippet:-1, max-image-preview:large, max-video-preview:-1\" \/>\n<link rel=\"canonical\" href=\"https:\/\/rynkowskidesign.pl\/index.php\/projekt-domku-letniskowego\/\" \/>\n<meta property=\"og:locale\" content=\"en_US\" \/>\n<meta property=\"og:type\" content=\"article\" \/>\n<meta property=\"og:title\" content=\"Projekt domku letniskowego - Architekt Pozna\u0144 - projekty dom\u00f3w, projekty wn\u0119trz\" \/>\n<meta property=\"og:description\" content=\"Dom letniskowy Prosta, nowoczesna architektura pozwala na harmonijne wkomponowanie si\u0119 w otoczenie, jednocze\u015bnie zapewniaj\u0105c komfort i funkcjonalno\u015b\u0107. Du\u017ce okna pozwalaj\u0105 cieszy\u0107 si\u0119 widokiem na jezioro i wpuszczaj\u0105 do wn\u0119trza mn\u00f3stwo naturalnego \u015bwiat\u0142a. Architektura domku letniskowego utrzymana jest w prostocie formy, z wykorzystaniem drewna, kt\u00f3re nadaje mu ciep\u0142a i przytulno\u015bci. Zaproponowany taras nadaje si\u0119 idealnie na&hellip;&nbsp;Read More &raquo;Projekt domku letniskowego\" \/>\n<meta property=\"og:url\" content=\"https:\/\/rynkowskidesign.pl\/index.php\/projekt-domku-letniskowego\/\" \/>\n<meta property=\"og:site_name\" content=\"Architekt Pozna\u0144 - projekty dom\u00f3w, projekty wn\u0119trz\" \/>\n<meta property=\"article:publisher\" content=\"https:\/\/www.facebook.com\/RynkowskiDesign\" \/>\n<meta property=\"article:modified_time\" content=\"2023-09-18T02:06:27+00:00\" \/>\n<meta property=\"og:image\" content=\"https:\/\/rynkowskidesign.pl\/wp-content\/uploads\/2021\/04\/domek-letniskowy-3-scaled.jpg\" \/>\n<meta name=\"twitter:card\" content=\"summary_large_image\" \/>\n<meta name=\"twitter:label1\" content=\"Est. reading time\" \/>\n\t<meta name=\"twitter:data1\" content=\"1 minute\" \/>\n<script type=\"application\/ld+json\" class=\"yoast-schema-graph\">{\"@context\":\"https:\/\/schema.org\",\"@graph\":[{\"@type\":\"WebPage\",\"@id\":\"https:\/\/rynkowskidesign.pl\/index.php\/projekt-domku-letniskowego\/\",\"url\":\"https:\/\/rynkowskidesign.pl\/index.php\/projekt-domku-letniskowego\/\",\"name\":\"Projekt domku letniskowego - Architekt Pozna\u0144 - projekty dom\u00f3w, projekty wn\u0119trz\",\"isPartOf\":{\"@id\":\"https:\/\/rynkowskidesign.pl\/#website\"},\"datePublished\":\"2021-04-22T08:55:26+00:00\",\"dateModified\":\"2023-09-18T02:06:27+00:00\",\"breadcrumb\":{\"@id\":\"https:\/\/rynkowskidesign.pl\/index.php\/projekt-domku-letniskowego\/#breadcrumb\"},\"inLanguage\":\"en-US\",\"potentialAction\":[{\"@type\":\"ReadAction\",\"target\":[\"https:\/\/rynkowskidesign.pl\/index.php\/projekt-domku-letniskowego\/\"]}]},{\"@type\":\"BreadcrumbList\",\"@id\":\"https:\/\/rynkowskidesign.pl\/index.php\/projekt-domku-letniskowego\/#breadcrumb\",\"itemListElement\":[{\"@type\":\"ListItem\",\"position\":1,\"name\":\"Home\",\"item\":\"https:\/\/rynkowskidesign.pl\/\"},{\"@type\":\"ListItem\",\"position\":2,\"name\":\"Projekt domku letniskowego\"}]},{\"@type\":\"WebSite\",\"@id\":\"https:\/\/rynkowskidesign.pl\/#website\",\"url\":\"https:\/\/rynkowskidesign.pl\/\",\"name\":\"Architekt Pozna\u0144 - projekty dom\u00f3w, projekty wn\u0119trz\",\"description\":\"Rynkowski Design\",\"publisher\":{\"@id\":\"https:\/\/rynkowskidesign.pl\/#organization\"},\"potentialAction\":[{\"@type\":\"SearchAction\",\"target\":{\"@type\":\"EntryPoint\",\"urlTemplate\":\"https:\/\/rynkowskidesign.pl\/?s={search_term_string}\"},\"query-input\":\"required name=search_term_string\"}],\"inLanguage\":\"en-US\"},{\"@type\":\"Organization\",\"@id\":\"https:\/\/rynkowskidesign.pl\/#organization\",\"name\":\"Rynkowski Design\",\"url\":\"https:\/\/rynkowskidesign.pl\/\",\"logo\":{\"@type\":\"ImageObject\",\"inLanguage\":\"en-US\",\"@id\":\"https:\/\/rynkowskidesign.pl\/#\/schema\/logo\/image\/\",\"url\":\"https:\/\/rynkowskidesign.pl\/wp-content\/uploads\/2018\/05\/cropped-2.png\",\"contentUrl\":\"https:\/\/rynkowskidesign.pl\/wp-content\/uploads\/2018\/05\/cropped-2.png\",\"width\":512,\"height\":512,\"caption\":\"Rynkowski Design\"},\"image\":{\"@id\":\"https:\/\/rynkowskidesign.pl\/#\/schema\/logo\/image\/\"},\"sameAs\":[\"https:\/\/www.facebook.com\/RynkowskiDesign\",\"https:\/\/www.instagram.com\/rynkowskidesign\/\",\"https:\/\/www.youtube.com\/channel\/UCzBFs6JGA0RxNvGBJmxe5nQ\"]}]}<\/script>\n<!-- \/ Yoast SEO plugin. -->","yoast_head_json":{"title":"Projekt domku letniskowego - Architekt Pozna\u0144 - projekty dom\u00f3w, projekty wn\u0119trz","robots":{"index":"index","follow":"follow","max-snippet":"max-snippet:-1","max-image-preview":"max-image-preview:large","max-video-preview":"max-video-preview:-1"},"canonical":"https:\/\/rynkowskidesign.pl\/index.php\/projekt-domku-letniskowego\/","og_locale":"en_US","og_type":"article","og_title":"Projekt domku letniskowego - Architekt Pozna\u0144 - projekty dom\u00f3w, projekty wn\u0119trz","og_description":"Dom letniskowy Prosta, nowoczesna architektura pozwala na harmonijne wkomponowanie si\u0119 w otoczenie, jednocze\u015bnie zapewniaj\u0105c komfort i funkcjonalno\u015b\u0107. Du\u017ce okna pozwalaj\u0105 cieszy\u0107 si\u0119 widokiem na jezioro i wpuszczaj\u0105 do wn\u0119trza mn\u00f3stwo naturalnego \u015bwiat\u0142a. Architektura domku letniskowego utrzymana jest w prostocie formy, z wykorzystaniem drewna, kt\u00f3re nadaje mu ciep\u0142a i przytulno\u015bci. Zaproponowany taras nadaje si\u0119 idealnie na&hellip;&nbsp;Read More &raquo;Projekt domku letniskowego","og_url":"https:\/\/rynkowskidesign.pl\/index.php\/projekt-domku-letniskowego\/","og_site_name":"Architekt Pozna\u0144 - projekty dom\u00f3w, projekty wn\u0119trz","article_publisher":"https:\/\/www.facebook.com\/RynkowskiDesign","article_modified_time":"2023-09-18T02:06:27+00:00","og_image":[{"url":"https:\/\/rynkowskidesign.pl\/wp-content\/uploads\/2021\/04\/domek-letniskowy-3-scaled.jpg"}],"twitter_card":"summary_large_image","twitter_misc":{"Est. reading time":"1 minute"},"schema":{"@context":"https:\/\/schema.org","@graph":[{"@type":"WebPage","@id":"https:\/\/rynkowskidesign.pl\/index.php\/projekt-domku-letniskowego\/","url":"https:\/\/rynkowskidesign.pl\/index.php\/projekt-domku-letniskowego\/","name":"Projekt domku letniskowego - Architekt Pozna\u0144 - projekty dom\u00f3w, projekty wn\u0119trz","isPartOf":{"@id":"https:\/\/rynkowskidesign.pl\/#website"},"datePublished":"2021-04-22T08:55:26+00:00","dateModified":"2023-09-18T02:06:27+00:00","breadcrumb":{"@id":"https:\/\/rynkowskidesign.pl\/index.php\/projekt-domku-letniskowego\/#breadcrumb"},"inLanguage":"en-US","potentialAction":[{"@type":"ReadAction","target":["https:\/\/rynkowskidesign.pl\/index.php\/projekt-domku-letniskowego\/"]}]},{"@type":"BreadcrumbList","@id":"https:\/\/rynkowskidesign.pl\/index.php\/projekt-domku-letniskowego\/#breadcrumb","itemListElement":[{"@type":"ListItem","position":1,"name":"Home","item":"https:\/\/rynkowskidesign.pl\/"},{"@type":"ListItem","position":2,"name":"Projekt domku letniskowego"}]},{"@type":"WebSite","@id":"https:\/\/rynkowskidesign.pl\/#website","url":"https:\/\/rynkowskidesign.pl\/","name":"Architekt Pozna\u0144 - projekty dom\u00f3w, projekty wn\u0119trz","description":"Rynkowski Design","publisher":{"@id":"https:\/\/rynkowskidesign.pl\/#organization"},"potentialAction":[{"@type":"SearchAction","target":{"@type":"EntryPoint","urlTemplate":"https:\/\/rynkowskidesign.pl\/?s={search_term_string}"},"query-input":"required name=search_term_string"}],"inLanguage":"en-US"},{"@type":"Organization","@id":"https:\/\/rynkowskidesign.pl\/#organization","name":"Rynkowski Design","url":"https:\/\/rynkowskidesign.pl\/","logo":{"@type":"ImageObject","inLanguage":"en-US","@id":"https:\/\/rynkowskidesign.pl\/#\/schema\/logo\/image\/","url":"https:\/\/rynkowskidesign.pl\/wp-content\/uploads\/2018\/05\/cropped-2.png","contentUrl":"https:\/\/rynkowskidesign.pl\/wp-content\/uploads\/2018\/05\/cropped-2.png","width":512,"height":512,"caption":"Rynkowski Design"},"image":{"@id":"https:\/\/rynkowskidesign.pl\/#\/schema\/logo\/image\/"},"sameAs":["https:\/\/www.facebook.com\/RynkowskiDesign","https:\/\/www.instagram.com\/rynkowskidesign\/","https:\/\/www.youtube.com\/channel\/UCzBFs6JGA0RxNvGBJmxe5nQ"]}]}},"_links":{"self":[{"href":"https:\/\/rynkowskidesign.pl\/index.php\/wp-json\/wp\/v2\/pages\/3997"}],"collection":[{"href":"https:\/\/rynkowskidesign.pl\/index.php\/wp-json\/wp\/v2\/pages"}],"about":[{"href":"https:\/\/rynkowskidesign.pl\/index.php\/wp-json\/wp\/v2\/types\/page"}],"author":[{"embeddable":true,"href":"https:\/\/rynkowskidesign.pl\/index.php\/wp-json\/wp\/v2\/users\/1"}],"replies":[{"embeddable":true,"href":"https:\/\/rynkowskidesign.pl\/index.php\/wp-json\/wp\/v2\/comments?post=3997"}],"version-history":[{"count":7,"href":"https:\/\/rynkowskidesign.pl\/index.php\/wp-json\/wp\/v2\/pages\/3997\/revisions"}],"predecessor-version":[{"id":4311,"href":"https:\/\/rynkowskidesign.pl\/index.php\/wp-json\/wp\/v2\/pages\/3997\/revisions\/4311"}],"wp:attachment":[{"href":"https:\/\/rynkowskidesign.pl\/index.php\/wp-json\/wp\/v2\/media?parent=3997"}],"curies":[{"name":"wp","href":"https:\/\/api.w.org\/{rel}","templated":true}]}}