{"id":4224,"date":"2023-09-14T21:11:44","date_gmt":"2023-09-14T21:11:44","guid":{"rendered":"https:\/\/rynkowskidesign.pl\/?page_id=4224"},"modified":"2023-09-14T21:11:45","modified_gmt":"2023-09-14T21:11:45","slug":"domzbasenem","status":"publish","type":"page","link":"https:\/\/rynkowskidesign.pl\/index.php\/domzbasenem\/","title":{"rendered":"Budynki"},"content":{"rendered":"\n<p class=\"has-text-color\" style=\"color:#000000;font-size:6vw;font-style:normal;font-weight:700;letter-spacing:0px;line-height:0.9;text-decoration:none;text-transform:none\">Dom z basenem<\/p>\n\n\n\n<div style=\"height:34px\" aria-hidden=\"true\" class=\"wp-block-spacer\"><\/div>\n\n\n\n<div style=\"height:11px\" aria-hidden=\"true\" class=\"wp-block-spacer\"><\/div>\n\n\n\n<div class=\"wp-block-media-text alignwide has-media-on-the-right is-stacked-on-mobile\" style=\"grid-template-columns:auto 66%\"><div class=\"wp-block-media-text__content\">\n<p class=\"has-text-align-center has-medium-font-size\">Budynek zosta\u0142 starannie zaprojektowany tak, aby harmonijnie wsp\u00f3\u0142gra\u0142 <br>z naturalnym otoczeniem <br>i jednocze\u015bnie oferowa\u0142 pe\u0142n\u0105 prywatno\u015b\u0107 dla mieszka\u0144c\u00f3w.<\/p>\n\n\n\n<p class=\"has-text-align-center has-medium-font-size\">Projekty dom\u00f3w z basenem to r\u00f3wnie\u017c doskona\u0142e rozwi\u0105zanie dla os\u00f3b ceni\u0105cych aktywny tryb \u017cycia i dbaj\u0105cych o zdrowie i kondycj\u0119.  <\/p>\n<\/div><figure class=\"wp-block-media-text__media\"><img decoding=\"async\" width=\"1024\" height=\"576\" src=\"https:\/\/rynkowskidesign.pl\/wp-content\/uploads\/2023\/08\/1-7-1024x576.jpg\" alt=\"\" class=\"wp-image-4128 size-full\" srcset=\"https:\/\/rynkowskidesign.pl\/wp-content\/uploads\/2023\/08\/1-7-1024x576.jpg 1024w, https:\/\/rynkowskidesign.pl\/wp-content\/uploads\/2023\/08\/1-7-300x169.jpg 300w, https:\/\/rynkowskidesign.pl\/wp-content\/uploads\/2023\/08\/1-7-768x432.jpg 768w, https:\/\/rynkowskidesign.pl\/wp-content\/uploads\/2023\/08\/1-7-1536x864.jpg 1536w, https:\/\/rynkowskidesign.pl\/wp-content\/uploads\/2023\/08\/1-7-2048x1152.jpg 2048w\" sizes=\"(max-width: 1024px) 100vw, 1024px\" \/><\/figure><\/div>\n\n\n\n<div style=\"height:32px\" aria-hidden=\"true\" class=\"wp-block-spacer\"><\/div>\n\n\n\n<div class=\"wp-block-media-text alignwide is-stacked-on-mobile\" style=\"grid-template-columns:67% auto\"><figure class=\"wp-block-media-text__media\"><img decoding=\"async\" width=\"1024\" height=\"576\" src=\"https:\/\/rynkowskidesign.pl\/wp-content\/uploads\/2023\/08\/2-2-1024x576.jpg\" alt=\"\" class=\"wp-image-4119 size-full\" srcset=\"https:\/\/rynkowskidesign.pl\/wp-content\/uploads\/2023\/08\/2-2-1024x576.jpg 1024w, https:\/\/rynkowskidesign.pl\/wp-content\/uploads\/2023\/08\/2-2-300x169.jpg 300w, https:\/\/rynkowskidesign.pl\/wp-content\/uploads\/2023\/08\/2-2-768x432.jpg 768w, https:\/\/rynkowskidesign.pl\/wp-content\/uploads\/2023\/08\/2-2-1536x864.jpg 1536w, https:\/\/rynkowskidesign.pl\/wp-content\/uploads\/2023\/08\/2-2-2048x1152.jpg 2048w\" sizes=\"(max-width: 1024px) 100vw, 1024px\" \/><\/figure><div class=\"wp-block-media-text__content\">\n<p class=\"has-text-align-center has-medium-font-size\">Basen w prywatnym domu to nie tylko luksusowa atrakcja, ale tak\u017ce mo\u017cliwo\u015b\u0107 regularnych \u0107wicze\u0144 i relaksu bez konieczno\u015bci opuszczania swojego miejsca zamieszkania.<\/p>\n\n\n\n<p class=\"has-text-align-center has-medium-font-size\">W nowoczesnych projektach dom\u00f3w cz\u0119sto uwzgl\u0119dnia si\u0119 tak\u017ce dodatkowe udogodnienia, takie jak sauna, jacuzzi czy si\u0142ownia, tworz\u0105c kompleksow\u0105 stref\u0119 wellness w domu.<\/p>\n<\/div><\/div>\n\n\n\n<p><\/p>\n\n\n\n<div class=\"wp-block-media-text alignwide has-media-on-the-right is-stacked-on-mobile\" style=\"grid-template-columns:auto 66%\"><div class=\"wp-block-media-text__content\">\n<p class=\"has-text-align-center has-medium-font-size\">To idealne rozwi\u0105zanie dla tych, kt\u00f3rzy pragn\u0105 w pe\u0142ni zadba\u0107 o swoje zdrowie <br>i dobre samopoczucie.<\/p>\n\n\n\n<p class=\"has-text-align-center has-medium-font-size\">Prywatny basen to r\u00f3wnie\u017c doskona\u0142y spos\u00f3b na sp\u0119dzanie czasu z rodzin\u0105 <br>i przyjaci\u00f3\u0142mi. Organizacja przyj\u0119\u0107 przy basenie, letnie grillowanie lub wieczorne relaksuj\u0105ce k\u0105piele pod gwiazdami staj\u0105 si\u0119 niezapomnianymi chwilami, kt\u00f3re umacniaj\u0105 wi\u0119zi rodzinne i przyjacielskie.<\/p>\n<\/div><figure class=\"wp-block-media-text__media\"><img decoding=\"async\" width=\"1024\" height=\"576\" src=\"https:\/\/rynkowskidesign.pl\/wp-content\/uploads\/2023\/08\/3-3-1024x576.jpg\" alt=\"\" class=\"wp-image-4122 size-full\" srcset=\"https:\/\/rynkowskidesign.pl\/wp-content\/uploads\/2023\/08\/3-3-1024x576.jpg 1024w, https:\/\/rynkowskidesign.pl\/wp-content\/uploads\/2023\/08\/3-3-300x169.jpg 300w, https:\/\/rynkowskidesign.pl\/wp-content\/uploads\/2023\/08\/3-3-768x432.jpg 768w, https:\/\/rynkowskidesign.pl\/wp-content\/uploads\/2023\/08\/3-3-1536x864.jpg 1536w, https:\/\/rynkowskidesign.pl\/wp-content\/uploads\/2023\/08\/3-3-2048x1152.jpg 2048w\" sizes=\"(max-width: 1024px) 100vw, 1024px\" \/><\/figure><\/div>\n","protected":false},"excerpt":{"rendered":"<p>Dom z basenem Budynek zosta\u0142 starannie zaprojektowany tak, aby harmonijnie wsp\u00f3\u0142gra\u0142 z naturalnym otoczeniem i jednocze\u015bnie oferowa\u0142 pe\u0142n\u0105 prywatno\u015b\u0107 dla mieszka\u0144c\u00f3w. Projekty dom\u00f3w z basenem to r\u00f3wnie\u017c doskona\u0142e rozwi\u0105zanie dla os\u00f3b ceni\u0105cych aktywny tryb \u017cycia i dbaj\u0105cych o zdrowie i kondycj\u0119. Basen w prywatnym domu to nie tylko luksusowa atrakcja, ale tak\u017ce mo\u017cliwo\u015b\u0107 regularnych \u0107wicze\u0144&hellip;&nbsp;<a href=\"https:\/\/rynkowskidesign.pl\/index.php\/domzbasenem\/\" class=\"\" rel=\"bookmark\">Read More &raquo;<span class=\"screen-reader-text\">Budynki<\/span><\/a><\/p>\n","protected":false},"author":1,"featured_media":0,"parent":0,"menu_order":0,"comment_status":"closed","ping_status":"closed","template":"","meta":{"neve_meta_sidebar":"","neve_meta_container":"","neve_meta_enable_content_width":"","neve_meta_content_width":0,"neve_meta_title_alignment":"","neve_meta_author_avatar":"","neve_post_elements_order":"","neve_meta_disable_header":"","neve_meta_disable_footer":"","neve_meta_disable_title":"","_themeisle_gutenberg_block_has_review":false},"yoast_head":"<!-- This site is optimized with the Yoast SEO plugin v21.4 - https:\/\/yoast.com\/wordpress\/plugins\/seo\/ -->\n<title>Budynki - Architekt Pozna\u0144 - projekty dom\u00f3w, projekty wn\u0119trz<\/title>\n<meta name=\"robots\" content=\"index, follow, max-snippet:-1, max-image-preview:large, max-video-preview:-1\" \/>\n<link rel=\"canonical\" href=\"https:\/\/rynkowskidesign.pl\/index.php\/domzbasenem\/\" \/>\n<meta property=\"og:locale\" content=\"en_US\" \/>\n<meta property=\"og:type\" content=\"article\" \/>\n<meta property=\"og:title\" content=\"Budynki - Architekt Pozna\u0144 - projekty dom\u00f3w, projekty wn\u0119trz\" \/>\n<meta property=\"og:description\" content=\"Dom z basenem Budynek zosta\u0142 starannie zaprojektowany tak, aby harmonijnie wsp\u00f3\u0142gra\u0142 z naturalnym otoczeniem i jednocze\u015bnie oferowa\u0142 pe\u0142n\u0105 prywatno\u015b\u0107 dla mieszka\u0144c\u00f3w. Projekty dom\u00f3w z basenem to r\u00f3wnie\u017c doskona\u0142e rozwi\u0105zanie dla os\u00f3b ceni\u0105cych aktywny tryb \u017cycia i dbaj\u0105cych o zdrowie i kondycj\u0119. Basen w prywatnym domu to nie tylko luksusowa atrakcja, ale tak\u017ce mo\u017cliwo\u015b\u0107 regularnych \u0107wicze\u0144&hellip;&nbsp;Read More &raquo;Budynki\" \/>\n<meta property=\"og:url\" content=\"https:\/\/rynkowskidesign.pl\/index.php\/domzbasenem\/\" \/>\n<meta property=\"og:site_name\" content=\"Architekt Pozna\u0144 - projekty dom\u00f3w, projekty wn\u0119trz\" \/>\n<meta property=\"article:publisher\" content=\"https:\/\/www.facebook.com\/RynkowskiDesign\" \/>\n<meta property=\"article:modified_time\" content=\"2023-09-14T21:11:45+00:00\" \/>\n<meta property=\"og:image\" content=\"https:\/\/rynkowskidesign.pl\/wp-content\/uploads\/2023\/08\/1-7-1024x576.jpg\" \/>\n<meta name=\"twitter:card\" content=\"summary_large_image\" \/>\n<meta name=\"twitter:label1\" content=\"Est. reading time\" \/>\n\t<meta name=\"twitter:data1\" content=\"2 minutes\" \/>\n<script type=\"application\/ld+json\" class=\"yoast-schema-graph\">{\"@context\":\"https:\/\/schema.org\",\"@graph\":[{\"@type\":\"WebPage\",\"@id\":\"https:\/\/rynkowskidesign.pl\/index.php\/domzbasenem\/\",\"url\":\"https:\/\/rynkowskidesign.pl\/index.php\/domzbasenem\/\",\"name\":\"Budynki - Architekt Pozna\u0144 - projekty dom\u00f3w, projekty wn\u0119trz\",\"isPartOf\":{\"@id\":\"https:\/\/rynkowskidesign.pl\/#website\"},\"datePublished\":\"2023-09-14T21:11:44+00:00\",\"dateModified\":\"2023-09-14T21:11:45+00:00\",\"breadcrumb\":{\"@id\":\"https:\/\/rynkowskidesign.pl\/index.php\/domzbasenem\/#breadcrumb\"},\"inLanguage\":\"en-US\",\"potentialAction\":[{\"@type\":\"ReadAction\",\"target\":[\"https:\/\/rynkowskidesign.pl\/index.php\/domzbasenem\/\"]}]},{\"@type\":\"BreadcrumbList\",\"@id\":\"https:\/\/rynkowskidesign.pl\/index.php\/domzbasenem\/#breadcrumb\",\"itemListElement\":[{\"@type\":\"ListItem\",\"position\":1,\"name\":\"Home\",\"item\":\"https:\/\/rynkowskidesign.pl\/\"},{\"@type\":\"ListItem\",\"position\":2,\"name\":\"Budynki\"}]},{\"@type\":\"WebSite\",\"@id\":\"https:\/\/rynkowskidesign.pl\/#website\",\"url\":\"https:\/\/rynkowskidesign.pl\/\",\"name\":\"Architekt Pozna\u0144 - projekty dom\u00f3w, projekty wn\u0119trz\",\"description\":\"Rynkowski Design\",\"publisher\":{\"@id\":\"https:\/\/rynkowskidesign.pl\/#organization\"},\"potentialAction\":[{\"@type\":\"SearchAction\",\"target\":{\"@type\":\"EntryPoint\",\"urlTemplate\":\"https:\/\/rynkowskidesign.pl\/?s={search_term_string}\"},\"query-input\":\"required name=search_term_string\"}],\"inLanguage\":\"en-US\"},{\"@type\":\"Organization\",\"@id\":\"https:\/\/rynkowskidesign.pl\/#organization\",\"name\":\"Rynkowski Design\",\"url\":\"https:\/\/rynkowskidesign.pl\/\",\"logo\":{\"@type\":\"ImageObject\",\"inLanguage\":\"en-US\",\"@id\":\"https:\/\/rynkowskidesign.pl\/#\/schema\/logo\/image\/\",\"url\":\"https:\/\/rynkowskidesign.pl\/wp-content\/uploads\/2018\/05\/cropped-2.png\",\"contentUrl\":\"https:\/\/rynkowskidesign.pl\/wp-content\/uploads\/2018\/05\/cropped-2.png\",\"width\":512,\"height\":512,\"caption\":\"Rynkowski Design\"},\"image\":{\"@id\":\"https:\/\/rynkowskidesign.pl\/#\/schema\/logo\/image\/\"},\"sameAs\":[\"https:\/\/www.facebook.com\/RynkowskiDesign\",\"https:\/\/www.instagram.com\/rynkowskidesign\/\",\"https:\/\/www.youtube.com\/channel\/UCzBFs6JGA0RxNvGBJmxe5nQ\"]}]}<\/script>\n<!-- \/ Yoast SEO plugin. -->","yoast_head_json":{"title":"Budynki - Architekt Pozna\u0144 - projekty dom\u00f3w, projekty wn\u0119trz","robots":{"index":"index","follow":"follow","max-snippet":"max-snippet:-1","max-image-preview":"max-image-preview:large","max-video-preview":"max-video-preview:-1"},"canonical":"https:\/\/rynkowskidesign.pl\/index.php\/domzbasenem\/","og_locale":"en_US","og_type":"article","og_title":"Budynki - Architekt Pozna\u0144 - projekty dom\u00f3w, projekty wn\u0119trz","og_description":"Dom z basenem Budynek zosta\u0142 starannie zaprojektowany tak, aby harmonijnie wsp\u00f3\u0142gra\u0142 z naturalnym otoczeniem i jednocze\u015bnie oferowa\u0142 pe\u0142n\u0105 prywatno\u015b\u0107 dla mieszka\u0144c\u00f3w. Projekty dom\u00f3w z basenem to r\u00f3wnie\u017c doskona\u0142e rozwi\u0105zanie dla os\u00f3b ceni\u0105cych aktywny tryb \u017cycia i dbaj\u0105cych o zdrowie i kondycj\u0119. Basen w prywatnym domu to nie tylko luksusowa atrakcja, ale tak\u017ce mo\u017cliwo\u015b\u0107 regularnych \u0107wicze\u0144&hellip;&nbsp;Read More &raquo;Budynki","og_url":"https:\/\/rynkowskidesign.pl\/index.php\/domzbasenem\/","og_site_name":"Architekt Pozna\u0144 - projekty dom\u00f3w, projekty wn\u0119trz","article_publisher":"https:\/\/www.facebook.com\/RynkowskiDesign","article_modified_time":"2023-09-14T21:11:45+00:00","og_image":[{"url":"https:\/\/rynkowskidesign.pl\/wp-content\/uploads\/2023\/08\/1-7-1024x576.jpg"}],"twitter_card":"summary_large_image","twitter_misc":{"Est. reading time":"2 minutes"},"schema":{"@context":"https:\/\/schema.org","@graph":[{"@type":"WebPage","@id":"https:\/\/rynkowskidesign.pl\/index.php\/domzbasenem\/","url":"https:\/\/rynkowskidesign.pl\/index.php\/domzbasenem\/","name":"Budynki - Architekt Pozna\u0144 - projekty dom\u00f3w, projekty wn\u0119trz","isPartOf":{"@id":"https:\/\/rynkowskidesign.pl\/#website"},"datePublished":"2023-09-14T21:11:44+00:00","dateModified":"2023-09-14T21:11:45+00:00","breadcrumb":{"@id":"https:\/\/rynkowskidesign.pl\/index.php\/domzbasenem\/#breadcrumb"},"inLanguage":"en-US","potentialAction":[{"@type":"ReadAction","target":["https:\/\/rynkowskidesign.pl\/index.php\/domzbasenem\/"]}]},{"@type":"BreadcrumbList","@id":"https:\/\/rynkowskidesign.pl\/index.php\/domzbasenem\/#breadcrumb","itemListElement":[{"@type":"ListItem","position":1,"name":"Home","item":"https:\/\/rynkowskidesign.pl\/"},{"@type":"ListItem","position":2,"name":"Budynki"}]},{"@type":"WebSite","@id":"https:\/\/rynkowskidesign.pl\/#website","url":"https:\/\/rynkowskidesign.pl\/","name":"Architekt Pozna\u0144 - projekty dom\u00f3w, projekty wn\u0119trz","description":"Rynkowski Design","publisher":{"@id":"https:\/\/rynkowskidesign.pl\/#organization"},"potentialAction":[{"@type":"SearchAction","target":{"@type":"EntryPoint","urlTemplate":"https:\/\/rynkowskidesign.pl\/?s={search_term_string}"},"query-input":"required name=search_term_string"}],"inLanguage":"en-US"},{"@type":"Organization","@id":"https:\/\/rynkowskidesign.pl\/#organization","name":"Rynkowski Design","url":"https:\/\/rynkowskidesign.pl\/","logo":{"@type":"ImageObject","inLanguage":"en-US","@id":"https:\/\/rynkowskidesign.pl\/#\/schema\/logo\/image\/","url":"https:\/\/rynkowskidesign.pl\/wp-content\/uploads\/2018\/05\/cropped-2.png","contentUrl":"https:\/\/rynkowskidesign.pl\/wp-content\/uploads\/2018\/05\/cropped-2.png","width":512,"height":512,"caption":"Rynkowski Design"},"image":{"@id":"https:\/\/rynkowskidesign.pl\/#\/schema\/logo\/image\/"},"sameAs":["https:\/\/www.facebook.com\/RynkowskiDesign","https:\/\/www.instagram.com\/rynkowskidesign\/","https:\/\/www.youtube.com\/channel\/UCzBFs6JGA0RxNvGBJmxe5nQ"]}]}},"_links":{"self":[{"href":"https:\/\/rynkowskidesign.pl\/index.php\/wp-json\/wp\/v2\/pages\/4224"}],"collection":[{"href":"https:\/\/rynkowskidesign.pl\/index.php\/wp-json\/wp\/v2\/pages"}],"about":[{"href":"https:\/\/rynkowskidesign.pl\/index.php\/wp-json\/wp\/v2\/types\/page"}],"author":[{"embeddable":true,"href":"https:\/\/rynkowskidesign.pl\/index.php\/wp-json\/wp\/v2\/users\/1"}],"replies":[{"embeddable":true,"href":"https:\/\/rynkowskidesign.pl\/index.php\/wp-json\/wp\/v2\/comments?post=4224"}],"version-history":[{"count":1,"href":"https:\/\/rynkowskidesign.pl\/index.php\/wp-json\/wp\/v2\/pages\/4224\/revisions"}],"predecessor-version":[{"id":4226,"href":"https:\/\/rynkowskidesign.pl\/index.php\/wp-json\/wp\/v2\/pages\/4224\/revisions\/4226"}],"wp:attachment":[{"href":"https:\/\/rynkowskidesign.pl\/index.php\/wp-json\/wp\/v2\/media?parent=4224"}],"curies":[{"name":"wp","href":"https:\/\/api.w.org\/{rel}","templated":true}]}}