{"id":4430,"date":"2024-04-04T17:59:51","date_gmt":"2024-04-04T17:59:51","guid":{"rendered":"https:\/\/rynkowskidesign.pl\/?page_id=4430"},"modified":"2024-04-04T18:01:07","modified_gmt":"2024-04-04T18:01:07","slug":"wiatrolap","status":"publish","type":"page","link":"https:\/\/rynkowskidesign.pl\/index.php\/wiatrolap\/","title":{"rendered":"WN\u0118TRZA"},"content":{"rendered":"\n<h2 class=\"wp-block-heading has-text-align-center\" id=\"block-90afef7c-42f7-4521-a4d6-1f48b8818034\" style=\"font-size:30px\">Wiatro\u0142ap<\/h2>\n\n\n<div class=\"wp-block-image\">\n<figure class=\"aligncenter size-large is-resized\" id=\"block-47f8095d-6751-48b1-867c-91f63f7b92dd\"><img decoding=\"async\" src=\"https:\/\/rynkowskidesign.pl\/wp-content\/uploads\/2024\/04\/295914229_454039856730622_6274779829851090865_n-1024x1024.jpg\" alt=\"\" class=\"wp-image-4431\" width=\"768\" height=\"768\" srcset=\"https:\/\/rynkowskidesign.pl\/wp-content\/uploads\/2024\/04\/295914229_454039856730622_6274779829851090865_n-1024x1024.jpg 1024w, https:\/\/rynkowskidesign.pl\/wp-content\/uploads\/2024\/04\/295914229_454039856730622_6274779829851090865_n-300x300.jpg 300w, https:\/\/rynkowskidesign.pl\/wp-content\/uploads\/2024\/04\/295914229_454039856730622_6274779829851090865_n-150x150.jpg 150w, https:\/\/rynkowskidesign.pl\/wp-content\/uploads\/2024\/04\/295914229_454039856730622_6274779829851090865_n-768x768.jpg 768w, https:\/\/rynkowskidesign.pl\/wp-content\/uploads\/2024\/04\/295914229_454039856730622_6274779829851090865_n-1536x1536.jpg 1536w, https:\/\/rynkowskidesign.pl\/wp-content\/uploads\/2024\/04\/295914229_454039856730622_6274779829851090865_n.jpg 1575w\" sizes=\"(max-width: 768px) 100vw, 768px\" \/><\/figure><\/div>\n\n\n<div style=\"height:11px\" aria-hidden=\"true\" class=\"wp-block-spacer\"><\/div>\n\n\n\n<p class=\"has-text-align-center\" style=\"font-size:18px\">Centralnym punktem jest du\u017ca szafa, kt\u00f3rej front zosta\u0142 wykonany z lustra, co dodaje przestrzeni i optycznie powi\u0119ksza pomieszczenie. Drewniane elementy nadaj\u0105 ciep\u0142a i charakteru, natomiast czarne detale, podkre\u015blaj\u0105 nowoczesny design.<\/p>\n\n\n\n<div style=\"height:11px\" aria-hidden=\"true\" class=\"wp-block-spacer\"><\/div>\n\n\n<div class=\"wp-block-image\">\n<figure class=\"aligncenter size-large is-resized\" id=\"block-41142b91-1a99-437c-b817-44978c7c1c29\"><img decoding=\"async\" src=\"https:\/\/rynkowskidesign.pl\/wp-content\/uploads\/2024\/04\/295867087_454039863397288_3154718788173487433_n-1024x1024.jpg\" alt=\"\" class=\"wp-image-4432\" width=\"768\" height=\"768\" srcset=\"https:\/\/rynkowskidesign.pl\/wp-content\/uploads\/2024\/04\/295867087_454039863397288_3154718788173487433_n-1024x1024.jpg 1024w, https:\/\/rynkowskidesign.pl\/wp-content\/uploads\/2024\/04\/295867087_454039863397288_3154718788173487433_n-300x300.jpg 300w, https:\/\/rynkowskidesign.pl\/wp-content\/uploads\/2024\/04\/295867087_454039863397288_3154718788173487433_n-150x150.jpg 150w, https:\/\/rynkowskidesign.pl\/wp-content\/uploads\/2024\/04\/295867087_454039863397288_3154718788173487433_n-768x768.jpg 768w, https:\/\/rynkowskidesign.pl\/wp-content\/uploads\/2024\/04\/295867087_454039863397288_3154718788173487433_n-1536x1536.jpg 1536w, https:\/\/rynkowskidesign.pl\/wp-content\/uploads\/2024\/04\/295867087_454039863397288_3154718788173487433_n.jpg 1575w\" sizes=\"(max-width: 768px) 100vw, 768px\" \/><\/figure><\/div>\n\n\n<div style=\"height:26px\" aria-hidden=\"true\" class=\"wp-block-spacer\"><\/div>\n\n\n<div class=\"wp-block-image\">\n<figure class=\"aligncenter size-large is-resized\" id=\"block-41142b91-1a99-437c-b817-44978c7c1c29\"><img decoding=\"async\" src=\"https:\/\/rynkowskidesign.pl\/wp-content\/uploads\/2024\/04\/296059094_454039860063955_2086038627501773873_n-1024x1024.jpg\" alt=\"\" class=\"wp-image-4434\" width=\"768\" height=\"768\" srcset=\"https:\/\/rynkowskidesign.pl\/wp-content\/uploads\/2024\/04\/296059094_454039860063955_2086038627501773873_n-1024x1024.jpg 1024w, https:\/\/rynkowskidesign.pl\/wp-content\/uploads\/2024\/04\/296059094_454039860063955_2086038627501773873_n-300x300.jpg 300w, https:\/\/rynkowskidesign.pl\/wp-content\/uploads\/2024\/04\/296059094_454039860063955_2086038627501773873_n-150x150.jpg 150w, https:\/\/rynkowskidesign.pl\/wp-content\/uploads\/2024\/04\/296059094_454039860063955_2086038627501773873_n-768x768.jpg 768w, https:\/\/rynkowskidesign.pl\/wp-content\/uploads\/2024\/04\/296059094_454039860063955_2086038627501773873_n-1536x1536.jpg 1536w, https:\/\/rynkowskidesign.pl\/wp-content\/uploads\/2024\/04\/296059094_454039860063955_2086038627501773873_n.jpg 1575w\" sizes=\"(max-width: 768px) 100vw, 768px\" \/><\/figure><\/div>\n\n\n<div style=\"height:11px\" aria-hidden=\"true\" class=\"wp-block-spacer\"><\/div>\n\n\n\n<p id=\"block-cafe2c0d-d6cc-47e7-8c9e-3d591ea14d27\"><\/p>\n\n\n\n<div style=\"height:11px\" aria-hidden=\"true\" class=\"wp-block-spacer\"><\/div>\n","protected":false},"excerpt":{"rendered":"<p>Wiatro\u0142ap Centralnym punktem jest du\u017ca szafa, kt\u00f3rej front zosta\u0142 wykonany z lustra, co dodaje przestrzeni i optycznie powi\u0119ksza pomieszczenie. Drewniane elementy nadaj\u0105 ciep\u0142a i charakteru, natomiast czarne detale, podkre\u015blaj\u0105 nowoczesny design.<\/p>\n","protected":false},"author":1,"featured_media":0,"parent":0,"menu_order":0,"comment_status":"closed","ping_status":"closed","template":"","meta":{"neve_meta_sidebar":"","neve_meta_container":"","neve_meta_enable_content_width":"","neve_meta_content_width":0,"neve_meta_title_alignment":"","neve_meta_author_avatar":"","neve_post_elements_order":"","neve_meta_disable_header":"","neve_meta_disable_footer":"","neve_meta_disable_title":"","_themeisle_gutenberg_block_has_review":false},"yoast_head":"<!-- This site is optimized with the Yoast SEO plugin v21.4 - https:\/\/yoast.com\/wordpress\/plugins\/seo\/ -->\n<title>WN\u0118TRZA - Architekt Pozna\u0144 - projekty dom\u00f3w, projekty wn\u0119trz<\/title>\n<meta name=\"robots\" content=\"index, follow, max-snippet:-1, max-image-preview:large, max-video-preview:-1\" \/>\n<link rel=\"canonical\" href=\"https:\/\/rynkowskidesign.pl\/index.php\/wiatrolap\/\" \/>\n<meta property=\"og:locale\" content=\"en_US\" \/>\n<meta property=\"og:type\" content=\"article\" \/>\n<meta property=\"og:title\" content=\"WN\u0118TRZA - Architekt Pozna\u0144 - projekty dom\u00f3w, projekty wn\u0119trz\" \/>\n<meta property=\"og:description\" content=\"Wiatro\u0142ap Centralnym punktem jest du\u017ca szafa, kt\u00f3rej front zosta\u0142 wykonany z lustra, co dodaje przestrzeni i optycznie powi\u0119ksza pomieszczenie. Drewniane elementy nadaj\u0105 ciep\u0142a i charakteru, natomiast czarne detale, podkre\u015blaj\u0105 nowoczesny design.\" \/>\n<meta property=\"og:url\" content=\"https:\/\/rynkowskidesign.pl\/index.php\/wiatrolap\/\" \/>\n<meta property=\"og:site_name\" content=\"Architekt Pozna\u0144 - projekty dom\u00f3w, projekty wn\u0119trz\" \/>\n<meta property=\"article:publisher\" content=\"https:\/\/www.facebook.com\/RynkowskiDesign\" \/>\n<meta property=\"article:modified_time\" content=\"2024-04-04T18:01:07+00:00\" \/>\n<meta property=\"og:image\" content=\"https:\/\/rynkowskidesign.pl\/wp-content\/uploads\/2024\/04\/295914229_454039856730622_6274779829851090865_n-1024x1024.jpg\" \/>\n<meta name=\"twitter:card\" content=\"summary_large_image\" \/>\n<meta name=\"twitter:label1\" content=\"Est. reading time\" \/>\n\t<meta name=\"twitter:data1\" content=\"1 minute\" \/>\n<script type=\"application\/ld+json\" class=\"yoast-schema-graph\">{\"@context\":\"https:\/\/schema.org\",\"@graph\":[{\"@type\":\"WebPage\",\"@id\":\"https:\/\/rynkowskidesign.pl\/index.php\/wiatrolap\/\",\"url\":\"https:\/\/rynkowskidesign.pl\/index.php\/wiatrolap\/\",\"name\":\"WN\u0118TRZA - Architekt Pozna\u0144 - projekty dom\u00f3w, projekty wn\u0119trz\",\"isPartOf\":{\"@id\":\"https:\/\/rynkowskidesign.pl\/#website\"},\"datePublished\":\"2024-04-04T17:59:51+00:00\",\"dateModified\":\"2024-04-04T18:01:07+00:00\",\"breadcrumb\":{\"@id\":\"https:\/\/rynkowskidesign.pl\/index.php\/wiatrolap\/#breadcrumb\"},\"inLanguage\":\"en-US\",\"potentialAction\":[{\"@type\":\"ReadAction\",\"target\":[\"https:\/\/rynkowskidesign.pl\/index.php\/wiatrolap\/\"]}]},{\"@type\":\"BreadcrumbList\",\"@id\":\"https:\/\/rynkowskidesign.pl\/index.php\/wiatrolap\/#breadcrumb\",\"itemListElement\":[{\"@type\":\"ListItem\",\"position\":1,\"name\":\"Home\",\"item\":\"https:\/\/rynkowskidesign.pl\/\"},{\"@type\":\"ListItem\",\"position\":2,\"name\":\"WN\u0118TRZA\"}]},{\"@type\":\"WebSite\",\"@id\":\"https:\/\/rynkowskidesign.pl\/#website\",\"url\":\"https:\/\/rynkowskidesign.pl\/\",\"name\":\"Architekt Pozna\u0144 - projekty dom\u00f3w, projekty wn\u0119trz\",\"description\":\"Rynkowski Design\",\"publisher\":{\"@id\":\"https:\/\/rynkowskidesign.pl\/#organization\"},\"potentialAction\":[{\"@type\":\"SearchAction\",\"target\":{\"@type\":\"EntryPoint\",\"urlTemplate\":\"https:\/\/rynkowskidesign.pl\/?s={search_term_string}\"},\"query-input\":\"required name=search_term_string\"}],\"inLanguage\":\"en-US\"},{\"@type\":\"Organization\",\"@id\":\"https:\/\/rynkowskidesign.pl\/#organization\",\"name\":\"Rynkowski Design\",\"url\":\"https:\/\/rynkowskidesign.pl\/\",\"logo\":{\"@type\":\"ImageObject\",\"inLanguage\":\"en-US\",\"@id\":\"https:\/\/rynkowskidesign.pl\/#\/schema\/logo\/image\/\",\"url\":\"https:\/\/rynkowskidesign.pl\/wp-content\/uploads\/2018\/05\/cropped-2.png\",\"contentUrl\":\"https:\/\/rynkowskidesign.pl\/wp-content\/uploads\/2018\/05\/cropped-2.png\",\"width\":512,\"height\":512,\"caption\":\"Rynkowski Design\"},\"image\":{\"@id\":\"https:\/\/rynkowskidesign.pl\/#\/schema\/logo\/image\/\"},\"sameAs\":[\"https:\/\/www.facebook.com\/RynkowskiDesign\",\"https:\/\/www.instagram.com\/rynkowskidesign\/\",\"https:\/\/www.youtube.com\/channel\/UCzBFs6JGA0RxNvGBJmxe5nQ\"]}]}<\/script>\n<!-- \/ Yoast SEO plugin. -->","yoast_head_json":{"title":"WN\u0118TRZA - Architekt Pozna\u0144 - projekty dom\u00f3w, projekty wn\u0119trz","robots":{"index":"index","follow":"follow","max-snippet":"max-snippet:-1","max-image-preview":"max-image-preview:large","max-video-preview":"max-video-preview:-1"},"canonical":"https:\/\/rynkowskidesign.pl\/index.php\/wiatrolap\/","og_locale":"en_US","og_type":"article","og_title":"WN\u0118TRZA - Architekt Pozna\u0144 - projekty dom\u00f3w, projekty wn\u0119trz","og_description":"Wiatro\u0142ap Centralnym punktem jest du\u017ca szafa, kt\u00f3rej front zosta\u0142 wykonany z lustra, co dodaje przestrzeni i optycznie powi\u0119ksza pomieszczenie. Drewniane elementy nadaj\u0105 ciep\u0142a i charakteru, natomiast czarne detale, podkre\u015blaj\u0105 nowoczesny design.","og_url":"https:\/\/rynkowskidesign.pl\/index.php\/wiatrolap\/","og_site_name":"Architekt Pozna\u0144 - projekty dom\u00f3w, projekty wn\u0119trz","article_publisher":"https:\/\/www.facebook.com\/RynkowskiDesign","article_modified_time":"2024-04-04T18:01:07+00:00","og_image":[{"url":"https:\/\/rynkowskidesign.pl\/wp-content\/uploads\/2024\/04\/295914229_454039856730622_6274779829851090865_n-1024x1024.jpg"}],"twitter_card":"summary_large_image","twitter_misc":{"Est. reading time":"1 minute"},"schema":{"@context":"https:\/\/schema.org","@graph":[{"@type":"WebPage","@id":"https:\/\/rynkowskidesign.pl\/index.php\/wiatrolap\/","url":"https:\/\/rynkowskidesign.pl\/index.php\/wiatrolap\/","name":"WN\u0118TRZA - Architekt Pozna\u0144 - projekty dom\u00f3w, projekty wn\u0119trz","isPartOf":{"@id":"https:\/\/rynkowskidesign.pl\/#website"},"datePublished":"2024-04-04T17:59:51+00:00","dateModified":"2024-04-04T18:01:07+00:00","breadcrumb":{"@id":"https:\/\/rynkowskidesign.pl\/index.php\/wiatrolap\/#breadcrumb"},"inLanguage":"en-US","potentialAction":[{"@type":"ReadAction","target":["https:\/\/rynkowskidesign.pl\/index.php\/wiatrolap\/"]}]},{"@type":"BreadcrumbList","@id":"https:\/\/rynkowskidesign.pl\/index.php\/wiatrolap\/#breadcrumb","itemListElement":[{"@type":"ListItem","position":1,"name":"Home","item":"https:\/\/rynkowskidesign.pl\/"},{"@type":"ListItem","position":2,"name":"WN\u0118TRZA"}]},{"@type":"WebSite","@id":"https:\/\/rynkowskidesign.pl\/#website","url":"https:\/\/rynkowskidesign.pl\/","name":"Architekt Pozna\u0144 - projekty dom\u00f3w, projekty wn\u0119trz","description":"Rynkowski Design","publisher":{"@id":"https:\/\/rynkowskidesign.pl\/#organization"},"potentialAction":[{"@type":"SearchAction","target":{"@type":"EntryPoint","urlTemplate":"https:\/\/rynkowskidesign.pl\/?s={search_term_string}"},"query-input":"required name=search_term_string"}],"inLanguage":"en-US"},{"@type":"Organization","@id":"https:\/\/rynkowskidesign.pl\/#organization","name":"Rynkowski Design","url":"https:\/\/rynkowskidesign.pl\/","logo":{"@type":"ImageObject","inLanguage":"en-US","@id":"https:\/\/rynkowskidesign.pl\/#\/schema\/logo\/image\/","url":"https:\/\/rynkowskidesign.pl\/wp-content\/uploads\/2018\/05\/cropped-2.png","contentUrl":"https:\/\/rynkowskidesign.pl\/wp-content\/uploads\/2018\/05\/cropped-2.png","width":512,"height":512,"caption":"Rynkowski Design"},"image":{"@id":"https:\/\/rynkowskidesign.pl\/#\/schema\/logo\/image\/"},"sameAs":["https:\/\/www.facebook.com\/RynkowskiDesign","https:\/\/www.instagram.com\/rynkowskidesign\/","https:\/\/www.youtube.com\/channel\/UCzBFs6JGA0RxNvGBJmxe5nQ"]}]}},"_links":{"self":[{"href":"https:\/\/rynkowskidesign.pl\/index.php\/wp-json\/wp\/v2\/pages\/4430"}],"collection":[{"href":"https:\/\/rynkowskidesign.pl\/index.php\/wp-json\/wp\/v2\/pages"}],"about":[{"href":"https:\/\/rynkowskidesign.pl\/index.php\/wp-json\/wp\/v2\/types\/page"}],"author":[{"embeddable":true,"href":"https:\/\/rynkowskidesign.pl\/index.php\/wp-json\/wp\/v2\/users\/1"}],"replies":[{"embeddable":true,"href":"https:\/\/rynkowskidesign.pl\/index.php\/wp-json\/wp\/v2\/comments?post=4430"}],"version-history":[{"count":2,"href":"https:\/\/rynkowskidesign.pl\/index.php\/wp-json\/wp\/v2\/pages\/4430\/revisions"}],"predecessor-version":[{"id":4438,"href":"https:\/\/rynkowskidesign.pl\/index.php\/wp-json\/wp\/v2\/pages\/4430\/revisions\/4438"}],"wp:attachment":[{"href":"https:\/\/rynkowskidesign.pl\/index.php\/wp-json\/wp\/v2\/media?parent=4430"}],"curies":[{"name":"wp","href":"https:\/\/api.w.org\/{rel}","templated":true}]}}