{"id":4668,"date":"2025-01-14T16:00:54","date_gmt":"2025-01-14T16:00:54","guid":{"rendered":"https:\/\/rynkowskidesign.pl\/?page_id=4668"},"modified":"2025-01-14T16:57:04","modified_gmt":"2025-01-14T16:57:04","slug":"nowoczesna-kuchnia-2","status":"publish","type":"page","link":"https:\/\/rynkowskidesign.pl\/index.php\/nowoczesna-kuchnia-2\/","title":{"rendered":"Przestronna, otwarta kuchnia"},"content":{"rendered":"\n<div style=\"height:8px\" aria-hidden=\"true\" class=\"wp-block-spacer\"><\/div>\n\n\n\n<h2 class=\"wp-block-heading has-text-align-left\" id=\"block-9baa15c5-6d10-4fb5-8b63-8330e219a779\">Nowoczesna, minimalistyczna kuchnia<\/h2>\n\n\n<div class=\"wp-block-image\">\n<figure class=\"aligncenter size-large is-resized\"><img decoding=\"async\" src=\"https:\/\/rynkowskidesign.pl\/wp-content\/uploads\/2025\/01\/P0.03-kuchnia-widok-3-2-683x1024.jpg\" alt=\"\" class=\"wp-image-4669\" width=\"512\" height=\"768\" srcset=\"https:\/\/rynkowskidesign.pl\/wp-content\/uploads\/2025\/01\/P0.03-kuchnia-widok-3-2-683x1024.jpg 683w, https:\/\/rynkowskidesign.pl\/wp-content\/uploads\/2025\/01\/P0.03-kuchnia-widok-3-2-200x300.jpg 200w, https:\/\/rynkowskidesign.pl\/wp-content\/uploads\/2025\/01\/P0.03-kuchnia-widok-3-2-768x1152.jpg 768w, https:\/\/rynkowskidesign.pl\/wp-content\/uploads\/2025\/01\/P0.03-kuchnia-widok-3-2-1024x1536.jpg 1024w, https:\/\/rynkowskidesign.pl\/wp-content\/uploads\/2025\/01\/P0.03-kuchnia-widok-3-2-1365x2048.jpg 1365w, https:\/\/rynkowskidesign.pl\/wp-content\/uploads\/2025\/01\/P0.03-kuchnia-widok-3-2-scaled.jpg 1707w\" sizes=\"(max-width: 512px) 100vw, 512px\" \/><\/figure><\/div>\n\n\n<div style=\"height:19px\" aria-hidden=\"true\" class=\"wp-block-spacer\"><\/div>\n\n\n\n<p class=\"has-text-align-center\">Minimalistyczna kuchnia, kt\u00f3ra \u0142\u0105czy elegancj\u0119 z funkcjonalno\u015bci\u0105! Proste linie, stonowane kolory i wysokiej jako\u015bci materia\u0142y tworz\u0105 nowoczesn\u0105 przestrze\u0144 idealn\u0105 do gotowania i spotka\u0144 z bliskimi. Wyspa z pod\u015bwietlanym okapem nie tylko przyci\u0105ga wzrok, ale tak\u017ce sprzyja wsp\u00f3lnemu sp\u0119dzaniu czasu. Dopracowane detale, nowoczesne sprz\u0119ty i przemy\u015blane rozwi\u0105zania sprawiaj\u0105, \u017ce to wn\u0119trze jest zar\u00f3wno stylowe, jak i praktyczne.<\/p>\n\n\n\n<div style=\"height:8px\" aria-hidden=\"true\" class=\"wp-block-spacer\"><\/div>\n\n\n<div class=\"wp-block-image\">\n<figure class=\"aligncenter size-large is-resized\"><img decoding=\"async\" src=\"https:\/\/rynkowskidesign.pl\/wp-content\/uploads\/2025\/01\/P0.03-kuchnia-widok-2-1.jpg-1-1024x768.jpg\" alt=\"\" class=\"wp-image-4670\" width=\"768\" height=\"576\" srcset=\"https:\/\/rynkowskidesign.pl\/wp-content\/uploads\/2025\/01\/P0.03-kuchnia-widok-2-1.jpg-1-1024x768.jpg 1024w, https:\/\/rynkowskidesign.pl\/wp-content\/uploads\/2025\/01\/P0.03-kuchnia-widok-2-1.jpg-1-300x225.jpg 300w, https:\/\/rynkowskidesign.pl\/wp-content\/uploads\/2025\/01\/P0.03-kuchnia-widok-2-1.jpg-1-768x576.jpg 768w, https:\/\/rynkowskidesign.pl\/wp-content\/uploads\/2025\/01\/P0.03-kuchnia-widok-2-1.jpg-1-1536x1152.jpg 1536w, https:\/\/rynkowskidesign.pl\/wp-content\/uploads\/2025\/01\/P0.03-kuchnia-widok-2-1.jpg-1-2048x1536.jpg 2048w\" sizes=\"(max-width: 768px) 100vw, 768px\" \/><\/figure><\/div>\n\n<div class=\"wp-block-image\">\n<figure class=\"aligncenter size-large is-resized\"><img decoding=\"async\" src=\"https:\/\/rynkowskidesign.pl\/wp-content\/uploads\/2025\/01\/P0.03-kuchnia-widok-4-1.jpg-1-1024x683.jpg\" alt=\"\" class=\"wp-image-4671\" width=\"768\" height=\"512\" srcset=\"https:\/\/rynkowskidesign.pl\/wp-content\/uploads\/2025\/01\/P0.03-kuchnia-widok-4-1.jpg-1-1024x683.jpg 1024w, https:\/\/rynkowskidesign.pl\/wp-content\/uploads\/2025\/01\/P0.03-kuchnia-widok-4-1.jpg-1-300x200.jpg 300w, https:\/\/rynkowskidesign.pl\/wp-content\/uploads\/2025\/01\/P0.03-kuchnia-widok-4-1.jpg-1-768x512.jpg 768w, https:\/\/rynkowskidesign.pl\/wp-content\/uploads\/2025\/01\/P0.03-kuchnia-widok-4-1.jpg-1-1536x1024.jpg 1536w, https:\/\/rynkowskidesign.pl\/wp-content\/uploads\/2025\/01\/P0.03-kuchnia-widok-4-1.jpg-1-2048x1365.jpg 2048w, https:\/\/rynkowskidesign.pl\/wp-content\/uploads\/2025\/01\/P0.03-kuchnia-widok-4-1.jpg-1-930x620.jpg 930w\" sizes=\"(max-width: 768px) 100vw, 768px\" \/><\/figure><\/div>\n\n<div class=\"wp-block-image\">\n<figure class=\"aligncenter size-large is-resized\"><img decoding=\"async\" src=\"https:\/\/rynkowskidesign.pl\/wp-content\/uploads\/2025\/01\/P0.03-kuchnia-widok-5.jpg-683x1024.jpg\" alt=\"\" class=\"wp-image-4672\" width=\"512\" height=\"768\" srcset=\"https:\/\/rynkowskidesign.pl\/wp-content\/uploads\/2025\/01\/P0.03-kuchnia-widok-5.jpg-683x1024.jpg 683w, https:\/\/rynkowskidesign.pl\/wp-content\/uploads\/2025\/01\/P0.03-kuchnia-widok-5.jpg-200x300.jpg 200w, https:\/\/rynkowskidesign.pl\/wp-content\/uploads\/2025\/01\/P0.03-kuchnia-widok-5.jpg-768x1152.jpg 768w, https:\/\/rynkowskidesign.pl\/wp-content\/uploads\/2025\/01\/P0.03-kuchnia-widok-5.jpg-1024x1536.jpg 1024w, https:\/\/rynkowskidesign.pl\/wp-content\/uploads\/2025\/01\/P0.03-kuchnia-widok-5.jpg-1365x2048.jpg 1365w, https:\/\/rynkowskidesign.pl\/wp-content\/uploads\/2025\/01\/P0.03-kuchnia-widok-5.jpg-scaled.jpg 1707w\" sizes=\"(max-width: 512px) 100vw, 512px\" \/><\/figure><\/div>\n\n\n<div style=\"height:25px\" aria-hidden=\"true\" class=\"wp-block-spacer\"><\/div>\n\n\n\n<div style=\"height:25px\" aria-hidden=\"true\" class=\"wp-block-spacer\"><\/div>\n\n\n\n<p><\/p>\n","protected":false},"excerpt":{"rendered":"<p>Nowoczesna, minimalistyczna kuchnia Minimalistyczna kuchnia, kt\u00f3ra \u0142\u0105czy elegancj\u0119 z funkcjonalno\u015bci\u0105! Proste linie, stonowane kolory i wysokiej jako\u015bci materia\u0142y tworz\u0105 nowoczesn\u0105 przestrze\u0144 idealn\u0105 do gotowania i spotka\u0144 z bliskimi. Wyspa z pod\u015bwietlanym okapem nie tylko przyci\u0105ga wzrok, ale tak\u017ce sprzyja wsp\u00f3lnemu sp\u0119dzaniu czasu. Dopracowane detale, nowoczesne sprz\u0119ty i przemy\u015blane rozwi\u0105zania sprawiaj\u0105, \u017ce to wn\u0119trze jest zar\u00f3wno&hellip;&nbsp;<a href=\"https:\/\/rynkowskidesign.pl\/index.php\/nowoczesna-kuchnia-2\/\" class=\"\" rel=\"bookmark\">Read More &raquo;<span class=\"screen-reader-text\">Przestronna, otwarta kuchnia<\/span><\/a><\/p>\n","protected":false},"author":1,"featured_media":0,"parent":0,"menu_order":0,"comment_status":"closed","ping_status":"closed","template":"","meta":{"neve_meta_sidebar":"","neve_meta_container":"","neve_meta_enable_content_width":"","neve_meta_content_width":0,"neve_meta_title_alignment":"","neve_meta_author_avatar":"","neve_post_elements_order":"","neve_meta_disable_header":"","neve_meta_disable_footer":"","neve_meta_disable_title":"","_themeisle_gutenberg_block_has_review":false},"yoast_head":"<!-- This site is optimized with the Yoast SEO plugin v21.4 - https:\/\/yoast.com\/wordpress\/plugins\/seo\/ -->\n<title>Przestronna, otwarta kuchnia - Architekt Pozna\u0144 - projekty dom\u00f3w, projekty wn\u0119trz<\/title>\n<meta name=\"robots\" content=\"index, follow, max-snippet:-1, max-image-preview:large, max-video-preview:-1\" \/>\n<link rel=\"canonical\" href=\"https:\/\/rynkowskidesign.pl\/index.php\/nowoczesna-kuchnia-2\/\" \/>\n<meta property=\"og:locale\" content=\"en_US\" \/>\n<meta property=\"og:type\" content=\"article\" \/>\n<meta property=\"og:title\" content=\"Przestronna, otwarta kuchnia - Architekt Pozna\u0144 - projekty dom\u00f3w, projekty wn\u0119trz\" \/>\n<meta property=\"og:description\" content=\"Nowoczesna, minimalistyczna kuchnia Minimalistyczna kuchnia, kt\u00f3ra \u0142\u0105czy elegancj\u0119 z funkcjonalno\u015bci\u0105! Proste linie, stonowane kolory i wysokiej jako\u015bci materia\u0142y tworz\u0105 nowoczesn\u0105 przestrze\u0144 idealn\u0105 do gotowania i spotka\u0144 z bliskimi. Wyspa z pod\u015bwietlanym okapem nie tylko przyci\u0105ga wzrok, ale tak\u017ce sprzyja wsp\u00f3lnemu sp\u0119dzaniu czasu. Dopracowane detale, nowoczesne sprz\u0119ty i przemy\u015blane rozwi\u0105zania sprawiaj\u0105, \u017ce to wn\u0119trze jest zar\u00f3wno&hellip;&nbsp;Read More &raquo;Przestronna, otwarta kuchnia\" \/>\n<meta property=\"og:url\" content=\"https:\/\/rynkowskidesign.pl\/index.php\/nowoczesna-kuchnia-2\/\" \/>\n<meta property=\"og:site_name\" content=\"Architekt Pozna\u0144 - projekty dom\u00f3w, projekty wn\u0119trz\" \/>\n<meta property=\"article:publisher\" content=\"https:\/\/www.facebook.com\/RynkowskiDesign\" \/>\n<meta property=\"article:modified_time\" content=\"2025-01-14T16:57:04+00:00\" \/>\n<meta property=\"og:image\" content=\"https:\/\/rynkowskidesign.pl\/wp-content\/uploads\/2025\/01\/P0.03-kuchnia-widok-3-2-683x1024.jpg\" \/>\n<meta name=\"twitter:card\" content=\"summary_large_image\" \/>\n<meta name=\"twitter:label1\" content=\"Est. reading time\" \/>\n\t<meta name=\"twitter:data1\" content=\"2 minutes\" \/>\n<script type=\"application\/ld+json\" class=\"yoast-schema-graph\">{\"@context\":\"https:\/\/schema.org\",\"@graph\":[{\"@type\":\"WebPage\",\"@id\":\"https:\/\/rynkowskidesign.pl\/index.php\/nowoczesna-kuchnia-2\/\",\"url\":\"https:\/\/rynkowskidesign.pl\/index.php\/nowoczesna-kuchnia-2\/\",\"name\":\"Przestronna, otwarta kuchnia - Architekt Pozna\u0144 - projekty dom\u00f3w, projekty wn\u0119trz\",\"isPartOf\":{\"@id\":\"https:\/\/rynkowskidesign.pl\/#website\"},\"datePublished\":\"2025-01-14T16:00:54+00:00\",\"dateModified\":\"2025-01-14T16:57:04+00:00\",\"breadcrumb\":{\"@id\":\"https:\/\/rynkowskidesign.pl\/index.php\/nowoczesna-kuchnia-2\/#breadcrumb\"},\"inLanguage\":\"en-US\",\"potentialAction\":[{\"@type\":\"ReadAction\",\"target\":[\"https:\/\/rynkowskidesign.pl\/index.php\/nowoczesna-kuchnia-2\/\"]}]},{\"@type\":\"BreadcrumbList\",\"@id\":\"https:\/\/rynkowskidesign.pl\/index.php\/nowoczesna-kuchnia-2\/#breadcrumb\",\"itemListElement\":[{\"@type\":\"ListItem\",\"position\":1,\"name\":\"Home\",\"item\":\"https:\/\/rynkowskidesign.pl\/\"},{\"@type\":\"ListItem\",\"position\":2,\"name\":\"Przestronna, otwarta kuchnia\"}]},{\"@type\":\"WebSite\",\"@id\":\"https:\/\/rynkowskidesign.pl\/#website\",\"url\":\"https:\/\/rynkowskidesign.pl\/\",\"name\":\"Architekt Pozna\u0144 - projekty dom\u00f3w, projekty wn\u0119trz\",\"description\":\"Rynkowski Design\",\"publisher\":{\"@id\":\"https:\/\/rynkowskidesign.pl\/#organization\"},\"potentialAction\":[{\"@type\":\"SearchAction\",\"target\":{\"@type\":\"EntryPoint\",\"urlTemplate\":\"https:\/\/rynkowskidesign.pl\/?s={search_term_string}\"},\"query-input\":\"required name=search_term_string\"}],\"inLanguage\":\"en-US\"},{\"@type\":\"Organization\",\"@id\":\"https:\/\/rynkowskidesign.pl\/#organization\",\"name\":\"Rynkowski Design\",\"url\":\"https:\/\/rynkowskidesign.pl\/\",\"logo\":{\"@type\":\"ImageObject\",\"inLanguage\":\"en-US\",\"@id\":\"https:\/\/rynkowskidesign.pl\/#\/schema\/logo\/image\/\",\"url\":\"https:\/\/rynkowskidesign.pl\/wp-content\/uploads\/2018\/05\/cropped-2.png\",\"contentUrl\":\"https:\/\/rynkowskidesign.pl\/wp-content\/uploads\/2018\/05\/cropped-2.png\",\"width\":512,\"height\":512,\"caption\":\"Rynkowski Design\"},\"image\":{\"@id\":\"https:\/\/rynkowskidesign.pl\/#\/schema\/logo\/image\/\"},\"sameAs\":[\"https:\/\/www.facebook.com\/RynkowskiDesign\",\"https:\/\/www.instagram.com\/rynkowskidesign\/\",\"https:\/\/www.youtube.com\/channel\/UCzBFs6JGA0RxNvGBJmxe5nQ\"]}]}<\/script>\n<!-- \/ Yoast SEO plugin. -->","yoast_head_json":{"title":"Przestronna, otwarta kuchnia - Architekt Pozna\u0144 - projekty dom\u00f3w, projekty wn\u0119trz","robots":{"index":"index","follow":"follow","max-snippet":"max-snippet:-1","max-image-preview":"max-image-preview:large","max-video-preview":"max-video-preview:-1"},"canonical":"https:\/\/rynkowskidesign.pl\/index.php\/nowoczesna-kuchnia-2\/","og_locale":"en_US","og_type":"article","og_title":"Przestronna, otwarta kuchnia - Architekt Pozna\u0144 - projekty dom\u00f3w, projekty wn\u0119trz","og_description":"Nowoczesna, minimalistyczna kuchnia Minimalistyczna kuchnia, kt\u00f3ra \u0142\u0105czy elegancj\u0119 z funkcjonalno\u015bci\u0105! Proste linie, stonowane kolory i wysokiej jako\u015bci materia\u0142y tworz\u0105 nowoczesn\u0105 przestrze\u0144 idealn\u0105 do gotowania i spotka\u0144 z bliskimi. Wyspa z pod\u015bwietlanym okapem nie tylko przyci\u0105ga wzrok, ale tak\u017ce sprzyja wsp\u00f3lnemu sp\u0119dzaniu czasu. Dopracowane detale, nowoczesne sprz\u0119ty i przemy\u015blane rozwi\u0105zania sprawiaj\u0105, \u017ce to wn\u0119trze jest zar\u00f3wno&hellip;&nbsp;Read More &raquo;Przestronna, otwarta kuchnia","og_url":"https:\/\/rynkowskidesign.pl\/index.php\/nowoczesna-kuchnia-2\/","og_site_name":"Architekt Pozna\u0144 - projekty dom\u00f3w, projekty wn\u0119trz","article_publisher":"https:\/\/www.facebook.com\/RynkowskiDesign","article_modified_time":"2025-01-14T16:57:04+00:00","og_image":[{"url":"https:\/\/rynkowskidesign.pl\/wp-content\/uploads\/2025\/01\/P0.03-kuchnia-widok-3-2-683x1024.jpg"}],"twitter_card":"summary_large_image","twitter_misc":{"Est. reading time":"2 minutes"},"schema":{"@context":"https:\/\/schema.org","@graph":[{"@type":"WebPage","@id":"https:\/\/rynkowskidesign.pl\/index.php\/nowoczesna-kuchnia-2\/","url":"https:\/\/rynkowskidesign.pl\/index.php\/nowoczesna-kuchnia-2\/","name":"Przestronna, otwarta kuchnia - Architekt Pozna\u0144 - projekty dom\u00f3w, projekty wn\u0119trz","isPartOf":{"@id":"https:\/\/rynkowskidesign.pl\/#website"},"datePublished":"2025-01-14T16:00:54+00:00","dateModified":"2025-01-14T16:57:04+00:00","breadcrumb":{"@id":"https:\/\/rynkowskidesign.pl\/index.php\/nowoczesna-kuchnia-2\/#breadcrumb"},"inLanguage":"en-US","potentialAction":[{"@type":"ReadAction","target":["https:\/\/rynkowskidesign.pl\/index.php\/nowoczesna-kuchnia-2\/"]}]},{"@type":"BreadcrumbList","@id":"https:\/\/rynkowskidesign.pl\/index.php\/nowoczesna-kuchnia-2\/#breadcrumb","itemListElement":[{"@type":"ListItem","position":1,"name":"Home","item":"https:\/\/rynkowskidesign.pl\/"},{"@type":"ListItem","position":2,"name":"Przestronna, otwarta kuchnia"}]},{"@type":"WebSite","@id":"https:\/\/rynkowskidesign.pl\/#website","url":"https:\/\/rynkowskidesign.pl\/","name":"Architekt Pozna\u0144 - projekty dom\u00f3w, projekty wn\u0119trz","description":"Rynkowski Design","publisher":{"@id":"https:\/\/rynkowskidesign.pl\/#organization"},"potentialAction":[{"@type":"SearchAction","target":{"@type":"EntryPoint","urlTemplate":"https:\/\/rynkowskidesign.pl\/?s={search_term_string}"},"query-input":"required name=search_term_string"}],"inLanguage":"en-US"},{"@type":"Organization","@id":"https:\/\/rynkowskidesign.pl\/#organization","name":"Rynkowski Design","url":"https:\/\/rynkowskidesign.pl\/","logo":{"@type":"ImageObject","inLanguage":"en-US","@id":"https:\/\/rynkowskidesign.pl\/#\/schema\/logo\/image\/","url":"https:\/\/rynkowskidesign.pl\/wp-content\/uploads\/2018\/05\/cropped-2.png","contentUrl":"https:\/\/rynkowskidesign.pl\/wp-content\/uploads\/2018\/05\/cropped-2.png","width":512,"height":512,"caption":"Rynkowski Design"},"image":{"@id":"https:\/\/rynkowskidesign.pl\/#\/schema\/logo\/image\/"},"sameAs":["https:\/\/www.facebook.com\/RynkowskiDesign","https:\/\/www.instagram.com\/rynkowskidesign\/","https:\/\/www.youtube.com\/channel\/UCzBFs6JGA0RxNvGBJmxe5nQ"]}]}},"_links":{"self":[{"href":"https:\/\/rynkowskidesign.pl\/index.php\/wp-json\/wp\/v2\/pages\/4668"}],"collection":[{"href":"https:\/\/rynkowskidesign.pl\/index.php\/wp-json\/wp\/v2\/pages"}],"about":[{"href":"https:\/\/rynkowskidesign.pl\/index.php\/wp-json\/wp\/v2\/types\/page"}],"author":[{"embeddable":true,"href":"https:\/\/rynkowskidesign.pl\/index.php\/wp-json\/wp\/v2\/users\/1"}],"replies":[{"embeddable":true,"href":"https:\/\/rynkowskidesign.pl\/index.php\/wp-json\/wp\/v2\/comments?post=4668"}],"version-history":[{"count":7,"href":"https:\/\/rynkowskidesign.pl\/index.php\/wp-json\/wp\/v2\/pages\/4668\/revisions"}],"predecessor-version":[{"id":4715,"href":"https:\/\/rynkowskidesign.pl\/index.php\/wp-json\/wp\/v2\/pages\/4668\/revisions\/4715"}],"wp:attachment":[{"href":"https:\/\/rynkowskidesign.pl\/index.php\/wp-json\/wp\/v2\/media?parent=4668"}],"curies":[{"name":"wp","href":"https:\/\/api.w.org\/{rel}","templated":true}]}}