{"id":4699,"date":"2025-01-14T16:31:29","date_gmt":"2025-01-14T16:31:29","guid":{"rendered":"https:\/\/rynkowskidesign.pl\/?page_id=4699"},"modified":"2025-01-14T16:31:31","modified_gmt":"2025-01-14T16:31:31","slug":"kuchnia-w-odcieniach-szarosci","status":"publish","type":"page","link":"https:\/\/rynkowskidesign.pl\/index.php\/kuchnia-w-odcieniach-szarosci\/","title":{"rendered":"Elegancka, funkcjonalna kuchnia"},"content":{"rendered":"\n<div style=\"height:20px\" aria-hidden=\"true\" class=\"wp-block-spacer\"><\/div>\n\n\n\n<h2 class=\"wp-block-heading has-text-align-center\" id=\"block-9baa15c5-6d10-4fb5-8b63-8330e219a779\" style=\"font-size:30px\">Kuchnia w odcieniach szaro\u015bci z marmurowym blatem i dodatkami <br>w kolorze z\u0142ota.<\/h2>\n\n\n\n<div style=\"height:20px\" aria-hidden=\"true\" class=\"wp-block-spacer\"><\/div>\n\n\n<div class=\"wp-block-image\">\n<figure class=\"aligncenter size-large is-resized\"><img decoding=\"async\" src=\"https:\/\/rynkowskidesign.pl\/wp-content\/uploads\/2021\/02\/nowoczesna-kuchnia-1024x627.jpg\" alt=\"\" class=\"wp-image-3530\" width=\"1024\" height=\"627\" srcset=\"https:\/\/rynkowskidesign.pl\/wp-content\/uploads\/2021\/02\/nowoczesna-kuchnia-1024x627.jpg 1024w, https:\/\/rynkowskidesign.pl\/wp-content\/uploads\/2021\/02\/nowoczesna-kuchnia-300x184.jpg 300w, https:\/\/rynkowskidesign.pl\/wp-content\/uploads\/2021\/02\/nowoczesna-kuchnia-768x471.jpg 768w, https:\/\/rynkowskidesign.pl\/wp-content\/uploads\/2021\/02\/nowoczesna-kuchnia-1536x941.jpg 1536w, https:\/\/rynkowskidesign.pl\/wp-content\/uploads\/2021\/02\/nowoczesna-kuchnia.jpg 1929w\" sizes=\"(max-width: 1024px) 100vw, 1024px\" \/><\/figure><\/div>\n\n<div class=\"wp-block-image\">\n<figure class=\"aligncenter size-large\"><img decoding=\"async\" width=\"1024\" height=\"512\" src=\"https:\/\/rynkowskidesign.pl\/wp-content\/uploads\/2020\/03\/KUCHNIA-WIDOK-1-1024x512.jpg\" alt=\"\" class=\"wp-image-1539\" srcset=\"https:\/\/rynkowskidesign.pl\/wp-content\/uploads\/2020\/03\/KUCHNIA-WIDOK-1-1024x512.jpg 1024w, https:\/\/rynkowskidesign.pl\/wp-content\/uploads\/2020\/03\/KUCHNIA-WIDOK-1-300x150.jpg 300w, https:\/\/rynkowskidesign.pl\/wp-content\/uploads\/2020\/03\/KUCHNIA-WIDOK-1-768x384.jpg 768w, https:\/\/rynkowskidesign.pl\/wp-content\/uploads\/2020\/03\/KUCHNIA-WIDOK-1-830x415.jpg 830w, https:\/\/rynkowskidesign.pl\/wp-content\/uploads\/2020\/03\/KUCHNIA-WIDOK-1-230x115.jpg 230w, https:\/\/rynkowskidesign.pl\/wp-content\/uploads\/2020\/03\/KUCHNIA-WIDOK-1-350x175.jpg 350w, https:\/\/rynkowskidesign.pl\/wp-content\/uploads\/2020\/03\/KUCHNIA-WIDOK-1-480x240.jpg 480w\" sizes=\"(max-width: 1024px) 100vw, 1024px\" \/><\/figure><\/div>\n\n\n<div style=\"height:18px\" aria-hidden=\"true\" class=\"wp-block-spacer\"><\/div>\n\n\n\n<p class=\"has-text-align-center\" style=\"font-size:18px\"> <\/p>\n\n\n\n<div style=\"height:18px\" aria-hidden=\"true\" class=\"wp-block-spacer\"><\/div>\n","protected":false},"excerpt":{"rendered":"<p>Kuchnia w odcieniach szaro\u015bci z marmurowym blatem i dodatkami w kolorze z\u0142ota.<\/p>\n","protected":false},"author":1,"featured_media":0,"parent":0,"menu_order":0,"comment_status":"closed","ping_status":"closed","template":"","meta":{"neve_meta_sidebar":"","neve_meta_container":"","neve_meta_enable_content_width":"","neve_meta_content_width":0,"neve_meta_title_alignment":"","neve_meta_author_avatar":"","neve_post_elements_order":"","neve_meta_disable_header":"","neve_meta_disable_footer":"","neve_meta_disable_title":"","_themeisle_gutenberg_block_has_review":false},"yoast_head":"<!-- This site is optimized with the Yoast SEO plugin v21.4 - https:\/\/yoast.com\/wordpress\/plugins\/seo\/ -->\n<title>Elegancka, funkcjonalna kuchnia - Architekt Pozna\u0144 - projekty dom\u00f3w, projekty wn\u0119trz<\/title>\n<meta name=\"robots\" content=\"index, follow, max-snippet:-1, max-image-preview:large, max-video-preview:-1\" \/>\n<link rel=\"canonical\" href=\"https:\/\/rynkowskidesign.pl\/index.php\/kuchnia-w-odcieniach-szarosci\/\" \/>\n<meta property=\"og:locale\" content=\"en_US\" \/>\n<meta property=\"og:type\" content=\"article\" \/>\n<meta property=\"og:title\" content=\"Elegancka, funkcjonalna kuchnia - Architekt Pozna\u0144 - projekty dom\u00f3w, projekty wn\u0119trz\" \/>\n<meta property=\"og:description\" content=\"Kuchnia w odcieniach szaro\u015bci z marmurowym blatem i dodatkami w kolorze z\u0142ota.\" \/>\n<meta property=\"og:url\" content=\"https:\/\/rynkowskidesign.pl\/index.php\/kuchnia-w-odcieniach-szarosci\/\" \/>\n<meta property=\"og:site_name\" content=\"Architekt Pozna\u0144 - projekty dom\u00f3w, projekty wn\u0119trz\" \/>\n<meta property=\"article:publisher\" content=\"https:\/\/www.facebook.com\/RynkowskiDesign\" \/>\n<meta property=\"article:modified_time\" content=\"2025-01-14T16:31:31+00:00\" \/>\n<meta property=\"og:image\" content=\"https:\/\/rynkowskidesign.pl\/wp-content\/uploads\/2021\/02\/nowoczesna-kuchnia-1024x627.jpg\" \/>\n<meta name=\"twitter:card\" content=\"summary_large_image\" \/>\n<meta name=\"twitter:label1\" content=\"Est. reading time\" \/>\n\t<meta name=\"twitter:data1\" content=\"1 minute\" \/>\n<script type=\"application\/ld+json\" class=\"yoast-schema-graph\">{\"@context\":\"https:\/\/schema.org\",\"@graph\":[{\"@type\":\"WebPage\",\"@id\":\"https:\/\/rynkowskidesign.pl\/index.php\/kuchnia-w-odcieniach-szarosci\/\",\"url\":\"https:\/\/rynkowskidesign.pl\/index.php\/kuchnia-w-odcieniach-szarosci\/\",\"name\":\"Elegancka, funkcjonalna kuchnia - Architekt Pozna\u0144 - projekty dom\u00f3w, projekty wn\u0119trz\",\"isPartOf\":{\"@id\":\"https:\/\/rynkowskidesign.pl\/#website\"},\"datePublished\":\"2025-01-14T16:31:29+00:00\",\"dateModified\":\"2025-01-14T16:31:31+00:00\",\"breadcrumb\":{\"@id\":\"https:\/\/rynkowskidesign.pl\/index.php\/kuchnia-w-odcieniach-szarosci\/#breadcrumb\"},\"inLanguage\":\"en-US\",\"potentialAction\":[{\"@type\":\"ReadAction\",\"target\":[\"https:\/\/rynkowskidesign.pl\/index.php\/kuchnia-w-odcieniach-szarosci\/\"]}]},{\"@type\":\"BreadcrumbList\",\"@id\":\"https:\/\/rynkowskidesign.pl\/index.php\/kuchnia-w-odcieniach-szarosci\/#breadcrumb\",\"itemListElement\":[{\"@type\":\"ListItem\",\"position\":1,\"name\":\"Home\",\"item\":\"https:\/\/rynkowskidesign.pl\/\"},{\"@type\":\"ListItem\",\"position\":2,\"name\":\"Elegancka, funkcjonalna kuchnia\"}]},{\"@type\":\"WebSite\",\"@id\":\"https:\/\/rynkowskidesign.pl\/#website\",\"url\":\"https:\/\/rynkowskidesign.pl\/\",\"name\":\"Architekt Pozna\u0144 - projekty dom\u00f3w, projekty wn\u0119trz\",\"description\":\"Rynkowski Design\",\"publisher\":{\"@id\":\"https:\/\/rynkowskidesign.pl\/#organization\"},\"potentialAction\":[{\"@type\":\"SearchAction\",\"target\":{\"@type\":\"EntryPoint\",\"urlTemplate\":\"https:\/\/rynkowskidesign.pl\/?s={search_term_string}\"},\"query-input\":\"required name=search_term_string\"}],\"inLanguage\":\"en-US\"},{\"@type\":\"Organization\",\"@id\":\"https:\/\/rynkowskidesign.pl\/#organization\",\"name\":\"Rynkowski Design\",\"url\":\"https:\/\/rynkowskidesign.pl\/\",\"logo\":{\"@type\":\"ImageObject\",\"inLanguage\":\"en-US\",\"@id\":\"https:\/\/rynkowskidesign.pl\/#\/schema\/logo\/image\/\",\"url\":\"https:\/\/rynkowskidesign.pl\/wp-content\/uploads\/2018\/05\/cropped-2.png\",\"contentUrl\":\"https:\/\/rynkowskidesign.pl\/wp-content\/uploads\/2018\/05\/cropped-2.png\",\"width\":512,\"height\":512,\"caption\":\"Rynkowski Design\"},\"image\":{\"@id\":\"https:\/\/rynkowskidesign.pl\/#\/schema\/logo\/image\/\"},\"sameAs\":[\"https:\/\/www.facebook.com\/RynkowskiDesign\",\"https:\/\/www.instagram.com\/rynkowskidesign\/\",\"https:\/\/www.youtube.com\/channel\/UCzBFs6JGA0RxNvGBJmxe5nQ\"]}]}<\/script>\n<!-- \/ Yoast SEO plugin. -->","yoast_head_json":{"title":"Elegancka, funkcjonalna kuchnia - Architekt Pozna\u0144 - projekty dom\u00f3w, projekty wn\u0119trz","robots":{"index":"index","follow":"follow","max-snippet":"max-snippet:-1","max-image-preview":"max-image-preview:large","max-video-preview":"max-video-preview:-1"},"canonical":"https:\/\/rynkowskidesign.pl\/index.php\/kuchnia-w-odcieniach-szarosci\/","og_locale":"en_US","og_type":"article","og_title":"Elegancka, funkcjonalna kuchnia - Architekt Pozna\u0144 - projekty dom\u00f3w, projekty wn\u0119trz","og_description":"Kuchnia w odcieniach szaro\u015bci z marmurowym blatem i dodatkami w kolorze z\u0142ota.","og_url":"https:\/\/rynkowskidesign.pl\/index.php\/kuchnia-w-odcieniach-szarosci\/","og_site_name":"Architekt Pozna\u0144 - projekty dom\u00f3w, projekty wn\u0119trz","article_publisher":"https:\/\/www.facebook.com\/RynkowskiDesign","article_modified_time":"2025-01-14T16:31:31+00:00","og_image":[{"url":"https:\/\/rynkowskidesign.pl\/wp-content\/uploads\/2021\/02\/nowoczesna-kuchnia-1024x627.jpg"}],"twitter_card":"summary_large_image","twitter_misc":{"Est. reading time":"1 minute"},"schema":{"@context":"https:\/\/schema.org","@graph":[{"@type":"WebPage","@id":"https:\/\/rynkowskidesign.pl\/index.php\/kuchnia-w-odcieniach-szarosci\/","url":"https:\/\/rynkowskidesign.pl\/index.php\/kuchnia-w-odcieniach-szarosci\/","name":"Elegancka, funkcjonalna kuchnia - Architekt Pozna\u0144 - projekty dom\u00f3w, projekty wn\u0119trz","isPartOf":{"@id":"https:\/\/rynkowskidesign.pl\/#website"},"datePublished":"2025-01-14T16:31:29+00:00","dateModified":"2025-01-14T16:31:31+00:00","breadcrumb":{"@id":"https:\/\/rynkowskidesign.pl\/index.php\/kuchnia-w-odcieniach-szarosci\/#breadcrumb"},"inLanguage":"en-US","potentialAction":[{"@type":"ReadAction","target":["https:\/\/rynkowskidesign.pl\/index.php\/kuchnia-w-odcieniach-szarosci\/"]}]},{"@type":"BreadcrumbList","@id":"https:\/\/rynkowskidesign.pl\/index.php\/kuchnia-w-odcieniach-szarosci\/#breadcrumb","itemListElement":[{"@type":"ListItem","position":1,"name":"Home","item":"https:\/\/rynkowskidesign.pl\/"},{"@type":"ListItem","position":2,"name":"Elegancka, funkcjonalna kuchnia"}]},{"@type":"WebSite","@id":"https:\/\/rynkowskidesign.pl\/#website","url":"https:\/\/rynkowskidesign.pl\/","name":"Architekt Pozna\u0144 - projekty dom\u00f3w, projekty wn\u0119trz","description":"Rynkowski Design","publisher":{"@id":"https:\/\/rynkowskidesign.pl\/#organization"},"potentialAction":[{"@type":"SearchAction","target":{"@type":"EntryPoint","urlTemplate":"https:\/\/rynkowskidesign.pl\/?s={search_term_string}"},"query-input":"required name=search_term_string"}],"inLanguage":"en-US"},{"@type":"Organization","@id":"https:\/\/rynkowskidesign.pl\/#organization","name":"Rynkowski Design","url":"https:\/\/rynkowskidesign.pl\/","logo":{"@type":"ImageObject","inLanguage":"en-US","@id":"https:\/\/rynkowskidesign.pl\/#\/schema\/logo\/image\/","url":"https:\/\/rynkowskidesign.pl\/wp-content\/uploads\/2018\/05\/cropped-2.png","contentUrl":"https:\/\/rynkowskidesign.pl\/wp-content\/uploads\/2018\/05\/cropped-2.png","width":512,"height":512,"caption":"Rynkowski Design"},"image":{"@id":"https:\/\/rynkowskidesign.pl\/#\/schema\/logo\/image\/"},"sameAs":["https:\/\/www.facebook.com\/RynkowskiDesign","https:\/\/www.instagram.com\/rynkowskidesign\/","https:\/\/www.youtube.com\/channel\/UCzBFs6JGA0RxNvGBJmxe5nQ"]}]}},"_links":{"self":[{"href":"https:\/\/rynkowskidesign.pl\/index.php\/wp-json\/wp\/v2\/pages\/4699"}],"collection":[{"href":"https:\/\/rynkowskidesign.pl\/index.php\/wp-json\/wp\/v2\/pages"}],"about":[{"href":"https:\/\/rynkowskidesign.pl\/index.php\/wp-json\/wp\/v2\/types\/page"}],"author":[{"embeddable":true,"href":"https:\/\/rynkowskidesign.pl\/index.php\/wp-json\/wp\/v2\/users\/1"}],"replies":[{"embeddable":true,"href":"https:\/\/rynkowskidesign.pl\/index.php\/wp-json\/wp\/v2\/comments?post=4699"}],"version-history":[{"count":1,"href":"https:\/\/rynkowskidesign.pl\/index.php\/wp-json\/wp\/v2\/pages\/4699\/revisions"}],"predecessor-version":[{"id":4701,"href":"https:\/\/rynkowskidesign.pl\/index.php\/wp-json\/wp\/v2\/pages\/4699\/revisions\/4701"}],"wp:attachment":[{"href":"https:\/\/rynkowskidesign.pl\/index.php\/wp-json\/wp\/v2\/media?parent=4699"}],"curies":[{"name":"wp","href":"https:\/\/api.w.org\/{rel}","templated":true}]}}