{"id":4738,"date":"2025-01-14T17:24:33","date_gmt":"2025-01-14T17:24:33","guid":{"rendered":"https:\/\/rynkowskidesign.pl\/?page_id=4738"},"modified":"2025-01-14T17:24:36","modified_gmt":"2025-01-14T17:24:36","slug":"naturalna-harmonia-w-nowoczesnej-lazience","status":"publish","type":"page","link":"https:\/\/rynkowskidesign.pl\/index.php\/naturalna-harmonia-w-nowoczesnej-lazience\/","title":{"rendered":"Naturalna harmonia w nowoczesnej \u0142azience"},"content":{"rendered":"\n<h2 class=\"wp-block-heading has-text-align-left\" id=\"block-9baa15c5-6d10-4fb5-8b63-8330e219a779\">Nowoczesny minimalizm z naturalnym charakterem<\/h2>\n\n\n\n<p class=\"has-text-align-center\" style=\"font-size:30px\"><\/p>\n\n\n<div class=\"wp-block-image\">\n<figure class=\"aligncenter size-large is-resized\"><img decoding=\"async\" src=\"https:\/\/rynkowskidesign.pl\/wp-content\/uploads\/2025\/01\/1-1024x1024.jpeg\" alt=\"\" class=\"wp-image-4739\" width=\"768\" height=\"768\" srcset=\"https:\/\/rynkowskidesign.pl\/wp-content\/uploads\/2025\/01\/1-1024x1024.jpeg 1024w, https:\/\/rynkowskidesign.pl\/wp-content\/uploads\/2025\/01\/1-300x300.jpeg 300w, https:\/\/rynkowskidesign.pl\/wp-content\/uploads\/2025\/01\/1-150x150.jpeg 150w, https:\/\/rynkowskidesign.pl\/wp-content\/uploads\/2025\/01\/1-768x768.jpeg 768w, https:\/\/rynkowskidesign.pl\/wp-content\/uploads\/2025\/01\/1-1536x1536.jpeg 1536w, https:\/\/rynkowskidesign.pl\/wp-content\/uploads\/2025\/01\/1.jpeg 2048w\" sizes=\"(max-width: 768px) 100vw, 768px\" \/><\/figure><\/div>\n\n\n<div style=\"height:19px\" aria-hidden=\"true\" class=\"wp-block-spacer\"><\/div>\n\n\n\n<p class=\"has-text-align-center\">Przemy\u015blany design i harmonia naturalnych materia\u0142\u00f3w sprawiaj\u0105, \u017ce ta \u0142azienka staje si\u0119 idealnym miejscem relaksu. Po\u0142\u0105czenie ciep\u0142a drewna z surowo\u015bci\u0105 kamienia tworzy wyj\u0105tkowy klimat, kt\u00f3ry podkre\u015bla nowoczesny charakter wn\u0119trza. Okr\u0105g\u0142e lustro dodaje subtelnej lekko\u015bci, a przestronna wolnostoj\u0105ca wanna zach\u0119ca do odpr\u0119\u017cenia po d\u0142ugim dniu. Minimalistyczna forma i funkcjonalne rozwi\u0105zania \u0142\u0105cz\u0105 si\u0119 tutaj w doskona\u0142ej r\u00f3wnowadze, podkre\u015blaj\u0105c elegancj\u0119 przestrzeni.<\/p>\n\n\n\n<div style=\"height:8px\" aria-hidden=\"true\" class=\"wp-block-spacer\"><\/div>\n\n\n<div class=\"wp-block-image\">\n<figure class=\"aligncenter size-large is-resized\"><img decoding=\"async\" src=\"https:\/\/rynkowskidesign.pl\/wp-content\/uploads\/2025\/01\/2-1024x1024.jpeg\" alt=\"\" class=\"wp-image-4740\" width=\"768\" height=\"768\" srcset=\"https:\/\/rynkowskidesign.pl\/wp-content\/uploads\/2025\/01\/2-1024x1024.jpeg 1024w, https:\/\/rynkowskidesign.pl\/wp-content\/uploads\/2025\/01\/2-300x300.jpeg 300w, https:\/\/rynkowskidesign.pl\/wp-content\/uploads\/2025\/01\/2-150x150.jpeg 150w, https:\/\/rynkowskidesign.pl\/wp-content\/uploads\/2025\/01\/2-768x768.jpeg 768w, https:\/\/rynkowskidesign.pl\/wp-content\/uploads\/2025\/01\/2-1536x1536.jpeg 1536w, https:\/\/rynkowskidesign.pl\/wp-content\/uploads\/2025\/01\/2.jpeg 1575w\" sizes=\"(max-width: 768px) 100vw, 768px\" \/><\/figure><\/div>\n\n\n<div style=\"height:25px\" aria-hidden=\"true\" class=\"wp-block-spacer\"><\/div>\n\n\n<div class=\"wp-block-image\">\n<figure class=\"aligncenter size-large is-resized\"><img decoding=\"async\" src=\"https:\/\/rynkowskidesign.pl\/wp-content\/uploads\/2025\/01\/3-1024x1024.jpeg\" alt=\"\" class=\"wp-image-4741\" width=\"768\" height=\"768\" srcset=\"https:\/\/rynkowskidesign.pl\/wp-content\/uploads\/2025\/01\/3-1024x1024.jpeg 1024w, https:\/\/rynkowskidesign.pl\/wp-content\/uploads\/2025\/01\/3-300x300.jpeg 300w, https:\/\/rynkowskidesign.pl\/wp-content\/uploads\/2025\/01\/3-150x150.jpeg 150w, https:\/\/rynkowskidesign.pl\/wp-content\/uploads\/2025\/01\/3-768x768.jpeg 768w, https:\/\/rynkowskidesign.pl\/wp-content\/uploads\/2025\/01\/3-1536x1536.jpeg 1536w, https:\/\/rynkowskidesign.pl\/wp-content\/uploads\/2025\/01\/3.jpeg 1575w\" sizes=\"(max-width: 768px) 100vw, 768px\" \/><\/figure><\/div>\n\n\n<div style=\"height:25px\" aria-hidden=\"true\" class=\"wp-block-spacer\"><\/div>\n\n\n<div class=\"wp-block-image\">\n<figure class=\"aligncenter size-large is-resized\"><img decoding=\"async\" src=\"https:\/\/rynkowskidesign.pl\/wp-content\/uploads\/2025\/01\/4-1024x1024.jpeg\" alt=\"\" class=\"wp-image-4742\" width=\"768\" height=\"768\" srcset=\"https:\/\/rynkowskidesign.pl\/wp-content\/uploads\/2025\/01\/4-1024x1024.jpeg 1024w, https:\/\/rynkowskidesign.pl\/wp-content\/uploads\/2025\/01\/4-300x300.jpeg 300w, https:\/\/rynkowskidesign.pl\/wp-content\/uploads\/2025\/01\/4-150x150.jpeg 150w, https:\/\/rynkowskidesign.pl\/wp-content\/uploads\/2025\/01\/4-768x768.jpeg 768w, https:\/\/rynkowskidesign.pl\/wp-content\/uploads\/2025\/01\/4-1536x1536.jpeg 1536w, https:\/\/rynkowskidesign.pl\/wp-content\/uploads\/2025\/01\/4.jpeg 1575w\" sizes=\"(max-width: 768px) 100vw, 768px\" \/><\/figure><\/div>\n\n\n<div style=\"height:25px\" aria-hidden=\"true\" class=\"wp-block-spacer\"><\/div>\n\n\n\n<div style=\"height:25px\" aria-hidden=\"true\" class=\"wp-block-spacer\"><\/div>\n\n\n\n<p><\/p>\n","protected":false},"excerpt":{"rendered":"<p>Nowoczesny minimalizm z naturalnym charakterem Przemy\u015blany design i harmonia naturalnych materia\u0142\u00f3w sprawiaj\u0105, \u017ce ta \u0142azienka staje si\u0119 idealnym miejscem relaksu. Po\u0142\u0105czenie ciep\u0142a drewna z surowo\u015bci\u0105 kamienia tworzy wyj\u0105tkowy klimat, kt\u00f3ry podkre\u015bla nowoczesny charakter wn\u0119trza. Okr\u0105g\u0142e lustro dodaje subtelnej lekko\u015bci, a przestronna wolnostoj\u0105ca wanna zach\u0119ca do odpr\u0119\u017cenia po d\u0142ugim dniu. Minimalistyczna forma i funkcjonalne rozwi\u0105zania \u0142\u0105cz\u0105&hellip;&nbsp;<a href=\"https:\/\/rynkowskidesign.pl\/index.php\/naturalna-harmonia-w-nowoczesnej-lazience\/\" class=\"\" rel=\"bookmark\">Read More &raquo;<span class=\"screen-reader-text\">Naturalna harmonia w nowoczesnej \u0142azience<\/span><\/a><\/p>\n","protected":false},"author":1,"featured_media":0,"parent":0,"menu_order":0,"comment_status":"closed","ping_status":"closed","template":"","meta":{"neve_meta_sidebar":"","neve_meta_container":"","neve_meta_enable_content_width":"","neve_meta_content_width":0,"neve_meta_title_alignment":"","neve_meta_author_avatar":"","neve_post_elements_order":"","neve_meta_disable_header":"","neve_meta_disable_footer":"","neve_meta_disable_title":"","_themeisle_gutenberg_block_has_review":false},"yoast_head":"<!-- This site is optimized with the Yoast SEO plugin v21.4 - https:\/\/yoast.com\/wordpress\/plugins\/seo\/ -->\n<title>Naturalna harmonia w nowoczesnej \u0142azience - Architekt Pozna\u0144 - projekty dom\u00f3w, projekty wn\u0119trz<\/title>\n<meta name=\"robots\" content=\"index, follow, max-snippet:-1, max-image-preview:large, max-video-preview:-1\" \/>\n<link rel=\"canonical\" href=\"https:\/\/rynkowskidesign.pl\/index.php\/naturalna-harmonia-w-nowoczesnej-lazience\/\" \/>\n<meta property=\"og:locale\" content=\"en_US\" \/>\n<meta property=\"og:type\" content=\"article\" \/>\n<meta property=\"og:title\" content=\"Naturalna harmonia w nowoczesnej \u0142azience - Architekt Pozna\u0144 - projekty dom\u00f3w, projekty wn\u0119trz\" \/>\n<meta property=\"og:description\" content=\"Nowoczesny minimalizm z naturalnym charakterem Przemy\u015blany design i harmonia naturalnych materia\u0142\u00f3w sprawiaj\u0105, \u017ce ta \u0142azienka staje si\u0119 idealnym miejscem relaksu. Po\u0142\u0105czenie ciep\u0142a drewna z surowo\u015bci\u0105 kamienia tworzy wyj\u0105tkowy klimat, kt\u00f3ry podkre\u015bla nowoczesny charakter wn\u0119trza. Okr\u0105g\u0142e lustro dodaje subtelnej lekko\u015bci, a przestronna wolnostoj\u0105ca wanna zach\u0119ca do odpr\u0119\u017cenia po d\u0142ugim dniu. Minimalistyczna forma i funkcjonalne rozwi\u0105zania \u0142\u0105cz\u0105&hellip;&nbsp;Read More &raquo;Naturalna harmonia w nowoczesnej \u0142azience\" \/>\n<meta property=\"og:url\" content=\"https:\/\/rynkowskidesign.pl\/index.php\/naturalna-harmonia-w-nowoczesnej-lazience\/\" \/>\n<meta property=\"og:site_name\" content=\"Architekt Pozna\u0144 - projekty dom\u00f3w, projekty wn\u0119trz\" \/>\n<meta property=\"article:publisher\" content=\"https:\/\/www.facebook.com\/RynkowskiDesign\" \/>\n<meta property=\"article:modified_time\" content=\"2025-01-14T17:24:36+00:00\" \/>\n<meta property=\"og:image\" content=\"https:\/\/rynkowskidesign.pl\/wp-content\/uploads\/2025\/01\/1-1024x1024.jpeg\" \/>\n<meta name=\"twitter:card\" content=\"summary_large_image\" \/>\n<meta name=\"twitter:label1\" content=\"Est. reading time\" \/>\n\t<meta name=\"twitter:data1\" content=\"2 minutes\" \/>\n<script type=\"application\/ld+json\" class=\"yoast-schema-graph\">{\"@context\":\"https:\/\/schema.org\",\"@graph\":[{\"@type\":\"WebPage\",\"@id\":\"https:\/\/rynkowskidesign.pl\/index.php\/naturalna-harmonia-w-nowoczesnej-lazience\/\",\"url\":\"https:\/\/rynkowskidesign.pl\/index.php\/naturalna-harmonia-w-nowoczesnej-lazience\/\",\"name\":\"Naturalna harmonia w nowoczesnej \u0142azience - Architekt Pozna\u0144 - projekty dom\u00f3w, projekty wn\u0119trz\",\"isPartOf\":{\"@id\":\"https:\/\/rynkowskidesign.pl\/#website\"},\"datePublished\":\"2025-01-14T17:24:33+00:00\",\"dateModified\":\"2025-01-14T17:24:36+00:00\",\"breadcrumb\":{\"@id\":\"https:\/\/rynkowskidesign.pl\/index.php\/naturalna-harmonia-w-nowoczesnej-lazience\/#breadcrumb\"},\"inLanguage\":\"en-US\",\"potentialAction\":[{\"@type\":\"ReadAction\",\"target\":[\"https:\/\/rynkowskidesign.pl\/index.php\/naturalna-harmonia-w-nowoczesnej-lazience\/\"]}]},{\"@type\":\"BreadcrumbList\",\"@id\":\"https:\/\/rynkowskidesign.pl\/index.php\/naturalna-harmonia-w-nowoczesnej-lazience\/#breadcrumb\",\"itemListElement\":[{\"@type\":\"ListItem\",\"position\":1,\"name\":\"Home\",\"item\":\"https:\/\/rynkowskidesign.pl\/\"},{\"@type\":\"ListItem\",\"position\":2,\"name\":\"Naturalna harmonia w nowoczesnej \u0142azience\"}]},{\"@type\":\"WebSite\",\"@id\":\"https:\/\/rynkowskidesign.pl\/#website\",\"url\":\"https:\/\/rynkowskidesign.pl\/\",\"name\":\"Architekt Pozna\u0144 - projekty dom\u00f3w, projekty wn\u0119trz\",\"description\":\"Rynkowski Design\",\"publisher\":{\"@id\":\"https:\/\/rynkowskidesign.pl\/#organization\"},\"potentialAction\":[{\"@type\":\"SearchAction\",\"target\":{\"@type\":\"EntryPoint\",\"urlTemplate\":\"https:\/\/rynkowskidesign.pl\/?s={search_term_string}\"},\"query-input\":\"required name=search_term_string\"}],\"inLanguage\":\"en-US\"},{\"@type\":\"Organization\",\"@id\":\"https:\/\/rynkowskidesign.pl\/#organization\",\"name\":\"Rynkowski Design\",\"url\":\"https:\/\/rynkowskidesign.pl\/\",\"logo\":{\"@type\":\"ImageObject\",\"inLanguage\":\"en-US\",\"@id\":\"https:\/\/rynkowskidesign.pl\/#\/schema\/logo\/image\/\",\"url\":\"https:\/\/rynkowskidesign.pl\/wp-content\/uploads\/2018\/05\/cropped-2.png\",\"contentUrl\":\"https:\/\/rynkowskidesign.pl\/wp-content\/uploads\/2018\/05\/cropped-2.png\",\"width\":512,\"height\":512,\"caption\":\"Rynkowski Design\"},\"image\":{\"@id\":\"https:\/\/rynkowskidesign.pl\/#\/schema\/logo\/image\/\"},\"sameAs\":[\"https:\/\/www.facebook.com\/RynkowskiDesign\",\"https:\/\/www.instagram.com\/rynkowskidesign\/\",\"https:\/\/www.youtube.com\/channel\/UCzBFs6JGA0RxNvGBJmxe5nQ\"]}]}<\/script>\n<!-- \/ Yoast SEO plugin. -->","yoast_head_json":{"title":"Naturalna harmonia w nowoczesnej \u0142azience - Architekt Pozna\u0144 - projekty dom\u00f3w, projekty wn\u0119trz","robots":{"index":"index","follow":"follow","max-snippet":"max-snippet:-1","max-image-preview":"max-image-preview:large","max-video-preview":"max-video-preview:-1"},"canonical":"https:\/\/rynkowskidesign.pl\/index.php\/naturalna-harmonia-w-nowoczesnej-lazience\/","og_locale":"en_US","og_type":"article","og_title":"Naturalna harmonia w nowoczesnej \u0142azience - Architekt Pozna\u0144 - projekty dom\u00f3w, projekty wn\u0119trz","og_description":"Nowoczesny minimalizm z naturalnym charakterem Przemy\u015blany design i harmonia naturalnych materia\u0142\u00f3w sprawiaj\u0105, \u017ce ta \u0142azienka staje si\u0119 idealnym miejscem relaksu. Po\u0142\u0105czenie ciep\u0142a drewna z surowo\u015bci\u0105 kamienia tworzy wyj\u0105tkowy klimat, kt\u00f3ry podkre\u015bla nowoczesny charakter wn\u0119trza. Okr\u0105g\u0142e lustro dodaje subtelnej lekko\u015bci, a przestronna wolnostoj\u0105ca wanna zach\u0119ca do odpr\u0119\u017cenia po d\u0142ugim dniu. Minimalistyczna forma i funkcjonalne rozwi\u0105zania \u0142\u0105cz\u0105&hellip;&nbsp;Read More &raquo;Naturalna harmonia w nowoczesnej \u0142azience","og_url":"https:\/\/rynkowskidesign.pl\/index.php\/naturalna-harmonia-w-nowoczesnej-lazience\/","og_site_name":"Architekt Pozna\u0144 - projekty dom\u00f3w, projekty wn\u0119trz","article_publisher":"https:\/\/www.facebook.com\/RynkowskiDesign","article_modified_time":"2025-01-14T17:24:36+00:00","og_image":[{"url":"https:\/\/rynkowskidesign.pl\/wp-content\/uploads\/2025\/01\/1-1024x1024.jpeg"}],"twitter_card":"summary_large_image","twitter_misc":{"Est. reading time":"2 minutes"},"schema":{"@context":"https:\/\/schema.org","@graph":[{"@type":"WebPage","@id":"https:\/\/rynkowskidesign.pl\/index.php\/naturalna-harmonia-w-nowoczesnej-lazience\/","url":"https:\/\/rynkowskidesign.pl\/index.php\/naturalna-harmonia-w-nowoczesnej-lazience\/","name":"Naturalna harmonia w nowoczesnej \u0142azience - Architekt Pozna\u0144 - projekty dom\u00f3w, projekty wn\u0119trz","isPartOf":{"@id":"https:\/\/rynkowskidesign.pl\/#website"},"datePublished":"2025-01-14T17:24:33+00:00","dateModified":"2025-01-14T17:24:36+00:00","breadcrumb":{"@id":"https:\/\/rynkowskidesign.pl\/index.php\/naturalna-harmonia-w-nowoczesnej-lazience\/#breadcrumb"},"inLanguage":"en-US","potentialAction":[{"@type":"ReadAction","target":["https:\/\/rynkowskidesign.pl\/index.php\/naturalna-harmonia-w-nowoczesnej-lazience\/"]}]},{"@type":"BreadcrumbList","@id":"https:\/\/rynkowskidesign.pl\/index.php\/naturalna-harmonia-w-nowoczesnej-lazience\/#breadcrumb","itemListElement":[{"@type":"ListItem","position":1,"name":"Home","item":"https:\/\/rynkowskidesign.pl\/"},{"@type":"ListItem","position":2,"name":"Naturalna harmonia w nowoczesnej \u0142azience"}]},{"@type":"WebSite","@id":"https:\/\/rynkowskidesign.pl\/#website","url":"https:\/\/rynkowskidesign.pl\/","name":"Architekt Pozna\u0144 - projekty dom\u00f3w, projekty wn\u0119trz","description":"Rynkowski Design","publisher":{"@id":"https:\/\/rynkowskidesign.pl\/#organization"},"potentialAction":[{"@type":"SearchAction","target":{"@type":"EntryPoint","urlTemplate":"https:\/\/rynkowskidesign.pl\/?s={search_term_string}"},"query-input":"required name=search_term_string"}],"inLanguage":"en-US"},{"@type":"Organization","@id":"https:\/\/rynkowskidesign.pl\/#organization","name":"Rynkowski Design","url":"https:\/\/rynkowskidesign.pl\/","logo":{"@type":"ImageObject","inLanguage":"en-US","@id":"https:\/\/rynkowskidesign.pl\/#\/schema\/logo\/image\/","url":"https:\/\/rynkowskidesign.pl\/wp-content\/uploads\/2018\/05\/cropped-2.png","contentUrl":"https:\/\/rynkowskidesign.pl\/wp-content\/uploads\/2018\/05\/cropped-2.png","width":512,"height":512,"caption":"Rynkowski Design"},"image":{"@id":"https:\/\/rynkowskidesign.pl\/#\/schema\/logo\/image\/"},"sameAs":["https:\/\/www.facebook.com\/RynkowskiDesign","https:\/\/www.instagram.com\/rynkowskidesign\/","https:\/\/www.youtube.com\/channel\/UCzBFs6JGA0RxNvGBJmxe5nQ"]}]}},"_links":{"self":[{"href":"https:\/\/rynkowskidesign.pl\/index.php\/wp-json\/wp\/v2\/pages\/4738"}],"collection":[{"href":"https:\/\/rynkowskidesign.pl\/index.php\/wp-json\/wp\/v2\/pages"}],"about":[{"href":"https:\/\/rynkowskidesign.pl\/index.php\/wp-json\/wp\/v2\/types\/page"}],"author":[{"embeddable":true,"href":"https:\/\/rynkowskidesign.pl\/index.php\/wp-json\/wp\/v2\/users\/1"}],"replies":[{"embeddable":true,"href":"https:\/\/rynkowskidesign.pl\/index.php\/wp-json\/wp\/v2\/comments?post=4738"}],"version-history":[{"count":1,"href":"https:\/\/rynkowskidesign.pl\/index.php\/wp-json\/wp\/v2\/pages\/4738\/revisions"}],"predecessor-version":[{"id":4744,"href":"https:\/\/rynkowskidesign.pl\/index.php\/wp-json\/wp\/v2\/pages\/4738\/revisions\/4744"}],"wp:attachment":[{"href":"https:\/\/rynkowskidesign.pl\/index.php\/wp-json\/wp\/v2\/media?parent=4738"}],"curies":[{"name":"wp","href":"https:\/\/api.w.org\/{rel}","templated":true}]}}